{"id":9664,"date":"2026-02-07T04:40:09","date_gmt":"2026-02-07T04:40:09","guid":{"rendered":"https:\/\/observatoirenature.org\/observatorio\/?page_id=9664"},"modified":"2026-02-09T13:41:58","modified_gmt":"2026-02-09T13:41:58","slug":"pemadeshkodeyong-rice-lake-une-decision-historique-en-ontario","status":"publish","type":"page","link":"https:\/\/observatoirenature.org\/observatorio\/pemadeshkodeyong-rice-lake-une-decision-historique-en-ontario\/","title":{"rendered":"Pemadeshkodeyong \/ Rice Lake: Une d\u00e9cision historique en Ontario"},"content":{"rendered":"\t\t<div data-elementor-type=\"wp-page\" data-elementor-id=\"9664\" class=\"elementor elementor-9664\" data-elementor-post-type=\"page\">\n\t\t\t\t<div class=\"elementor-element elementor-element-5828bcd hero e-flex e-con-boxed e-con e-parent\" data-id=\"5828bcd\" data-element_type=\"container\" data-settings=\"{&quot;background_background&quot;:&quot;classic&quot;}\">\n\t\t\t\t\t<div class=\"e-con-inner\">\n\t\t<div class=\"elementor-element elementor-element-c7c29ad e-con-full e-flex e-con e-child\" data-id=\"c7c29ad\" data-element_type=\"container\">\n\t\t\t\t<div class=\"elementor-element elementor-element-2bb516f elementor-invisible elementor-widget elementor-widget-heading\" data-id=\"2bb516f\" data-element_type=\"widget\" data-settings=\"{&quot;_animation&quot;:&quot;slideInDown&quot;}\" data-widget_type=\"heading.default\">\n\t\t\t\t<div class=\"elementor-widget-container\">\n\t\t\t\t\t<h1 class=\"elementor-heading-title elementor-size-default\">Pemadeshkodeyong <br> Rice Lake: <br class=\"hidden-mobile\"> <span class=\"subheading\">Une d\u00e9cision historique en Ontario<span><\/h1>\t\t\t\t<\/div>\n\t\t\t\t<\/div>\n\t\t\t\t<\/div>\n\t\t\t\t<div class=\"elementor-element elementor-element-360f068 elementor-widget__width-initial elementor-absolute cover-image-source elementor-widget elementor-widget-text-editor\" data-id=\"360f068\" data-element_type=\"widget\" data-settings=\"{&quot;_position&quot;:&quot;absolute&quot;}\" data-widget_type=\"text-editor.default\">\n\t\t\t\t<div class=\"elementor-widget-container\">\n\t\t\t\t\t\t\t\t\t<p><strong>Source:<\/strong> Auteur<\/p>\t\t\t\t\t\t\t\t<\/div>\n\t\t\t\t<\/div>\n\t\t\t\t\t<\/div>\n\t\t\t\t<\/div>\n\t\t<div class=\"elementor-element elementor-element-6f2e6b1 e-flex e-con-boxed e-con e-parent\" data-id=\"6f2e6b1\" data-element_type=\"container\">\n\t\t\t\t\t<div class=\"e-con-inner\">\n\t\t<div class=\"elementor-element elementor-element-9964b77 e-con-full e-flex e-con e-child\" data-id=\"9964b77\" data-element_type=\"container\">\n\t\t\t\t<div class=\"elementor-element elementor-element-ef5f09b elementor-widget elementor-widget-image\" data-id=\"ef5f09b\" data-element_type=\"widget\" data-widget_type=\"image.default\">\n\t\t\t\t<div class=\"elementor-widget-container\">\n\t\t\t\t\t\t\t\t\t\t\t\t\t\t\t<img fetchpriority=\"high\" decoding=\"async\" width=\"771\" height=\"1024\" src=\"https:\/\/observatoirenature.org\/observatorio\/wp-content\/uploads\/2026\/02\/Rice-Lake-img-1-771x1024.webp\" class=\"attachment-large size-large wp-image-9672\" alt=\"\" srcset=\"https:\/\/observatoirenature.org\/observatorio\/wp-content\/uploads\/2026\/02\/Rice-Lake-img-1-771x1024.webp 771w, https:\/\/observatoirenature.org\/observatorio\/wp-content\/uploads\/2026\/02\/Rice-Lake-img-1-226x300.webp 226w, https:\/\/observatoirenature.org\/observatorio\/wp-content\/uploads\/2026\/02\/Rice-Lake-img-1-768x1020.webp 768w, https:\/\/observatoirenature.org\/observatorio\/wp-content\/uploads\/2026\/02\/Rice-Lake-img-1-1157x1536.webp 1157w, https:\/\/observatoirenature.org\/observatorio\/wp-content\/uploads\/2026\/02\/Rice-Lake-img-1-1542x2048.webp 1542w, https:\/\/observatoirenature.org\/observatorio\/wp-content\/uploads\/2026\/02\/Rice-Lake-img-1-scaled.webp 1928w\" sizes=\"(max-width: 771px) 100vw, 771px\" \/>\t\t\t\t\t\t\t\t\t\t\t\t\t\t\t<\/div>\n\t\t\t\t<\/div>\n\t\t\t\t<\/div>\n\t\t<div class=\"elementor-element elementor-element-70e8a10 e-con-full e-flex e-con e-child\" data-id=\"70e8a10\" data-element_type=\"container\">\n\t\t\t\t<div class=\"elementor-element elementor-element-ee014ee elementor-widget elementor-widget-text-editor\" data-id=\"ee014ee\" data-element_type=\"widget\" data-widget_type=\"text-editor.default\">\n\t\t\t\t<div class=\"elementor-widget-container\">\n\t\t\t\t\t\t\t\t\t<p><span style=\"font-weight: 400;\">Le 18 novembre 2025, la Premi\u00e8re Nation d\u2019Alderville, en partenariat avec l\u2019Observatoire international des droits de la Nature, a annonc\u00e9 officiellement la reconnaissance de la personnalit\u00e9 juridique et des droits du Pemadeshkodeyong\/Lac Rice.<\/span><\/p><p><span style=\"font-weight: 400;\">Cette reconnaissance positionne le Pemadeshkodeyong\/Lac Rice non plus comme une simple ressource, mais comme un sujet de droits intrins\u00e8ques. Cette d\u00e9cision vise \u00e0 renforcer la protection de cet \u00e9cosyst\u00e8me, tout en reconnaissant les liens profonds entre la communaut\u00e9 et le lac. Il s&#8217;agit d&#8217;une premi\u00e8re en Ontario, ce qui ouvre une voie puissante et inspirante pour d&#8217;autres communaut\u00e9s.\u00a0<\/span><\/p><p><span style=\"font-weight: 400;\">Ancr\u00e9e dans la loi et la philosophie Anishinaabe, la r\u00e9solution affirme que tous les \u00eatres sont vivants et sacr\u00e9s (pimaatiziwin) et que les humains ont des responsabilit\u00e9s r\u00e9ciproques envers l&#8217;eau, la terre et tous nos parents plus qu&#8217;humains. Les eaux, les zones humides et l&#8217;ensemble de l&#8217;\u00e9cosyst\u00e8me de Pimadashkodeyong\/Rice Lake jouent un r\u00f4le essentiel dans le maintien de la biodiversit\u00e9, l&#8217;\u00e9quilibre \u00e9cologique, le stockage du carbone, la r\u00e9gulation du climat et le bien-\u00eatre physique, culturel et spirituel des Anishinaabe et des communaut\u00e9s environnantes.<\/span><\/p>\t\t\t\t\t\t\t\t<\/div>\n\t\t\t\t<\/div>\n\t\t\t\t<\/div>\n\t\t\t\t\t<\/div>\n\t\t\t\t<\/div>\n\t\t<div class=\"elementor-element elementor-element-ae199bd e-flex e-con-boxed e-con e-parent\" data-id=\"ae199bd\" data-element_type=\"container\">\n\t\t\t\t\t<div class=\"e-con-inner\">\n\t\t<div class=\"elementor-element elementor-element-819e879 e-con-full e-flex e-con e-child\" data-id=\"819e879\" data-element_type=\"container\">\n\t\t\t\t<div class=\"elementor-element elementor-element-bf6a0d4 elementor-widget elementor-widget-heading\" data-id=\"bf6a0d4\" data-element_type=\"widget\" data-widget_type=\"heading.default\">\n\t\t\t\t<div class=\"elementor-widget-container\">\n\t\t\t\t\t<h2 class=\"elementor-heading-title elementor-size-default\">\u00c0 la <span style=\"color:#3CBA39\">COP 30<\/span><\/h2>\t\t\t\t<\/div>\n\t\t\t\t<\/div>\n\t\t\t\t<div class=\"elementor-element elementor-element-5aaff9b elementor-widget elementor-widget-text-editor\" data-id=\"5aaff9b\" data-element_type=\"widget\" data-widget_type=\"text-editor.default\">\n\t\t\t\t<div class=\"elementor-widget-container\">\n\t\t\t\t\t\t\t\t\t<p><span style=\"font-weight: 400;\">Cette initiative s&#8217;inscrit dans l&#8217;esprit de la COP-30 \u00e0 Bel\u00e9m, au Br\u00e9sil, dont le th\u00e8me \u00ab <\/span><i><span style=\"font-weight: 400;\">Mutir\u00e3o<\/span><\/i><span style=\"font-weight: 400;\">\u00bb, qui signifie effort collectif, invite le monde \u00e0 s&#8217;unir pour la protection de la plan\u00e8te. L\u2019annonce\u00a0 a eu lieu aux portes de l\u2019Amazonie, un lieu particuli\u00e8rement symbolique, \u00e0 l\u2019occasion de l\u2019\u00e9v\u00e8nement parall\u00e8le \u201cDonner des droits \u00e0 la Nature pour renforcer l\u2019action climatique\u201d au sein du Pavillon Canada lors de la COP-30 \u00e0 Bel\u00e9m, Br\u00e9sil.<\/span><\/p>\t\t\t\t\t\t\t\t<\/div>\n\t\t\t\t<\/div>\n\t\t\t\t<\/div>\n\t\t<div class=\"elementor-element elementor-element-4deaf5c e-con-full e-flex e-con e-child\" data-id=\"4deaf5c\" data-element_type=\"container\">\n\t\t\t\t<div class=\"elementor-element elementor-element-880449d elementor-widget elementor-widget-image\" data-id=\"880449d\" data-element_type=\"widget\" data-widget_type=\"image.default\">\n\t\t\t\t<div class=\"elementor-widget-container\">\n\t\t\t\t\t\t\t\t\t\t\t\t\t\t\t<img decoding=\"async\" width=\"926\" height=\"1024\" src=\"https:\/\/observatoirenature.org\/observatorio\/wp-content\/uploads\/2026\/02\/Rice-Lake-img-7-926x1024.webp\" class=\"attachment-large size-large wp-image-9704\" alt=\"\" srcset=\"https:\/\/observatoirenature.org\/observatorio\/wp-content\/uploads\/2026\/02\/Rice-Lake-img-7-926x1024.webp 926w, https:\/\/observatoirenature.org\/observatorio\/wp-content\/uploads\/2026\/02\/Rice-Lake-img-7-271x300.webp 271w, https:\/\/observatoirenature.org\/observatorio\/wp-content\/uploads\/2026\/02\/Rice-Lake-img-7-768x849.webp 768w, https:\/\/observatoirenature.org\/observatorio\/wp-content\/uploads\/2026\/02\/Rice-Lake-img-7-1389x1536.webp 1389w, https:\/\/observatoirenature.org\/observatorio\/wp-content\/uploads\/2026\/02\/Rice-Lake-img-7-1853x2048.webp 1853w\" sizes=\"(max-width: 926px) 100vw, 926px\" \/>\t\t\t\t\t\t\t\t\t\t\t\t\t\t\t<\/div>\n\t\t\t\t<\/div>\n\t\t\t\t<\/div>\n\t\t\t\t\t<\/div>\n\t\t\t\t<\/div>\n\t\t<div class=\"elementor-element elementor-element-2250e4c e-flex e-con-boxed e-con e-parent\" data-id=\"2250e4c\" data-element_type=\"container\">\n\t\t\t\t\t<div class=\"e-con-inner\">\n\t\t<div class=\"elementor-element elementor-element-08904e1 e-con-full e-flex e-con e-child\" data-id=\"08904e1\" data-element_type=\"container\">\n\t\t\t\t<div class=\"elementor-element elementor-element-4f63fc6 elementor-widget elementor-widget-image\" data-id=\"4f63fc6\" data-element_type=\"widget\" data-widget_type=\"image.default\">\n\t\t\t\t<div class=\"elementor-widget-container\">\n\t\t\t\t\t\t\t\t\t\t\t\t\t\t\t<img decoding=\"async\" width=\"768\" height=\"1024\" src=\"https:\/\/observatoirenature.org\/observatorio\/wp-content\/uploads\/2026\/02\/Rice-Lake-img-6-768x1024.webp\" class=\"attachment-large size-large wp-image-9703\" alt=\"\" srcset=\"https:\/\/observatoirenature.org\/observatorio\/wp-content\/uploads\/2026\/02\/Rice-Lake-img-6-768x1024.webp 768w, https:\/\/observatoirenature.org\/observatorio\/wp-content\/uploads\/2026\/02\/Rice-Lake-img-6-225x300.webp 225w, https:\/\/observatoirenature.org\/observatorio\/wp-content\/uploads\/2026\/02\/Rice-Lake-img-6-1152x1536.webp 1152w, https:\/\/observatoirenature.org\/observatorio\/wp-content\/uploads\/2026\/02\/Rice-Lake-img-6-1536x2048.webp 1536w, https:\/\/observatoirenature.org\/observatorio\/wp-content\/uploads\/2026\/02\/Rice-Lake-img-6-scaled.webp 1920w\" sizes=\"(max-width: 768px) 100vw, 768px\" \/>\t\t\t\t\t\t\t\t\t\t\t\t\t\t\t<\/div>\n\t\t\t\t<\/div>\n\t\t\t\t<\/div>\n\t\t<div class=\"elementor-element elementor-element-7bc9dfb e-con-full e-flex e-con e-child\" data-id=\"7bc9dfb\" data-element_type=\"container\">\n\t\t\t\t<div class=\"elementor-element elementor-element-8577e2a elementor-widget elementor-widget-image\" data-id=\"8577e2a\" data-element_type=\"widget\" data-widget_type=\"image.default\">\n\t\t\t\t<div class=\"elementor-widget-container\">\n\t\t\t\t\t\t\t\t\t\t\t\t\t\t\t<img loading=\"lazy\" decoding=\"async\" width=\"771\" height=\"1024\" src=\"https:\/\/observatoirenature.org\/observatorio\/wp-content\/uploads\/2026\/02\/Rice-Lake-img-5-771x1024.webp\" class=\"attachment-large size-large wp-image-9676\" alt=\"\" srcset=\"https:\/\/observatoirenature.org\/observatorio\/wp-content\/uploads\/2026\/02\/Rice-Lake-img-5-771x1024.webp 771w, https:\/\/observatoirenature.org\/observatorio\/wp-content\/uploads\/2026\/02\/Rice-Lake-img-5-226x300.webp 226w, https:\/\/observatoirenature.org\/observatorio\/wp-content\/uploads\/2026\/02\/Rice-Lake-img-5-768x1020.webp 768w, https:\/\/observatoirenature.org\/observatorio\/wp-content\/uploads\/2026\/02\/Rice-Lake-img-5-1157x1536.webp 1157w, https:\/\/observatoirenature.org\/observatorio\/wp-content\/uploads\/2026\/02\/Rice-Lake-img-5-1542x2048.webp 1542w, https:\/\/observatoirenature.org\/observatorio\/wp-content\/uploads\/2026\/02\/Rice-Lake-img-5-scaled.webp 1928w\" sizes=\"(max-width: 771px) 100vw, 771px\" \/>\t\t\t\t\t\t\t\t\t\t\t\t\t\t\t<\/div>\n\t\t\t\t<\/div>\n\t\t\t\t<\/div>\n\t\t\t\t\t<\/div>\n\t\t\t\t<\/div>\n\t\t<div class=\"elementor-element elementor-element-e2b056f e-flex e-con-boxed e-con e-parent\" data-id=\"e2b056f\" data-element_type=\"container\">\n\t\t\t\t\t<div class=\"e-con-inner\">\n\t\t<div class=\"elementor-element elementor-element-cbaab85 e-con-full e-flex e-con e-child\" data-id=\"cbaab85\" data-element_type=\"container\">\n\t\t\t\t<div class=\"elementor-element elementor-element-d45d590 elementor-widget elementor-widget-heading\" data-id=\"d45d590\" data-element_type=\"widget\" data-widget_type=\"heading.default\">\n\t\t\t\t<div class=\"elementor-widget-container\">\n\t\t\t\t\t<h2 class=\"elementor-heading-title elementor-size-default\">On en parle <span style=\"color:#3CBA39\">dans la presse<\/span> <\/h2>\t\t\t\t<\/div>\n\t\t\t\t<\/div>\n\t\t\t\t<div class=\"elementor-element elementor-element-546b0f7 elementor-widget elementor-widget-heading\" data-id=\"546b0f7\" data-element_type=\"widget\" data-widget_type=\"heading.default\">\n\t\t\t\t<div class=\"elementor-widget-container\">\n\t\t\t\t\t<h3 class=\"elementor-heading-title elementor-size-default\"><a href=\"https:\/\/observatoirenature.org\/observatorio\/wp-content\/uploads\/2024\/11\/OIDN-COP16-Communique-de-presse.pdf\" target=\"_blank\" rel=\"nofollow\">Articles:<\/a><\/h3>\t\t\t\t<\/div>\n\t\t\t\t<\/div>\n\t\t\t\t<div class=\"elementor-element elementor-element-cb14297 elementor-widget elementor-widget-text-editor\" data-id=\"cb14297\" data-element_type=\"widget\" data-widget_type=\"text-editor.default\">\n\t\t\t\t<div class=\"elementor-widget-container\">\n\t\t\t\t\t\t\t\t\t<ul><li aria-level=\"1\"><a href=\"https:\/\/anishinabeknews.ca\/2025\/12\/first-nation-spearheads-legal-personhood-recognition-of-rice-lake\/\" target=\"_blank\" rel=\"noopener\">First Nation spearheads legal personhood recognition of Rice Lake<\/a><\/li><li aria-level=\"1\"><a href=\"https:\/\/ici.radio-canada.ca\/rci\/en\/news\/2208749\/cop30-first-nation-alderville-nature-rights\" target=\"_blank\" rel=\"noopener\">[Report] First Nation in Canada adopts major resolution, highlights nature rights at COP30<\/a><\/li><li style=\"font-weight: 400;\" aria-level=\"1\"><a href=\"https:\/\/ici.radio-canada.ca\/rci\/fr\/nouvelle\/2208719\/cop30-nation-ojibwe-alderville-droits-nature\" target=\"_blank\" rel=\"noopener\"><span style=\"font-weight: 400;\">[Reportage] COP30 : une Premi\u00e8re Nation au Canada met de l\u2019avant les droits de la nature<\/span><\/a><\/li><li style=\"font-weight: 400;\" aria-level=\"1\"><a href=\"https:\/\/ici-radio--canada-ca.translate.goog\/rci\/es\/noticia\/2208483\/reportaje-cop30-primera-nacion-de-canada-otorga-derechos-a-su-lago-tradicional?_x_tr_sl=es&amp;_x_tr_tl=fr&amp;_x_tr_hl=fr&amp;_x_tr_pto=wapp\" target=\"_blank\" rel=\"noopener\">[Reportaje] COP30: Primera Naci\u00f3n en Canad\u00e1 otorga derechos a su lago tradicional<\/a><\/li><\/ul>\t\t\t\t\t\t\t\t<\/div>\n\t\t\t\t<\/div>\n\t\t\t\t<div class=\"elementor-element elementor-element-c717495 elementor-widget elementor-widget-heading\" data-id=\"c717495\" data-element_type=\"widget\" data-widget_type=\"heading.default\">\n\t\t\t\t<div class=\"elementor-widget-container\">\n\t\t\t\t\t<h3 class=\"elementor-heading-title elementor-size-default\"><a href=\"https:\/\/observatoirenature.org\/observatorio\/wp-content\/uploads\/2024\/11\/OIDN-COP16-Communique-de-presse.pdf\" target=\"_blank\" rel=\"nofollow\">Podcast: <\/a><\/h3>\t\t\t\t<\/div>\n\t\t\t\t<\/div>\n\t\t\t\t<div class=\"elementor-element elementor-element-bb8af77 elementor-widget elementor-widget-text-editor\" data-id=\"bb8af77\" data-element_type=\"widget\" data-widget_type=\"text-editor.default\">\n\t\t\t\t<div class=\"elementor-widget-container\">\n\t\t\t\t\t\t\t\t\t<ul><li><a href=\"https:\/\/share.google\/vgWoh1une6mA1WLps\" target=\"_blank\" rel=\"noopener\">Alderville band council takes historic step towards personhood for Rice Lake, says chief<\/a><\/li><\/ul>\t\t\t\t\t\t\t\t<\/div>\n\t\t\t\t<\/div>\n\t\t\t\t<\/div>\n\t\t\t\t\t<\/div>\n\t\t\t\t<\/div>\n\t\t\t\t<\/div>\n\t\t","protected":false},"excerpt":{"rendered":"<p>Pemadeshkodeyong Rice Lake: Une d\u00e9cision historique en Ontario Source: Auteur Le 18 novembre 2025, la Premi\u00e8re Nation d\u2019Alderville, en partenariat avec l\u2019Observatoire international des droits de la Nature, a annonc\u00e9 officiellement la reconnaissance de la personnalit\u00e9 juridique et des droits du Pemadeshkodeyong\/Lac Rice. Cette reconnaissance positionne le Pemadeshkodeyong\/Lac Rice non plus comme une simple ressource, [&hellip;]<\/p>\n","protected":false},"author":1,"featured_media":0,"parent":0,"menu_order":0,"comment_status":"closed","ping_status":"closed","template":"elementor_header_footer","meta":{"site-sidebar-layout":"no-sidebar","site-content-layout":"page-builder","ast-site-content-layout":"full-width-container","site-content-style":"default","site-sidebar-style":"default","ast-global-header-display":"","ast-banner-title-visibility":"","ast-main-header-display":"","ast-hfb-above-header-display":"","ast-hfb-below-header-display":"","ast-hfb-mobile-header-display":"","site-post-title":"","ast-breadcrumbs-content":"","ast-featured-img":"disabled","footer-sml-layout":"","ast-disable-related-posts":"","theme-transparent-header-meta":"","adv-header-id-meta":"","stick-header-meta":"","header-above-stick-meta":"","header-main-stick-meta":"","header-below-stick-meta":"","astra-migrate-meta-layouts":"set","ast-page-background-enabled":"default","ast-page-background-meta":{"desktop":{"background-color":"var(--ast-global-color-4)","background-image":"","background-repeat":"repeat","background-position":"center center","background-size":"auto","background-attachment":"scroll","background-type":"","background-media":"","overlay-type":"","overlay-color":"","overlay-opacity":"","overlay-gradient":""},"tablet":{"background-color":"","background-image":"","background-repeat":"repeat","background-position":"center center","background-size":"auto","background-attachment":"scroll","background-type":"","background-media":"","overlay-type":"","overlay-color":"","overlay-opacity":"","overlay-gradient":""},"mobile":{"background-color":"","background-image":"","background-repeat":"repeat","background-position":"center center","background-size":"auto","background-attachment":"scroll","background-type":"","background-media":"","overlay-type":"","overlay-color":"","overlay-opacity":"","overlay-gradient":""}},"ast-content-background-meta":{"desktop":{"background-color":"var(--ast-global-color-5)","background-image":"","background-repeat":"repeat","background-position":"center center","background-size":"auto","background-attachment":"scroll","background-type":"","background-media":"","overlay-type":"","overlay-color":"","overlay-opacity":"","overlay-gradient":""},"tablet":{"background-color":"var(--ast-global-color-5)","background-image":"","background-repeat":"repeat","background-position":"center center","background-size":"auto","background-attachment":"scroll","background-type":"","background-media":"","overlay-type":"","overlay-color":"","overlay-opacity":"","overlay-gradient":""},"mobile":{"background-color":"var(--ast-global-color-5)","background-image":"","background-repeat":"repeat","background-position":"center center","background-size":"auto","background-attachment":"scroll","background-type":"","background-media":"","overlay-type":"","overlay-color":"","overlay-opacity":"","overlay-gradient":""}},"footnotes":""},"class_list":["post-9664","page","type-page","status-publish","hentry"],"_links":{"self":[{"href":"https:\/\/observatoirenature.org\/observatorio\/wp-json\/wp\/v2\/pages\/9664","targetHints":{"allow":["GET"]}}],"collection":[{"href":"https:\/\/observatoirenature.org\/observatorio\/wp-json\/wp\/v2\/pages"}],"about":[{"href":"https:\/\/observatoirenature.org\/observatorio\/wp-json\/wp\/v2\/types\/page"}],"author":[{"embeddable":true,"href":"https:\/\/observatoirenature.org\/observatorio\/wp-json\/wp\/v2\/users\/1"}],"replies":[{"embeddable":true,"href":"https:\/\/observatoirenature.org\/observatorio\/wp-json\/wp\/v2\/comments?post=9664"}],"version-history":[{"count":28,"href":"https:\/\/observatoirenature.org\/observatorio\/wp-json\/wp\/v2\/pages\/9664\/revisions"}],"predecessor-version":[{"id":9714,"href":"https:\/\/observatoirenature.org\/observatorio\/wp-json\/wp\/v2\/pages\/9664\/revisions\/9714"}],"wp:attachment":[{"href":"https:\/\/observatoirenature.org\/observatorio\/wp-json\/wp\/v2\/media?parent=9664"}],"curies":[{"name":"wp","href":"https:\/\/api.w.org\/{rel}","templated":true}]}}