{"id":9648,"date":"2026-02-07T04:33:05","date_gmt":"2026-02-07T04:33:05","guid":{"rendered":"https:\/\/observatoirenature.org\/observatorio\/?page_id=9648"},"modified":"2026-02-07T04:35:28","modified_gmt":"2026-02-07T04:35:28","slug":"biodiversidad-cop15","status":"publish","type":"page","link":"https:\/\/observatoirenature.org\/observatorio\/es\/biodiversidad-cop15\/","title":{"rendered":"Biodiversidad COP15"},"content":{"rendered":"\t\t<div data-elementor-type=\"wp-page\" data-elementor-id=\"9648\" class=\"elementor elementor-9648\" data-elementor-post-type=\"page\">\n\t\t\t\t<div class=\"elementor-element elementor-element-94c4cd7 hero e-flex e-con-boxed e-con e-parent\" data-id=\"94c4cd7\" data-element_type=\"container\" data-settings=\"{&quot;background_background&quot;:&quot;classic&quot;}\">\n\t\t\t\t\t<div class=\"e-con-inner\">\n\t\t<div class=\"elementor-element elementor-element-eadbc1f e-con-full e-flex e-con e-child\" data-id=\"eadbc1f\" data-element_type=\"container\">\n\t\t\t\t<div class=\"elementor-element elementor-element-ef4329b elementor-invisible elementor-widget elementor-widget-heading\" data-id=\"ef4329b\" data-element_type=\"widget\" data-settings=\"{&quot;_animation&quot;:&quot;slideInDown&quot;}\" data-widget_type=\"heading.default\">\n\t\t\t\t<div class=\"elementor-widget-container\">\n\t\t\t\t\t<h1 class=\"elementor-heading-title elementor-size-default\">Conferencia de las Naciones Unidas sobre Biodiversidad <br> COP15<\/h1>\t\t\t\t<\/div>\n\t\t\t\t<\/div>\n\t\t\t\t<\/div>\n\t\t\t\t<div class=\"elementor-element elementor-element-099e9df elementor-widget__width-initial elementor-absolute cover-image-source blue elementor-widget elementor-widget-text-editor\" data-id=\"099e9df\" data-element_type=\"widget\" data-settings=\"{&quot;_position&quot;:&quot;absolute&quot;}\" data-widget_type=\"text-editor.default\">\n\t\t\t\t<div class=\"elementor-widget-container\">\n\t\t\t\t\t\t\t\t\t<p><strong>Image Source:<\/strong> <a href=\"https:\/\/commons.wikimedia.org\/wiki\/File:22dec07-COP15-COP-Opening-5736_%2852549489628%29.jpg\" target=\"_blank\" rel=\"noopener\">Wikimedia Commons<\/a><\/p>\t\t\t\t\t\t\t\t<\/div>\n\t\t\t\t<\/div>\n\t\t\t\t\t<\/div>\n\t\t\t\t<\/div>\n\t\t<div class=\"elementor-element elementor-element-3d14692 e-flex e-con-boxed e-con e-parent\" data-id=\"3d14692\" data-element_type=\"container\">\n\t\t\t\t\t<div class=\"e-con-inner\">\n\t\t<div class=\"elementor-element elementor-element-f60fdfc e-con-full e-flex e-con e-child\" data-id=\"f60fdfc\" data-element_type=\"container\">\n\t\t\t\t<div class=\"elementor-element elementor-element-d7b2b1b elementor-widget elementor-widget-heading\" data-id=\"d7b2b1b\" data-element_type=\"widget\" data-widget_type=\"heading.default\">\n\t\t\t\t<div class=\"elementor-widget-container\">\n\t\t\t\t\t<h2 class=\"elementor-heading-title elementor-size-default\">Conferencia de la ONU sobre Biodiversidad <span style=\"color:#3CBA39\">(COP15)<\/span><\/h2>\t\t\t\t<\/div>\n\t\t\t\t<\/div>\n\t\t\t\t<div class=\"elementor-element elementor-element-606e48f elementor-widget elementor-widget-text-editor\" data-id=\"606e48f\" data-element_type=\"widget\" data-widget_type=\"text-editor.default\">\n\t\t\t\t<div class=\"elementor-widget-container\">\n\t\t\t\t\t\t\t\t\t<p>El Marco Mundial para la Biodiversidad Kunming-Montreal se firm\u00f3 en la COP 15 celebrada en Montreal en diciembre de 2022. Este documento es hist\u00f3rico puesto que reconoci\u00f3 los Derechos de la Naturaleza como mecanismo de apoyo para la aplicaci\u00f3n de las estrategias nacionales de biodiversidad.<\/p><p>En concreto, la secci\u00f3n C, que expone las consideraciones para la aplicaci\u00f3n del Marco Mundial para la Diversidad Biol\u00f3gica de Kunming-Montreal, destaca las importantes funciones y contribuciones de los pueblos ind\u00edgenas y las comunidades locales como custodios de la biodiversidad y socios en su conservaci\u00f3n, restauraci\u00f3n y uso sostenible.<\/p><p>Adem\u00e1s, el marco global reconoce la existencia de diversos sistemas de valores y tiene en cuenta en su lenguaje el t\u00e9rmino Madre Tierra. En este sentido, el texto reconoce y considera los derechos de la Naturaleza y los derechos de la Madre Tierra como parte integrante de la aplicaci\u00f3n del marco.<\/p><p>En la misma l\u00ednea, el Objetivo 19 (f) del Marco Global para la Biodiversidad dice lo siguiente<\/p><p>\u00abf) Fortalecer el papel de las acciones colectivas, incluidas las de los pueblos ind\u00edgenas y las comunidades locales, las acciones centradas en la Madre Tierra y los enfoques no basados en el mercado, incluida la gesti\u00f3n comunitaria de los recursos naturales y la cooperaci\u00f3n y solidaridad de la sociedad civil, para la conservaci\u00f3n de la biodiversidad.\u00bb<\/p><p>Debemos saber que las acciones centradas en la Madre Tierra se describen de la siguiente manera en el texto:<\/p><p>\u00abUn enfoque ecoc\u00e9ntrico y basado en los derechos que permita la implementaci\u00f3n de acciones dirigidas a establecer relaciones armoniosas y complementarias entre los pueblos y la naturaleza, promoviendo la continuidad de todos los seres vivos y sus comunidades, y asegurando la no comercializaci\u00f3n de las funciones ambientales de la Madre Tierra\u00bb.<\/p><p>El lenguaje utilizado en el documento, incluyendo el t\u00e9rmino \u00abMadre Tierra\u00bb, en varios contextos, reconoce simult\u00e1neamente el valor intr\u00ednseco de la Naturaleza. De hecho, muchas epistemolog\u00edas ind\u00edgenas postulan que la Naturaleza debe conceptualizarse como un ancestro con poder para actuar. Por consiguiente, desde un punto de vista epistemol\u00f3gico, corresponde a la humanidad como colectivo garantizar una gesti\u00f3n responsable del planeta.<\/p><p>En conclusi\u00f3n, este texto aboga por un enfoque global que implique al conjunto del gobierno y de la sociedad. Esto significa que, adem\u00e1s de la necesidad de voluntad pol\u00edtica, acci\u00f3n y cooperaci\u00f3n a todos los niveles de gobierno, tambi\u00e9n es necesario implicar y conseguir que todos los agentes de la sociedad trabajen juntos.<\/p>\t\t\t\t\t\t\t\t<\/div>\n\t\t\t\t<\/div>\n\t\t\t\t<\/div>\n\t\t<div class=\"elementor-element elementor-element-f63f3d2 e-con-full e-flex e-con e-child\" data-id=\"f63f3d2\" data-element_type=\"container\">\n\t\t\t\t<div class=\"elementor-element elementor-element-9c79263 elementor-widget elementor-widget-video\" data-id=\"9c79263\" data-element_type=\"widget\" data-settings=\"{&quot;youtube_url&quot;:&quot;https:\\\/\\\/youtu.be\\\/SQlUCvCo-ho?si=Cut-vLbWL4oxZOJB&quot;,&quot;video_type&quot;:&quot;youtube&quot;,&quot;controls&quot;:&quot;yes&quot;}\" data-widget_type=\"video.default\">\n\t\t\t\t<div class=\"elementor-widget-container\">\n\t\t\t\t\t\t\t<div class=\"elementor-wrapper elementor-open-inline\">\n\t\t\t<div class=\"elementor-video\"><\/div>\t\t<\/div>\n\t\t\t\t\t\t<\/div>\n\t\t\t\t<\/div>\n\t\t\t\t<\/div>\n\t\t\t\t\t<\/div>\n\t\t\t\t<\/div>\n\t\t\t\t<\/div>\n\t\t","protected":false},"excerpt":{"rendered":"<p>Conferencia de las Naciones Unidas sobre Biodiversidad COP15 Image Source: Wikimedia Commons Conferencia de la ONU sobre Biodiversidad (COP15) El Marco Mundial para la Biodiversidad Kunming-Montreal se firm\u00f3 en la COP 15 celebrada en Montreal en diciembre de 2022. Este documento es hist\u00f3rico puesto que reconoci\u00f3 los Derechos de la Naturaleza como mecanismo de apoyo [&hellip;]<\/p>\n","protected":false},"author":8,"featured_media":0,"parent":0,"menu_order":0,"comment_status":"closed","ping_status":"closed","template":"elementor_header_footer","meta":{"site-sidebar-layout":"no-sidebar","site-content-layout":"page-builder","ast-site-content-layout":"full-width-container","site-content-style":"default","site-sidebar-style":"default","ast-global-header-display":"","ast-banner-title-visibility":"","ast-main-header-display":"","ast-hfb-above-header-display":"","ast-hfb-below-header-display":"","ast-hfb-mobile-header-display":"","site-post-title":"disabled","ast-breadcrumbs-content":"","ast-featured-img":"disabled","footer-sml-layout":"","ast-disable-related-posts":"","theme-transparent-header-meta":"","adv-header-id-meta":"","stick-header-meta":"","header-above-stick-meta":"","header-main-stick-meta":"","header-below-stick-meta":"","astra-migrate-meta-layouts":"set","ast-page-background-enabled":"default","ast-page-background-meta":{"desktop":{"background-color":"var(--ast-global-color-4)","background-image":"","background-repeat":"repeat","background-position":"center center","background-size":"auto","background-attachment":"scroll","background-type":"","background-media":"","overlay-type":"","overlay-color":"","overlay-opacity":"","overlay-gradient":""},"tablet":{"background-color":"","background-image":"","background-repeat":"repeat","background-position":"center center","background-size":"auto","background-attachment":"scroll","background-type":"","background-media":"","overlay-type":"","overlay-color":"","overlay-opacity":"","overlay-gradient":""},"mobile":{"background-color":"","background-image":"","background-repeat":"repeat","background-position":"center center","background-size":"auto","background-attachment":"scroll","background-type":"","background-media":"","overlay-type":"","overlay-color":"","overlay-opacity":"","overlay-gradient":""}},"ast-content-background-meta":{"desktop":{"background-color":"var(--ast-global-color-5)","background-image":"","background-repeat":"repeat","background-position":"center center","background-size":"auto","background-attachment":"scroll","background-type":"","background-media":"","overlay-type":"","overlay-color":"","overlay-opacity":"","overlay-gradient":""},"tablet":{"background-color":"var(--ast-global-color-5)","background-image":"","background-repeat":"repeat","background-position":"center center","background-size":"auto","background-attachment":"scroll","background-type":"","background-media":"","overlay-type":"","overlay-color":"","overlay-opacity":"","overlay-gradient":""},"mobile":{"background-color":"var(--ast-global-color-5)","background-image":"","background-repeat":"repeat","background-position":"center center","background-size":"auto","background-attachment":"scroll","background-type":"","background-media":"","overlay-type":"","overlay-color":"","overlay-opacity":"","overlay-gradient":""}},"footnotes":""},"class_list":["post-9648","page","type-page","status-publish","hentry"],"_links":{"self":[{"href":"https:\/\/observatoirenature.org\/observatorio\/wp-json\/wp\/v2\/pages\/9648","targetHints":{"allow":["GET"]}}],"collection":[{"href":"https:\/\/observatoirenature.org\/observatorio\/wp-json\/wp\/v2\/pages"}],"about":[{"href":"https:\/\/observatoirenature.org\/observatorio\/wp-json\/wp\/v2\/types\/page"}],"author":[{"embeddable":true,"href":"https:\/\/observatoirenature.org\/observatorio\/wp-json\/wp\/v2\/users\/8"}],"replies":[{"embeddable":true,"href":"https:\/\/observatoirenature.org\/observatorio\/wp-json\/wp\/v2\/comments?post=9648"}],"version-history":[{"count":7,"href":"https:\/\/observatoirenature.org\/observatorio\/wp-json\/wp\/v2\/pages\/9648\/revisions"}],"predecessor-version":[{"id":9660,"href":"https:\/\/observatoirenature.org\/observatorio\/wp-json\/wp\/v2\/pages\/9648\/revisions\/9660"}],"wp:attachment":[{"href":"https:\/\/observatoirenature.org\/observatorio\/wp-json\/wp\/v2\/media?parent=9648"}],"curies":[{"name":"wp","href":"https:\/\/api.w.org\/{rel}","templated":true}]}}