{"id":9611,"date":"2026-02-07T04:21:27","date_gmt":"2026-02-07T04:21:27","guid":{"rendered":"https:\/\/observatoirenature.org\/observatorio\/?page_id=9611"},"modified":"2026-02-07T04:24:20","modified_gmt":"2026-02-07T04:24:20","slug":"cambio-climatico-cop30","status":"publish","type":"page","link":"https:\/\/observatoirenature.org\/observatorio\/es\/cambio-climatico-cop30\/","title":{"rendered":"Cambio Clim\u00e1tico COP30"},"content":{"rendered":"\t\t<div data-elementor-type=\"wp-page\" data-elementor-id=\"9611\" class=\"elementor elementor-9611\" data-elementor-post-type=\"page\">\n\t\t\t\t<div class=\"elementor-element elementor-element-dbdf68a hero e-flex e-con-boxed e-con e-parent\" data-id=\"dbdf68a\" data-element_type=\"container\" data-settings=\"{&quot;background_background&quot;:&quot;classic&quot;}\">\n\t\t\t\t\t<div class=\"e-con-inner\">\n\t\t<div class=\"elementor-element elementor-element-80ce94c e-con-full e-flex e-con e-child\" data-id=\"80ce94c\" data-element_type=\"container\">\n\t\t\t\t<div class=\"elementor-element elementor-element-f855973 elementor-invisible elementor-widget elementor-widget-heading\" data-id=\"f855973\" data-element_type=\"widget\" data-settings=\"{&quot;_animation&quot;:&quot;slideInDown&quot;}\" data-widget_type=\"heading.default\">\n\t\t\t\t<div class=\"elementor-widget-container\">\n\t\t\t\t\t<h1 class=\"elementor-heading-title elementor-size-default\">Convenci\u00f3n Marco de las Naciones Unidas sobre el Cambio Clim\u00e1tico <br>COP30<\/h1>\t\t\t\t<\/div>\n\t\t\t\t<\/div>\n\t\t\t\t<\/div>\n\t\t\t\t<div class=\"elementor-element elementor-element-879176f elementor-widget__width-initial elementor-absolute cover-image-source blue elementor-widget elementor-widget-text-editor\" data-id=\"879176f\" data-element_type=\"widget\" data-settings=\"{&quot;_position&quot;:&quot;absolute&quot;}\" data-widget_type=\"text-editor.default\">\n\t\t\t\t<div class=\"elementor-widget-container\">\n\t\t\t\t\t\t\t\t\t<p><strong>Source:<\/strong> <a href=\"https:\/\/www.pexels.com\/photo\/serene-amazon-rainforest-with-lush-greenery-reflected-in-river-28587130\/\" target=\"_blank\" rel=\"noopener\">Jean Gc<\/a><\/p>\t\t\t\t\t\t\t\t<\/div>\n\t\t\t\t<\/div>\n\t\t\t\t\t<\/div>\n\t\t\t\t<\/div>\n\t\t<div class=\"elementor-element elementor-element-db4cd5c e-flex e-con-boxed e-con e-parent\" data-id=\"db4cd5c\" data-element_type=\"container\">\n\t\t\t\t\t<div class=\"e-con-inner\">\n\t\t<div class=\"elementor-element elementor-element-a1d4b2b e-con-full e-flex e-con e-child\" data-id=\"a1d4b2b\" data-element_type=\"container\">\n\t\t\t\t<div class=\"elementor-element elementor-element-bb3b501 elementor-widget elementor-widget-heading\" data-id=\"bb3b501\" data-element_type=\"widget\" data-widget_type=\"heading.default\">\n\t\t\t\t<div class=\"elementor-widget-container\">\n\t\t\t\t\t<h2 class=\"elementor-heading-title elementor-size-default\">La 30\u00aa Conferencia de las Partes de la Convenci\u00f3n Marco de las Naciones Unidas sobre el Cambio Clim\u00e1tico <span style=\"color:#00E0F5\">(COP30)<\/span><\/h2>\t\t\t\t<\/div>\n\t\t\t\t<\/div>\n\t\t\t\t<div class=\"elementor-element elementor-element-211bfbe elementor-widget elementor-widget-text-editor\" data-id=\"211bfbe\" data-element_type=\"widget\" data-widget_type=\"text-editor.default\">\n\t\t\t\t<div class=\"elementor-widget-container\">\n\t\t\t\t\t\t\t\t\t<p>La 30\u00aa Conferencia de las Partes de la Convenci\u00f3n Marco de las Naciones Unidas sobre el Cambio Clim\u00e1tico (COP-30) se celebrar\u00e1 en Bel\u00e9m, Brasil, del 10 al 21 de noviembre de 2025. Esta edici\u00f3n, ubicada en el coraz\u00f3n de la Amazon\u00eda, se centrar\u00e1 en soluciones concretas y tambi\u00e9n har\u00e1 hincapi\u00e9 en los <b>enfoques no mercantiles<\/b>, integrando acciones ecoc\u00e9ntricas o centradas en la Madre Tierra, en las que se reconoce a la Naturaleza como sujeto de derecho.<\/p><p>El Observatorio Internacional de los Derechos de la Naturaleza (OIDN) tendr\u00e1 la misi\u00f3n durante esta COP de supervisar la implementaci\u00f3n de la integraci\u00f3n de los derechos de la Naturaleza en los compromisos clim\u00e1ticos. De hecho, las recientes opiniones consultivas emitidas en julio de 2025 por la Corte Internacional de Justicia (CIJ) y la Corte Interamericana de Derechos Humanos (CIDH) afirmaron la responsabilidad diferenciada de los Estados en la reducci\u00f3n de las emisiones de CO2 y la protecci\u00f3n de los ecosistemas, incorporando enfoques basados en los derechos humanos y los derechos de la Naturaleza.<\/p><p>En este contexto, las Partes tendr\u00e1n que proponer contribuciones nacionales ambiciosas que integren la justicia social, la protecci\u00f3n de los bosques y la resiliencia de las comunidades vulnerables, al tiempo que se honra el conocimiento ancestral y se promueven las acciones ecoc\u00e9ntricas o en la Madre Tierra.<\/p>\t\t\t\t\t\t\t\t<\/div>\n\t\t\t\t<\/div>\n\t\t\t\t<\/div>\n\t\t<div class=\"elementor-element elementor-element-37c2856 e-con-full e-flex e-con e-child\" data-id=\"37c2856\" data-element_type=\"container\">\n\t\t\t\t<div class=\"elementor-element elementor-element-2f408a3 elementor-widget elementor-widget-video\" data-id=\"2f408a3\" data-element_type=\"widget\" data-settings=\"{&quot;youtube_url&quot;:&quot;https:\\\/\\\/m.youtube.com\\\/watch?v=eTjn4Hdq1Ys&amp;feature=youtu.be&quot;,&quot;video_type&quot;:&quot;youtube&quot;,&quot;controls&quot;:&quot;yes&quot;}\" data-widget_type=\"video.default\">\n\t\t\t\t<div class=\"elementor-widget-container\">\n\t\t\t\t\t\t\t<div class=\"elementor-wrapper elementor-open-inline\">\n\t\t\t<div class=\"elementor-video\"><\/div>\t\t<\/div>\n\t\t\t\t\t\t<\/div>\n\t\t\t\t<\/div>\n\t\t\t\t<\/div>\n\t\t\t\t\t<\/div>\n\t\t\t\t<\/div>\n\t\t<div class=\"elementor-element elementor-element-26d74f7 e-flex e-con-boxed e-con e-parent\" data-id=\"26d74f7\" data-element_type=\"container\">\n\t\t\t\t\t<div class=\"e-con-inner\">\n\t\t<div class=\"elementor-element elementor-element-5992db2 e-con-full e-flex e-con e-child\" data-id=\"5992db2\" data-element_type=\"container\">\n\t\t<div class=\"elementor-element elementor-element-4bb7623 e-con-full e-flex e-con e-child\" data-id=\"4bb7623\" data-element_type=\"container\">\n\t\t<div class=\"elementor-element elementor-element-cd2d507 e-con-full e-flex e-con e-child\" data-id=\"cd2d507\" data-element_type=\"container\">\n\t\t\t\t<div class=\"elementor-element elementor-element-a435b0c elementor-widget elementor-widget-heading\" data-id=\"a435b0c\" data-element_type=\"widget\" data-widget_type=\"heading.default\">\n\t\t\t\t<div class=\"elementor-widget-container\">\n\t\t\t\t\t<h2 class=\"elementor-heading-title elementor-size-default\"><span style=\"color:#00E0F5\">COP30<\/span> - Documento de posici\u00f3n<\/h2>\t\t\t\t<\/div>\n\t\t\t\t<\/div>\n\t\t\t\t<div class=\"elementor-element elementor-element-c2ba3fb elementor-widget elementor-widget-heading\" data-id=\"c2ba3fb\" data-element_type=\"widget\" data-widget_type=\"heading.default\">\n\t\t\t\t<div class=\"elementor-widget-container\">\n\t\t\t\t\t<h3 class=\"elementor-heading-title elementor-size-default\"><a href=\"https:\/\/drive.google.com\/file\/d\/1JDd_4475kBtCQqAIZwROWsrd2yF9ryZU\/view?usp=sharing\" target=\"_blank\" rel=\"nofollow\">Enlace al documento de posici\u00f3n<\/a><\/h3>\t\t\t\t<\/div>\n\t\t\t\t<\/div>\n\t\t\t\t<div class=\"elementor-element elementor-element-a7d0d8f elementor-widget elementor-widget-text-editor\" data-id=\"a7d0d8f\" data-element_type=\"widget\" data-widget_type=\"text-editor.default\">\n\t\t\t\t<div class=\"elementor-widget-container\">\n\t\t\t\t\t\t\t\t\t<p>Este documento de posici\u00f3n presenta nuestro an\u00e1lisis y nuestras recomendaciones para la COP-30. Su objetivo es contribuir al debate p\u00fablico y a los procesos de toma de decisiones proponiendo l\u00edneas de acci\u00f3n centradas en la Madre Tierra en la COP-30, haciendo hincapi\u00e9 en los enfoques no basados en el mercado (art\u00edculo 6.8 del Acuerdo de Par\u00eds). Con esta publicaci\u00f3n, el OIDN reafirma su compromiso con un enfoque ecoc\u00e9ntrico, que reconoce los derechos de la Naturaleza e integra estos enfoques en la financiaci\u00f3n internacional y el apoyo a las comunidades ind\u00edgenas. El OIDN tambi\u00e9n hace un llamamiento a la creaci\u00f3n de un Fondo para la Amazon\u00eda, reconocida como entidad viva, e insta a todos los actores p\u00fablicos, privados y de la sociedad civil a redoblar sus esfuerzos comunes para preservar la vida.<\/p>\t\t\t\t\t\t\t\t<\/div>\n\t\t\t\t<\/div>\n\t\t\t\t<div class=\"elementor-element elementor-element-b752621 elementor-widget elementor-widget-image\" data-id=\"b752621\" data-element_type=\"widget\" data-widget_type=\"image.default\">\n\t\t\t\t<div class=\"elementor-widget-container\">\n\t\t\t\t\t\t\t\t\t\t\t\t<figure class=\"wp-caption\">\n\t\t\t\t\t\t\t\t\t\t<img fetchpriority=\"high\" decoding=\"async\" width=\"240\" height=\"300\" src=\"https:\/\/observatoirenature.org\/observatorio\/wp-content\/uploads\/2025\/11\/filippo-cesarini-RyKnhwO7wMw-unsplash-240x300.jpg\" class=\"attachment-medium size-medium wp-image-9313\" alt=\"\" srcset=\"https:\/\/observatoirenature.org\/observatorio\/wp-content\/uploads\/2025\/11\/filippo-cesarini-RyKnhwO7wMw-unsplash-240x300.jpg 240w, https:\/\/observatoirenature.org\/observatorio\/wp-content\/uploads\/2025\/11\/filippo-cesarini-RyKnhwO7wMw-unsplash-819x1024.jpg 819w, https:\/\/observatoirenature.org\/observatorio\/wp-content\/uploads\/2025\/11\/filippo-cesarini-RyKnhwO7wMw-unsplash-768x960.jpg 768w, https:\/\/observatoirenature.org\/observatorio\/wp-content\/uploads\/2025\/11\/filippo-cesarini-RyKnhwO7wMw-unsplash-1229x1536.jpg 1229w, https:\/\/observatoirenature.org\/observatorio\/wp-content\/uploads\/2025\/11\/filippo-cesarini-RyKnhwO7wMw-unsplash-1639x2048.jpg 1639w, https:\/\/observatoirenature.org\/observatorio\/wp-content\/uploads\/2025\/11\/filippo-cesarini-RyKnhwO7wMw-unsplash-scaled.jpg 2048w\" sizes=\"(max-width: 240px) 100vw, 240px\" \/>\t\t\t\t\t\t\t\t\t\t\t<figcaption class=\"widget-image-caption wp-caption-text\">Fotograf\u00eda de <a href=\"https:\/\/unsplash.com\/fr\/@filippo_cesarini?utm_source=unsplash&amp;utm_medium=referral&amp;utm_content=creditCopyText\">Filippo Cesarini<\/a> en <a href=\"https:\/\/unsplash.com\/fr\/photos\/arbres-verts-sous-des-nuages-blancs-pendant-la-journee-RyKnhwO7wMw?utm_source=unsplash&amp;utm_medium=referral&amp;utm_content=creditCopyText\">Unsplash<\/a>       <\/figcaption>\n\t\t\t\t\t\t\t\t\t\t<\/figure>\n\t\t\t\t\t\t\t\t\t<\/div>\n\t\t\t\t<\/div>\n\t\t\t\t<div class=\"elementor-element elementor-element-f906c1d elementor-widget elementor-widget-heading\" data-id=\"f906c1d\" data-element_type=\"widget\" data-widget_type=\"heading.default\">\n\t\t\t\t<div class=\"elementor-widget-container\">\n\t\t\t\t\t<h2 class=\"elementor-heading-title elementor-size-default\"><span style=\"color:#00E0F5\">COP30<\/span> - Comunicado de prensa<\/h2>\t\t\t\t<\/div>\n\t\t\t\t<\/div>\n\t\t\t\t<div class=\"elementor-element elementor-element-39faeff elementor-widget elementor-widget-heading\" data-id=\"39faeff\" data-element_type=\"widget\" data-widget_type=\"heading.default\">\n\t\t\t\t<div class=\"elementor-widget-container\">\n\t\t\t\t\t<h3 class=\"elementor-heading-title elementor-size-default\"><a href=\"https:\/\/drive.google.com\/file\/d\/1jkU2O_I-4HG1zacyWdzPtqWiojFdOq7G\/view?usp=sharing\" target=\"_blank\" rel=\"nofollow\">Enlace al comunicado de prensa<\/a><\/h3>\t\t\t\t<\/div>\n\t\t\t\t<\/div>\n\t\t\t\t<div class=\"elementor-element elementor-element-46f941c elementor-widget elementor-widget-text-editor\" data-id=\"46f941c\" data-element_type=\"widget\" data-widget_type=\"text-editor.default\">\n\t\t\t\t<div class=\"elementor-widget-container\">\n\t\t\t\t\t\t\t\t\t<p>Tras dos semanas de intenso trabajo, la COP30 ha concluido con un balance mixto y la adopci\u00f3n del Paquete Pol\u00edtico de Bel\u00e9m. El OIDN celebra los avances del programa del art\u00edculo 6.8 del Acuerdo de Par\u00eds y la creaci\u00f3n del Fondo Tropical Forest Forever.<\/p><p>Momento hist\u00f3rico y trascendental: junto con la Primera Naci\u00f3n de Alderville, anunciamos el reconocimiento legal del lago Pemadeshkodeyong\/Rice Lake, un paso esencial para los derechos de la Naturaleza en Ontario, en el esp\u00edritu de \u00abMutir\u00e3o\u00bb.<\/p>\t\t\t\t\t\t\t\t<\/div>\n\t\t\t\t<\/div>\n\t\t\t\t<\/div>\n\t\t\t\t<\/div>\n\t\t\t\t<\/div>\n\t\t\t\t\t<\/div>\n\t\t\t\t<\/div>\n\t\t\t\t<\/div>\n\t\t","protected":false},"excerpt":{"rendered":"<p>Convenci\u00f3n Marco de las Naciones Unidas sobre el Cambio Clim\u00e1tico COP30 Source: Jean Gc La 30\u00aa Conferencia de las Partes de la Convenci\u00f3n Marco de las Naciones Unidas sobre el Cambio Clim\u00e1tico (COP30) La 30\u00aa Conferencia de las Partes de la Convenci\u00f3n Marco de las Naciones Unidas sobre el Cambio Clim\u00e1tico (COP-30) se celebrar\u00e1 en [&hellip;]<\/p>\n","protected":false},"author":8,"featured_media":0,"parent":0,"menu_order":0,"comment_status":"closed","ping_status":"closed","template":"elementor_header_footer","meta":{"site-sidebar-layout":"no-sidebar","site-content-layout":"page-builder","ast-site-content-layout":"full-width-container","site-content-style":"default","site-sidebar-style":"default","ast-global-header-display":"","ast-banner-title-visibility":"","ast-main-header-display":"","ast-hfb-above-header-display":"","ast-hfb-below-header-display":"","ast-hfb-mobile-header-display":"","site-post-title":"disabled","ast-breadcrumbs-content":"","ast-featured-img":"disabled","footer-sml-layout":"","ast-disable-related-posts":"","theme-transparent-header-meta":"","adv-header-id-meta":"","stick-header-meta":"","header-above-stick-meta":"","header-main-stick-meta":"","header-below-stick-meta":"","astra-migrate-meta-layouts":"set","ast-page-background-enabled":"default","ast-page-background-meta":{"desktop":{"background-color":"var(--ast-global-color-4)","background-image":"","background-repeat":"repeat","background-position":"center center","background-size":"auto","background-attachment":"scroll","background-type":"","background-media":"","overlay-type":"","overlay-color":"","overlay-opacity":"","overlay-gradient":""},"tablet":{"background-color":"","background-image":"","background-repeat":"repeat","background-position":"center center","background-size":"auto","background-attachment":"scroll","background-type":"","background-media":"","overlay-type":"","overlay-color":"","overlay-opacity":"","overlay-gradient":""},"mobile":{"background-color":"","background-image":"","background-repeat":"repeat","background-position":"center center","background-size":"auto","background-attachment":"scroll","background-type":"","background-media":"","overlay-type":"","overlay-color":"","overlay-opacity":"","overlay-gradient":""}},"ast-content-background-meta":{"desktop":{"background-color":"var(--ast-global-color-5)","background-image":"","background-repeat":"repeat","background-position":"center center","background-size":"auto","background-attachment":"scroll","background-type":"","background-media":"","overlay-type":"","overlay-color":"","overlay-opacity":"","overlay-gradient":""},"tablet":{"background-color":"var(--ast-global-color-5)","background-image":"","background-repeat":"repeat","background-position":"center center","background-size":"auto","background-attachment":"scroll","background-type":"","background-media":"","overlay-type":"","overlay-color":"","overlay-opacity":"","overlay-gradient":""},"mobile":{"background-color":"var(--ast-global-color-5)","background-image":"","background-repeat":"repeat","background-position":"center center","background-size":"auto","background-attachment":"scroll","background-type":"","background-media":"","overlay-type":"","overlay-color":"","overlay-opacity":"","overlay-gradient":""}},"footnotes":""},"class_list":["post-9611","page","type-page","status-publish","hentry"],"_links":{"self":[{"href":"https:\/\/observatoirenature.org\/observatorio\/wp-json\/wp\/v2\/pages\/9611","targetHints":{"allow":["GET"]}}],"collection":[{"href":"https:\/\/observatoirenature.org\/observatorio\/wp-json\/wp\/v2\/pages"}],"about":[{"href":"https:\/\/observatoirenature.org\/observatorio\/wp-json\/wp\/v2\/types\/page"}],"author":[{"embeddable":true,"href":"https:\/\/observatoirenature.org\/observatorio\/wp-json\/wp\/v2\/users\/8"}],"replies":[{"embeddable":true,"href":"https:\/\/observatoirenature.org\/observatorio\/wp-json\/wp\/v2\/comments?post=9611"}],"version-history":[{"count":10,"href":"https:\/\/observatoirenature.org\/observatorio\/wp-json\/wp\/v2\/pages\/9611\/revisions"}],"predecessor-version":[{"id":9629,"href":"https:\/\/observatoirenature.org\/observatorio\/wp-json\/wp\/v2\/pages\/9611\/revisions\/9629"}],"wp:attachment":[{"href":"https:\/\/observatoirenature.org\/observatorio\/wp-json\/wp\/v2\/media?parent=9611"}],"curies":[{"name":"wp","href":"https:\/\/api.w.org\/{rel}","templated":true}]}}