{"id":9515,"date":"2026-02-05T04:17:04","date_gmt":"2026-02-05T04:17:04","guid":{"rendered":"https:\/\/observatoirenature.org\/observatorio\/?page_id=9515"},"modified":"2026-02-07T03:58:39","modified_gmt":"2026-02-07T03:58:39","slug":"changements-climatiques-cop28","status":"publish","type":"page","link":"https:\/\/observatoirenature.org\/observatorio\/changements-climatiques-cop28\/","title":{"rendered":"Changements climatiques COP28"},"content":{"rendered":"\t\t<div data-elementor-type=\"wp-page\" data-elementor-id=\"9515\" class=\"elementor elementor-9515\" data-elementor-post-type=\"page\">\n\t\t\t\t<div class=\"elementor-element elementor-element-5666e75 hero e-flex e-con-boxed e-con e-parent\" data-id=\"5666e75\" data-element_type=\"container\" data-settings=\"{&quot;background_background&quot;:&quot;classic&quot;}\">\n\t\t\t\t\t<div class=\"e-con-inner\">\n\t\t<div class=\"elementor-element elementor-element-c5fb50d e-con-full e-flex e-con e-child\" data-id=\"c5fb50d\" data-element_type=\"container\">\n\t\t\t\t<div class=\"elementor-element elementor-element-4506f71 elementor-invisible elementor-widget elementor-widget-heading\" data-id=\"4506f71\" data-element_type=\"widget\" data-settings=\"{&quot;_animation&quot;:&quot;slideInDown&quot;}\" data-widget_type=\"heading.default\">\n\t\t\t\t<div class=\"elementor-widget-container\">\n\t\t\t\t\t<h1 class=\"elementor-heading-title elementor-size-default\">Conf\u00e9rence des Parties \u00e0 la Convention-cadre des Nations Unies sur les changements climatiques <br>COP28<\/h1>\t\t\t\t<\/div>\n\t\t\t\t<\/div>\n\t\t\t\t<\/div>\n\t\t\t\t<div class=\"elementor-element elementor-element-d26603c elementor-widget__width-initial elementor-absolute cover-image-source blue elementor-widget elementor-widget-text-editor\" data-id=\"d26603c\" data-element_type=\"widget\" data-settings=\"{&quot;_position&quot;:&quot;absolute&quot;}\" data-widget_type=\"text-editor.default\">\n\t\t\t\t<div class=\"elementor-widget-container\">\n\t\t\t\t\t\t\t\t\t<p><strong>Image Source:<\/strong> <a href=\"https:\/\/www.pexels.com\/photo\/dubai-skyline-with-burj-khalifa-at-twilight-33953639\/\" target=\"_blank\" rel=\"noopener\">Irshad Ahmad<\/a><\/p>\t\t\t\t\t\t\t\t<\/div>\n\t\t\t\t<\/div>\n\t\t\t\t\t<\/div>\n\t\t\t\t<\/div>\n\t\t<div class=\"elementor-element elementor-element-cd0a380 e-flex e-con-boxed e-con e-parent\" data-id=\"cd0a380\" data-element_type=\"container\">\n\t\t\t\t\t<div class=\"e-con-inner\">\n\t\t<div class=\"elementor-element elementor-element-a890f26 e-con-full e-flex e-con e-child\" data-id=\"a890f26\" data-element_type=\"container\">\n\t\t\t\t<div class=\"elementor-element elementor-element-b7a2fdc elementor-widget elementor-widget-heading\" data-id=\"b7a2fdc\" data-element_type=\"widget\" data-widget_type=\"heading.default\">\n\t\t\t\t<div class=\"elementor-widget-container\">\n\t\t\t\t\t<h2 class=\"elementor-heading-title elementor-size-default\">La 28e Conf\u00e9rence des Parties \u00e0 la Convention-cadre des Nations Unies sur les changements climatiques <span style=\"color:#00E0F5\">(COP28)<\/span><\/h2>\t\t\t\t<\/div>\n\t\t\t\t<\/div>\n\t\t\t\t<div class=\"elementor-element elementor-element-7ceabee elementor-widget elementor-widget-text-editor\" data-id=\"7ceabee\" data-element_type=\"widget\" data-widget_type=\"text-editor.default\">\n\t\t\t\t<div class=\"elementor-widget-container\">\n\t\t\t\t\t\t\t\t\t<div><div><p>Lors de l\u2019Accord conclu a Dubai, les Parties ont sign\u00e9s le \u00ab\u00a0d\u00e9but de la fin\u00a0\u00bb de l\u2019\u00e8re des combustibles.<\/p><p>Du point de vue des droits de la Nature, il marque la premi\u00e8re mention de la Terre nourrici\u00e8re dans les dispositions concernant les approches non fond\u00e9es sur le march\u00e9 promues dans l\u2019Accord de Paris.<\/p><p>En effet, les Parties ont adopt\u00e9 une d\u00e9cision \u00ab [r]appelant le 13e pr\u00e9ambule de l&#8217;<i>Accord de Paris <\/i>qui note l&#8217;importance de veiller \u00e0 l&#8217;int\u00e9grit\u00e9 de tous les \u00e9cosyst\u00e8mes, y compris les oc\u00e9ans, et \u00e0 la protection de la biodiversit\u00e9, reconnus par certaines cultures comme la <b>Terre nourrici\u00e8re<\/b>, et qui note l&#8217;importance pour certains de la notion de &#8221; justice climatique &#8221; dans l\u2019action men\u00e9e face aux changements climatiques &#8221; \u00bb.<\/p><\/div><\/div>\t\t\t\t\t\t\t\t<\/div>\n\t\t\t\t<\/div>\n\t\t\t\t<\/div>\n\t\t<div class=\"elementor-element elementor-element-614a5ed e-con-full e-flex e-con e-child\" data-id=\"614a5ed\" data-element_type=\"container\">\n\t\t\t\t<div class=\"elementor-element elementor-element-6782b2f elementor-widget elementor-widget-video\" data-id=\"6782b2f\" data-element_type=\"widget\" data-settings=\"{&quot;youtube_url&quot;:&quot;https:\\\/\\\/youtu.be\\\/XBxJ7lzplr8?si=4iaNkB8CvnWGeHcp&quot;,&quot;video_type&quot;:&quot;youtube&quot;,&quot;controls&quot;:&quot;yes&quot;}\" data-widget_type=\"video.default\">\n\t\t\t\t<div class=\"elementor-widget-container\">\n\t\t\t\t\t\t\t<div class=\"elementor-wrapper elementor-open-inline\">\n\t\t\t<div class=\"elementor-video\"><\/div>\t\t<\/div>\n\t\t\t\t\t\t<\/div>\n\t\t\t\t<\/div>\n\t\t\t\t<\/div>\n\t\t\t\t\t<\/div>\n\t\t\t\t<\/div>\n\t\t\t\t<\/div>\n\t\t","protected":false},"excerpt":{"rendered":"<p>Conf\u00e9rence des Parties \u00e0 la Convention-cadre des Nations Unies sur les changements climatiques COP28 Image Source: Irshad Ahmad La 28e Conf\u00e9rence des Parties \u00e0 la Convention-cadre des Nations Unies sur les changements climatiques (COP28) Lors de l\u2019Accord conclu a Dubai, les Parties ont sign\u00e9s le \u00ab\u00a0d\u00e9but de la fin\u00a0\u00bb de l\u2019\u00e8re des combustibles. Du point [&hellip;]<\/p>\n","protected":false},"author":8,"featured_media":0,"parent":0,"menu_order":0,"comment_status":"closed","ping_status":"closed","template":"elementor_header_footer","meta":{"site-sidebar-layout":"no-sidebar","site-content-layout":"page-builder","ast-site-content-layout":"full-width-container","site-content-style":"default","site-sidebar-style":"default","ast-global-header-display":"","ast-banner-title-visibility":"","ast-main-header-display":"","ast-hfb-above-header-display":"","ast-hfb-below-header-display":"","ast-hfb-mobile-header-display":"","site-post-title":"disabled","ast-breadcrumbs-content":"","ast-featured-img":"disabled","footer-sml-layout":"","ast-disable-related-posts":"","theme-transparent-header-meta":"","adv-header-id-meta":"","stick-header-meta":"","header-above-stick-meta":"","header-main-stick-meta":"","header-below-stick-meta":"","astra-migrate-meta-layouts":"set","ast-page-background-enabled":"default","ast-page-background-meta":{"desktop":{"background-color":"var(--ast-global-color-4)","background-image":"","background-repeat":"repeat","background-position":"center center","background-size":"auto","background-attachment":"scroll","background-type":"","background-media":"","overlay-type":"","overlay-color":"","overlay-opacity":"","overlay-gradient":""},"tablet":{"background-color":"","background-image":"","background-repeat":"repeat","background-position":"center center","background-size":"auto","background-attachment":"scroll","background-type":"","background-media":"","overlay-type":"","overlay-color":"","overlay-opacity":"","overlay-gradient":""},"mobile":{"background-color":"","background-image":"","background-repeat":"repeat","background-position":"center center","background-size":"auto","background-attachment":"scroll","background-type":"","background-media":"","overlay-type":"","overlay-color":"","overlay-opacity":"","overlay-gradient":""}},"ast-content-background-meta":{"desktop":{"background-color":"var(--ast-global-color-5)","background-image":"","background-repeat":"repeat","background-position":"center center","background-size":"auto","background-attachment":"scroll","background-type":"","background-media":"","overlay-type":"","overlay-color":"","overlay-opacity":"","overlay-gradient":""},"tablet":{"background-color":"var(--ast-global-color-5)","background-image":"","background-repeat":"repeat","background-position":"center center","background-size":"auto","background-attachment":"scroll","background-type":"","background-media":"","overlay-type":"","overlay-color":"","overlay-opacity":"","overlay-gradient":""},"mobile":{"background-color":"var(--ast-global-color-5)","background-image":"","background-repeat":"repeat","background-position":"center center","background-size":"auto","background-attachment":"scroll","background-type":"","background-media":"","overlay-type":"","overlay-color":"","overlay-opacity":"","overlay-gradient":""}},"footnotes":""},"class_list":["post-9515","page","type-page","status-publish","hentry"],"_links":{"self":[{"href":"https:\/\/observatoirenature.org\/observatorio\/wp-json\/wp\/v2\/pages\/9515","targetHints":{"allow":["GET"]}}],"collection":[{"href":"https:\/\/observatoirenature.org\/observatorio\/wp-json\/wp\/v2\/pages"}],"about":[{"href":"https:\/\/observatoirenature.org\/observatorio\/wp-json\/wp\/v2\/types\/page"}],"author":[{"embeddable":true,"href":"https:\/\/observatoirenature.org\/observatorio\/wp-json\/wp\/v2\/users\/8"}],"replies":[{"embeddable":true,"href":"https:\/\/observatoirenature.org\/observatorio\/wp-json\/wp\/v2\/comments?post=9515"}],"version-history":[{"count":14,"href":"https:\/\/observatoirenature.org\/observatorio\/wp-json\/wp\/v2\/pages\/9515\/revisions"}],"predecessor-version":[{"id":9571,"href":"https:\/\/observatoirenature.org\/observatorio\/wp-json\/wp\/v2\/pages\/9515\/revisions\/9571"}],"wp:attachment":[{"href":"https:\/\/observatoirenature.org\/observatorio\/wp-json\/wp\/v2\/media?parent=9515"}],"curies":[{"name":"wp","href":"https:\/\/api.w.org\/{rel}","templated":true}]}}