{"id":9508,"date":"2026-02-05T04:03:34","date_gmt":"2026-02-05T04:03:34","guid":{"rendered":"https:\/\/observatoirenature.org\/observatorio\/?page_id=9508"},"modified":"2026-02-07T03:58:37","modified_gmt":"2026-02-07T03:58:37","slug":"changements-climatiques-cop29","status":"publish","type":"page","link":"https:\/\/observatoirenature.org\/observatorio\/changements-climatiques-cop29\/","title":{"rendered":"Changements climatiques COP29"},"content":{"rendered":"\t\t<div data-elementor-type=\"wp-page\" data-elementor-id=\"9508\" class=\"elementor elementor-9508\" data-elementor-post-type=\"page\">\n\t\t\t\t<div class=\"elementor-element elementor-element-c5c01e6 hero e-flex e-con-boxed e-con e-parent\" data-id=\"c5c01e6\" data-element_type=\"container\" data-settings=\"{&quot;background_background&quot;:&quot;classic&quot;}\">\n\t\t\t\t\t<div class=\"e-con-inner\">\n\t\t<div class=\"elementor-element elementor-element-4cb75d6 e-con-full e-flex e-con e-child\" data-id=\"4cb75d6\" data-element_type=\"container\">\n\t\t\t\t<div class=\"elementor-element elementor-element-a0d6e41 elementor-invisible elementor-widget elementor-widget-heading\" data-id=\"a0d6e41\" data-element_type=\"widget\" data-settings=\"{&quot;_animation&quot;:&quot;slideInDown&quot;}\" data-widget_type=\"heading.default\">\n\t\t\t\t<div class=\"elementor-widget-container\">\n\t\t\t\t\t<h1 class=\"elementor-heading-title elementor-size-default\">Conf\u00e9rence des Parties \u00e0 la Convention-cadre des Nations Unies sur les changements climatiques <br>COP29<\/h1>\t\t\t\t<\/div>\n\t\t\t\t<\/div>\n\t\t\t\t<\/div>\n\t\t\t\t<div class=\"elementor-element elementor-element-cd84e44 elementor-widget__width-initial elementor-absolute cover-image-source blue elementor-widget elementor-widget-text-editor\" data-id=\"cd84e44\" data-element_type=\"widget\" data-settings=\"{&quot;_position&quot;:&quot;absolute&quot;}\" data-widget_type=\"text-editor.default\">\n\t\t\t\t<div class=\"elementor-widget-container\">\n\t\t\t\t\t\t\t\t\t<p><strong>Image Source:<\/strong> <a href=\"https:\/\/commons.wikimedia.org\/wiki\/File:Victory_Arch_(Baku).jpg\" target=\"_blank\" rel=\"noopener\">Wikimedia Commons<\/a><\/p>\t\t\t\t\t\t\t\t<\/div>\n\t\t\t\t<\/div>\n\t\t\t\t\t<\/div>\n\t\t\t\t<\/div>\n\t\t<div class=\"elementor-element elementor-element-dc760c2 e-flex e-con-boxed e-con e-parent\" data-id=\"dc760c2\" data-element_type=\"container\">\n\t\t\t\t\t<div class=\"e-con-inner\">\n\t\t\t\t<div class=\"elementor-element elementor-element-75daa30 elementor-widget-divider--view-line elementor-widget elementor-widget-divider\" data-id=\"75daa30\" data-element_type=\"widget\" data-widget_type=\"divider.default\">\n\t\t\t\t<div class=\"elementor-widget-container\">\n\t\t\t\t\t\t\t<div class=\"elementor-divider\">\n\t\t\t<span class=\"elementor-divider-separator\">\n\t\t\t\t\t\t<\/span>\n\t\t<\/div>\n\t\t\t\t\t\t<\/div>\n\t\t\t\t<\/div>\n\t\t\t\t<div class=\"elementor-element elementor-element-64847a5 elementor-widget-divider--view-line elementor-widget elementor-widget-divider\" data-id=\"64847a5\" data-element_type=\"widget\" data-widget_type=\"divider.default\">\n\t\t\t\t<div class=\"elementor-widget-container\">\n\t\t\t\t\t\t\t<div class=\"elementor-divider\">\n\t\t\t<span class=\"elementor-divider-separator\">\n\t\t\t\t\t\t<\/span>\n\t\t<\/div>\n\t\t\t\t\t\t<\/div>\n\t\t\t\t<\/div>\n\t\t<div class=\"elementor-element elementor-element-2021d7e e-con-full e-flex e-con e-child\" data-id=\"2021d7e\" data-element_type=\"container\">\n\t\t\t\t<div class=\"elementor-element elementor-element-f0cbd49 elementor-widget elementor-widget-video\" data-id=\"f0cbd49\" data-element_type=\"widget\" data-settings=\"{&quot;youtube_url&quot;:&quot;https:\\\/\\\/youtu.be\\\/mZs7RBc-VcQ?si=T5CniBQ9X4UvfEKy&quot;,&quot;video_type&quot;:&quot;youtube&quot;,&quot;controls&quot;:&quot;yes&quot;}\" data-widget_type=\"video.default\">\n\t\t\t\t<div class=\"elementor-widget-container\">\n\t\t\t\t\t\t\t<div class=\"elementor-wrapper elementor-open-inline\">\n\t\t\t<div class=\"elementor-video\"><\/div>\t\t<\/div>\n\t\t\t\t\t\t<\/div>\n\t\t\t\t<\/div>\n\t\t\t\t<\/div>\n\t\t<div class=\"elementor-element elementor-element-0007175 e-con-full e-flex e-con e-child\" data-id=\"0007175\" data-element_type=\"container\">\n\t\t\t\t<div class=\"elementor-element elementor-element-5959a16 elementor-widget elementor-widget-heading\" data-id=\"5959a16\" data-element_type=\"widget\" data-widget_type=\"heading.default\">\n\t\t\t\t<div class=\"elementor-widget-container\">\n\t\t\t\t\t<h2 class=\"elementor-heading-title elementor-size-default\">La 29e Conf\u00e9rence des Parties \u00e0 la Convention-cadre des Nations unies sur les changements climatiques <span style=\"color:#00E0F5\">(COP29)<\/span><\/h2>\t\t\t\t<\/div>\n\t\t\t\t<\/div>\n\t\t\t\t<div class=\"elementor-element elementor-element-39fc31c elementor-widget elementor-widget-text-editor\" data-id=\"39fc31c\" data-element_type=\"widget\" data-widget_type=\"text-editor.default\">\n\t\t\t\t<div class=\"elementor-widget-container\">\n\t\t\t\t\t\t\t\t\t<p>Cette ann\u00e9e, la Conf\u00e9rence des Parties \u00e0 la Convention-cadre des Nations unies sur les changements climatiques (COP29) se tiendra \u00e0 Bakou, en Azerba\u00efdjan, du 11 au 22 novembre 2024.<\/p><p>Comme chaque ann\u00e9e, la question primordiale sera d&#8217;acc\u00e9l\u00e9rer les mesures de lutte contre la crise climatique. Cette ann\u00e9e, la discussion portera principalement sur la question du financement, car des milliards de dollars sont n\u00e9cessaires pour que les pays r\u00e9duisent consid\u00e9rablement leurs \u00e9missions de gaz \u00e0 effet de serre et luttent contre les effets du changement climatique.<\/p><p>En outre, les Parties devront pr\u00e9senter leurs plans d&#8217;action nationaux actualis\u00e9s pour 2025, conform\u00e9ment \u00e0 l&#8217;accord de Paris adopt\u00e9 lors de la COP21 en 2015. Ces plans devraient contenir les mesures prises par les \u00c9tats pour limiter le r\u00e9chauffement climatique \u00e0 1,5 \u00b0C par rapport aux niveaux pr\u00e9industriels.<\/p>\t\t\t\t\t\t\t\t<\/div>\n\t\t\t\t<\/div>\n\t\t\t\t<\/div>\n\t\t\t\t\t<\/div>\n\t\t\t\t<\/div>\n\t\t<div class=\"elementor-element elementor-element-ca9919f e-flex e-con-boxed e-con e-parent\" data-id=\"ca9919f\" data-element_type=\"container\">\n\t\t\t\t\t<div class=\"e-con-inner\">\n\t\t<div class=\"elementor-element elementor-element-db161d4 e-con-full e-flex e-con e-child\" data-id=\"db161d4\" data-element_type=\"container\">\n\t\t\t\t<div class=\"elementor-element elementor-element-c4e74b6 elementor-widget elementor-widget-heading\" data-id=\"c4e74b6\" data-element_type=\"widget\" data-widget_type=\"heading.default\">\n\t\t\t\t<div class=\"elementor-widget-container\">\n\t\t\t\t\t<h2 class=\"elementor-heading-title elementor-size-default\"><span style=\"color:#00E0F5\">COP29<\/span> - D\u00e9l\u00e9gation de l\u2019OIDN<\/h2>\t\t\t\t<\/div>\n\t\t\t\t<\/div>\n\t\t<div class=\"elementor-element elementor-element-5ac41e2 e-con-full e-flex e-con e-child\" data-id=\"5ac41e2\" data-element_type=\"container\">\n\t\t<div class=\"elementor-element elementor-element-e55fdc5 e-con-full e-flex e-con e-child\" data-id=\"e55fdc5\" data-element_type=\"container\">\n\t\t\t\t<div class=\"elementor-element elementor-element-d5eb108 elementor-widget elementor-widget-gallery\" data-id=\"d5eb108\" data-element_type=\"widget\" data-settings=\"{&quot;aspect_ratio&quot;:&quot;1:1&quot;,&quot;columns&quot;:1,&quot;columns_tablet&quot;:1,&quot;lazyload&quot;:&quot;yes&quot;,&quot;gallery_layout&quot;:&quot;grid&quot;,&quot;columns_mobile&quot;:1,&quot;gap&quot;:{&quot;unit&quot;:&quot;px&quot;,&quot;size&quot;:10,&quot;sizes&quot;:[]},&quot;gap_tablet&quot;:{&quot;unit&quot;:&quot;px&quot;,&quot;size&quot;:10,&quot;sizes&quot;:[]},&quot;gap_mobile&quot;:{&quot;unit&quot;:&quot;px&quot;,&quot;size&quot;:10,&quot;sizes&quot;:[]},&quot;link_to&quot;:&quot;file&quot;,&quot;overlay_background&quot;:&quot;yes&quot;,&quot;content_hover_animation&quot;:&quot;fade-in&quot;}\" data-widget_type=\"gallery.default\">\n\t\t\t\t<div class=\"elementor-widget-container\">\n\t\t\t\t\t\t\t<div class=\"elementor-gallery__container\">\n\t\t\t\t\t\t\t<a class=\"e-gallery-item elementor-gallery-item elementor-animated-content\" href=\"https:\/\/observatoirenature.org\/observatorio\/wp-content\/uploads\/2024\/11\/1731013210454.jpg\" data-elementor-open-lightbox=\"yes\" data-elementor-lightbox-slideshow=\"d5eb108\" data-elementor-lightbox-title=\"1731013210454\" data-e-action-hash=\"#elementor-action%3Aaction%3Dlightbox%26settings%3DeyJpZCI6NzY3MiwidXJsIjoiaHR0cHM6XC9cL29ic2VydmF0b2lyZW5hdHVyZS5vcmdcL29ic2VydmF0b3Jpb1wvd3AtY29udGVudFwvdXBsb2Fkc1wvMjAyNFwvMTFcLzE3MzEwMTMyMTA0NTQuanBnIiwic2xpZGVzaG93IjoiZDVlYjEwOCJ9\">\n\t\t\t\t\t<div class=\"e-gallery-image elementor-gallery-item__image\" data-thumbnail=\"https:\/\/observatoirenature.org\/observatorio\/wp-content\/uploads\/2024\/11\/1731013210454-1024x1024.jpg\" data-width=\"1024\" data-height=\"1024\" aria-label=\"\" role=\"img\" ><\/div>\n\t\t\t\t\t\t\t\t\t\t\t<div class=\"elementor-gallery-item__overlay\"><\/div>\n\t\t\t\t\t\t\t\t\t\t\t\t\t\t<\/a>\n\t\t\t\t\t<\/div>\n\t\t\t\t\t<\/div>\n\t\t\t\t<\/div>\n\t\t\t\t<\/div>\n\t\t\t\t<\/div>\n\t\t\t\t<\/div>\n\t\t\t\t\t<\/div>\n\t\t\t\t<\/div>\n\t\t<div class=\"elementor-element elementor-element-c30720f e-flex e-con-boxed e-con e-parent\" data-id=\"c30720f\" data-element_type=\"container\">\n\t\t\t\t\t<div class=\"e-con-inner\">\n\t\t<div class=\"elementor-element elementor-element-29cb583 e-con-full e-flex e-con e-child\" data-id=\"29cb583\" data-element_type=\"container\">\n\t\t\t\t<div class=\"elementor-element elementor-element-98f70f6 elementor-widget elementor-widget-heading\" data-id=\"98f70f6\" data-element_type=\"widget\" data-widget_type=\"heading.default\">\n\t\t\t\t<div class=\"elementor-widget-container\">\n\t\t\t\t\t<h2 class=\"elementor-heading-title elementor-size-default\">OIDN - <span style=\"color:#00E0F5\">COP29<\/span> - Communique\u0301 de presse<\/h2>\t\t\t\t<\/div>\n\t\t\t\t<\/div>\n\t\t\t\t<div class=\"elementor-element elementor-element-45c1eaa elementor-widget elementor-widget-heading\" data-id=\"45c1eaa\" data-element_type=\"widget\" data-widget_type=\"heading.default\">\n\t\t\t\t<div class=\"elementor-widget-container\">\n\t\t\t\t\t<h3 class=\"elementor-heading-title elementor-size-default\"><a href=\"https:\/\/observatoirenature.org\/observatorio\/wp-content\/uploads\/2024\/11\/Communique-de-Presse-COP-29.pdf\" target=\"_blank\" rel=\"nofollow\">Lien vers le Communique\u0301 de Presse<\/a><\/h3>\t\t\t\t<\/div>\n\t\t\t\t<\/div>\n\t\t<div class=\"elementor-element elementor-element-bdda141 e-con-full e-flex e-con e-child\" data-id=\"bdda141\" data-element_type=\"container\">\n\t\t<div class=\"elementor-element elementor-element-99bffbb e-con-full e-flex e-con e-child\" data-id=\"99bffbb\" data-element_type=\"container\">\n\t\t\t\t<div class=\"elementor-element elementor-element-63fce08 elementor-widget elementor-widget-gallery\" data-id=\"63fce08\" data-element_type=\"widget\" data-settings=\"{&quot;gallery_layout&quot;:&quot;justified&quot;,&quot;ideal_row_height&quot;:{&quot;unit&quot;:&quot;px&quot;,&quot;size&quot;:600,&quot;sizes&quot;:[]},&quot;ideal_row_height_tablet&quot;:{&quot;unit&quot;:&quot;px&quot;,&quot;size&quot;:400,&quot;sizes&quot;:[]},&quot;ideal_row_height_mobile&quot;:{&quot;unit&quot;:&quot;px&quot;,&quot;size&quot;:300,&quot;sizes&quot;:[]},&quot;lazyload&quot;:&quot;yes&quot;,&quot;gap&quot;:{&quot;unit&quot;:&quot;px&quot;,&quot;size&quot;:10,&quot;sizes&quot;:[]},&quot;gap_tablet&quot;:{&quot;unit&quot;:&quot;px&quot;,&quot;size&quot;:10,&quot;sizes&quot;:[]},&quot;gap_mobile&quot;:{&quot;unit&quot;:&quot;px&quot;,&quot;size&quot;:10,&quot;sizes&quot;:[]},&quot;link_to&quot;:&quot;file&quot;,&quot;overlay_background&quot;:&quot;yes&quot;,&quot;content_hover_animation&quot;:&quot;fade-in&quot;}\" data-widget_type=\"gallery.default\">\n\t\t\t\t<div class=\"elementor-widget-container\">\n\t\t\t\t\t\t\t<div class=\"elementor-gallery__container\">\n\t\t\t\t\t\t\t<a class=\"e-gallery-item elementor-gallery-item elementor-animated-content\" href=\"https:\/\/observatoirenature.org\/observatorio\/wp-content\/uploads\/2024\/11\/Communique-de-Presse-COP-29-1st-page.png\" data-elementor-open-lightbox=\"yes\" data-elementor-lightbox-slideshow=\"63fce08\" data-elementor-lightbox-title=\"Communiqu\u00e9 de Presse COP-29 - 1st page\" data-e-action-hash=\"#elementor-action%3Aaction%3Dlightbox%26settings%3DeyJpZCI6Nzk3MywidXJsIjoiaHR0cHM6XC9cL29ic2VydmF0b2lyZW5hdHVyZS5vcmdcL29ic2VydmF0b3Jpb1wvd3AtY29udGVudFwvdXBsb2Fkc1wvMjAyNFwvMTFcL0NvbW11bmlxdWUtZGUtUHJlc3NlLUNPUC0yOS0xc3QtcGFnZS5wbmciLCJzbGlkZXNob3ciOiI2M2ZjZTA4In0%3D\">\n\t\t\t\t\t<div class=\"e-gallery-image elementor-gallery-item__image\" data-thumbnail=\"https:\/\/observatoirenature.org\/observatorio\/wp-content\/uploads\/2024\/11\/Communique-de-Presse-COP-29-1st-page-791x1024.png\" data-width=\"791\" data-height=\"1024\" aria-label=\"\" role=\"img\" ><\/div>\n\t\t\t\t\t\t\t\t\t\t\t<div class=\"elementor-gallery-item__overlay\"><\/div>\n\t\t\t\t\t\t\t\t\t\t\t\t\t\t<\/a>\n\t\t\t\t\t\t\t<a class=\"e-gallery-item elementor-gallery-item elementor-animated-content\" href=\"https:\/\/observatoirenature.org\/observatorio\/wp-content\/uploads\/2024\/11\/Press-Release-COP-29-2nd-page.png\" data-elementor-open-lightbox=\"yes\" data-elementor-lightbox-slideshow=\"63fce08\" data-elementor-lightbox-title=\"Press Release COP-29 - 2nd page\" data-e-action-hash=\"#elementor-action%3Aaction%3Dlightbox%26settings%3DeyJpZCI6Nzk3NiwidXJsIjoiaHR0cHM6XC9cL29ic2VydmF0b2lyZW5hdHVyZS5vcmdcL29ic2VydmF0b3Jpb1wvd3AtY29udGVudFwvdXBsb2Fkc1wvMjAyNFwvMTFcL1ByZXNzLVJlbGVhc2UtQ09QLTI5LTJuZC1wYWdlLnBuZyIsInNsaWRlc2hvdyI6IjYzZmNlMDgifQ%3D%3D\">\n\t\t\t\t\t<div class=\"e-gallery-image elementor-gallery-item__image\" data-thumbnail=\"https:\/\/observatoirenature.org\/observatorio\/wp-content\/uploads\/2024\/11\/Press-Release-COP-29-2nd-page-791x1024.png\" data-width=\"791\" data-height=\"1024\" aria-label=\"\" role=\"img\" ><\/div>\n\t\t\t\t\t\t\t\t\t\t\t<div class=\"elementor-gallery-item__overlay\"><\/div>\n\t\t\t\t\t\t\t\t\t\t\t\t\t\t<\/a>\n\t\t\t\t\t<\/div>\n\t\t\t\t\t<\/div>\n\t\t\t\t<\/div>\n\t\t\t\t<div class=\"elementor-element elementor-element-5e9da8e elementor-widget-divider--view-line elementor-widget elementor-widget-divider\" data-id=\"5e9da8e\" data-element_type=\"widget\" data-widget_type=\"divider.default\">\n\t\t\t\t<div class=\"elementor-widget-container\">\n\t\t\t\t\t\t\t<div class=\"elementor-divider\">\n\t\t\t<span class=\"elementor-divider-separator\">\n\t\t\t\t\t\t<\/span>\n\t\t<\/div>\n\t\t\t\t\t\t<\/div>\n\t\t\t\t<\/div>\n\t\t\t\t<\/div>\n\t\t\t\t<\/div>\n\t\t\t\t<\/div>\n\t\t\t\t\t<\/div>\n\t\t\t\t<\/div>\n\t\t\t\t<\/div>\n\t\t","protected":false},"excerpt":{"rendered":"<p>Conf\u00e9rence des Parties \u00e0 la Convention-cadre des Nations Unies sur les changements climatiques COP29 Image Source: Wikimedia Commons La 29e Conf\u00e9rence des Parties \u00e0 la Convention-cadre des Nations unies sur les changements climatiques (COP29) Cette ann\u00e9e, la Conf\u00e9rence des Parties \u00e0 la Convention-cadre des Nations unies sur les changements climatiques (COP29) se tiendra \u00e0 Bakou, [&hellip;]<\/p>\n","protected":false},"author":8,"featured_media":0,"parent":0,"menu_order":0,"comment_status":"closed","ping_status":"closed","template":"elementor_header_footer","meta":{"site-sidebar-layout":"no-sidebar","site-content-layout":"page-builder","ast-site-content-layout":"full-width-container","site-content-style":"default","site-sidebar-style":"default","ast-global-header-display":"","ast-banner-title-visibility":"","ast-main-header-display":"","ast-hfb-above-header-display":"","ast-hfb-below-header-display":"","ast-hfb-mobile-header-display":"","site-post-title":"disabled","ast-breadcrumbs-content":"","ast-featured-img":"disabled","footer-sml-layout":"","ast-disable-related-posts":"","theme-transparent-header-meta":"","adv-header-id-meta":"","stick-header-meta":"","header-above-stick-meta":"","header-main-stick-meta":"","header-below-stick-meta":"","astra-migrate-meta-layouts":"set","ast-page-background-enabled":"default","ast-page-background-meta":{"desktop":{"background-color":"var(--ast-global-color-4)","background-image":"","background-repeat":"repeat","background-position":"center center","background-size":"auto","background-attachment":"scroll","background-type":"","background-media":"","overlay-type":"","overlay-color":"","overlay-opacity":"","overlay-gradient":""},"tablet":{"background-color":"","background-image":"","background-repeat":"repeat","background-position":"center center","background-size":"auto","background-attachment":"scroll","background-type":"","background-media":"","overlay-type":"","overlay-color":"","overlay-opacity":"","overlay-gradient":""},"mobile":{"background-color":"","background-image":"","background-repeat":"repeat","background-position":"center center","background-size":"auto","background-attachment":"scroll","background-type":"","background-media":"","overlay-type":"","overlay-color":"","overlay-opacity":"","overlay-gradient":""}},"ast-content-background-meta":{"desktop":{"background-color":"var(--ast-global-color-5)","background-image":"","background-repeat":"repeat","background-position":"center center","background-size":"auto","background-attachment":"scroll","background-type":"","background-media":"","overlay-type":"","overlay-color":"","overlay-opacity":"","overlay-gradient":""},"tablet":{"background-color":"var(--ast-global-color-5)","background-image":"","background-repeat":"repeat","background-position":"center center","background-size":"auto","background-attachment":"scroll","background-type":"","background-media":"","overlay-type":"","overlay-color":"","overlay-opacity":"","overlay-gradient":""},"mobile":{"background-color":"var(--ast-global-color-5)","background-image":"","background-repeat":"repeat","background-position":"center center","background-size":"auto","background-attachment":"scroll","background-type":"","background-media":"","overlay-type":"","overlay-color":"","overlay-opacity":"","overlay-gradient":""}},"footnotes":""},"class_list":["post-9508","page","type-page","status-publish","hentry"],"_links":{"self":[{"href":"https:\/\/observatoirenature.org\/observatorio\/wp-json\/wp\/v2\/pages\/9508","targetHints":{"allow":["GET"]}}],"collection":[{"href":"https:\/\/observatoirenature.org\/observatorio\/wp-json\/wp\/v2\/pages"}],"about":[{"href":"https:\/\/observatoirenature.org\/observatorio\/wp-json\/wp\/v2\/types\/page"}],"author":[{"embeddable":true,"href":"https:\/\/observatoirenature.org\/observatorio\/wp-json\/wp\/v2\/users\/8"}],"replies":[{"embeddable":true,"href":"https:\/\/observatoirenature.org\/observatorio\/wp-json\/wp\/v2\/comments?post=9508"}],"version-history":[{"count":17,"href":"https:\/\/observatoirenature.org\/observatorio\/wp-json\/wp\/v2\/pages\/9508\/revisions"}],"predecessor-version":[{"id":9575,"href":"https:\/\/observatoirenature.org\/observatorio\/wp-json\/wp\/v2\/pages\/9508\/revisions\/9575"}],"wp:attachment":[{"href":"https:\/\/observatoirenature.org\/observatorio\/wp-json\/wp\/v2\/media?parent=9508"}],"curies":[{"name":"wp","href":"https:\/\/api.w.org\/{rel}","templated":true}]}}