{"id":9494,"date":"2026-02-05T03:44:30","date_gmt":"2026-02-05T03:44:30","guid":{"rendered":"https:\/\/observatoirenature.org\/observatorio\/?page_id=9494"},"modified":"2026-02-07T03:58:40","modified_gmt":"2026-02-07T03:58:40","slug":"changements-climatiques-cop30","status":"publish","type":"page","link":"https:\/\/observatoirenature.org\/observatorio\/changements-climatiques-cop30\/","title":{"rendered":"Changements climatiques COP30"},"content":{"rendered":"\t\t<div data-elementor-type=\"wp-page\" data-elementor-id=\"9494\" class=\"elementor elementor-9494\" data-elementor-post-type=\"page\">\n\t\t\t\t<div class=\"elementor-element elementor-element-dbdf68a hero e-flex e-con-boxed e-con e-parent\" data-id=\"dbdf68a\" data-element_type=\"container\" data-settings=\"{&quot;background_background&quot;:&quot;classic&quot;}\">\n\t\t\t\t\t<div class=\"e-con-inner\">\n\t\t<div class=\"elementor-element elementor-element-80ce94c e-con-full e-flex e-con e-child\" data-id=\"80ce94c\" data-element_type=\"container\">\n\t\t\t\t<div class=\"elementor-element elementor-element-f855973 elementor-invisible elementor-widget elementor-widget-heading\" data-id=\"f855973\" data-element_type=\"widget\" data-settings=\"{&quot;_animation&quot;:&quot;slideInDown&quot;}\" data-widget_type=\"heading.default\">\n\t\t\t\t<div class=\"elementor-widget-container\">\n\t\t\t\t\t<h1 class=\"elementor-heading-title elementor-size-default\">Conf\u00e9rence des Parties \u00e0 la Convention-cadre des Nations Unies sur les changements climatiques <br>COP30<\/h1>\t\t\t\t<\/div>\n\t\t\t\t<\/div>\n\t\t\t\t<\/div>\n\t\t\t\t<div class=\"elementor-element elementor-element-879176f elementor-widget__width-initial elementor-absolute cover-image-source blue elementor-widget elementor-widget-text-editor\" data-id=\"879176f\" data-element_type=\"widget\" data-settings=\"{&quot;_position&quot;:&quot;absolute&quot;}\" data-widget_type=\"text-editor.default\">\n\t\t\t\t<div class=\"elementor-widget-container\">\n\t\t\t\t\t\t\t\t\t<p><strong>Source:<\/strong> <a href=\"https:\/\/www.pexels.com\/photo\/serene-amazon-rainforest-with-lush-greenery-reflected-in-river-28587130\/\" target=\"_blank\" rel=\"noopener\">Jean Gc<\/a><\/p>\t\t\t\t\t\t\t\t<\/div>\n\t\t\t\t<\/div>\n\t\t\t\t\t<\/div>\n\t\t\t\t<\/div>\n\t\t<div class=\"elementor-element elementor-element-267ec0c e-flex e-con-boxed e-con e-parent\" data-id=\"267ec0c\" data-element_type=\"container\">\n\t\t\t\t\t<div class=\"e-con-inner\">\n\t\t<div class=\"elementor-element elementor-element-ed889da e-con-full e-flex e-con e-child\" data-id=\"ed889da\" data-element_type=\"container\">\n\t\t\t\t<div class=\"elementor-element elementor-element-23eafab elementor-widget elementor-widget-heading\" data-id=\"23eafab\" data-element_type=\"widget\" data-widget_type=\"heading.default\">\n\t\t\t\t<div class=\"elementor-widget-container\">\n\t\t\t\t\t<h2 class=\"elementor-heading-title elementor-size-default\">La 30e Conf\u00e9rence des Parties \u00e0 la Convention-cadre des Nations Unies sur les changements climatiques <span style=\"color:#00E0F5\">(COP30)<\/span><\/h2>\t\t\t\t<\/div>\n\t\t\t\t<\/div>\n\t\t\t\t<div class=\"elementor-element elementor-element-a1b5b5a elementor-widget elementor-widget-text-editor\" data-id=\"a1b5b5a\" data-element_type=\"widget\" data-widget_type=\"text-editor.default\">\n\t\t\t\t<div class=\"elementor-widget-container\">\n\t\t\t\t\t\t\t\t\t<div>La 30e Conf\u00e9rence des Parties \u00e0 la Convention-cadre des Nations Unies sur les changements climatiques (COP-30) se tiendra \u00e0 Bel\u00e9m, au Br\u00e9sil, du 10 au 21 novembre 2025. Cette \u00e9dition, situ\u00e9e au coeur de l&#8217;Amazonie, sera ax\u00e9e sur des solutions concr\u00e8tes, et devra mettre aussi l&#8217;accent sur les actions non bas\u00e9es sur le march\u00e9, en int\u00e9grant des mod\u00e8les \u00e9cocentr\u00e9s ou centr\u00e9s sur la M\u00e8re Terre, o\u00f9 la Nature est reconnue comme sujet de droit.\u00a0<\/div><div>\u00a0<\/div><div>L&#8217;Observatoire international des droits de la Nature (OIDN) aura pour mission lors de cette COP de surveiller la mise en \u0153uvre de l&#8217;int\u00e9gration des droits de la Nature au sein des engagements climatiques. En effet, les r\u00e9centes opinions consultatives de la Cour internationale de Justice (CIJ) et de la Cour interam\u00e9ricaine des droits de l&#8217;homme (CIDH), rendues en juillet 2025, ont affirm\u00e9 la responsabilit\u00e9 diff\u00e9renci\u00e9e des \u00c9tats dans la r\u00e9duction des \u00e9missions de CO2, ainsi que dans la protection des \u00e9cosyst\u00e8mes, en int\u00e9grant des approches bas\u00e9es sur les droits humains, mais aussi sur les droits de la Nature.\u00a0<\/div><div>\u00a0<\/div><div>Dans ce cadre, les Parties devront proposer des contributions nationales ambitieuses qui int\u00e8grent la justice sociale, la protection des for\u00eats et la r\u00e9silience des communaut\u00e9s vuln\u00e9rables, tout en honorant les savoirs ancestraux et en respectant les principes \u00e9cocentr\u00e9s ou centr\u00e9s sur la M\u00e8re Terre.<\/div>\t\t\t\t\t\t\t\t<\/div>\n\t\t\t\t<\/div>\n\t\t\t\t<\/div>\n\t\t<div class=\"elementor-element elementor-element-0784ece e-con-full e-flex e-con e-child\" data-id=\"0784ece\" data-element_type=\"container\">\n\t\t\t\t<div class=\"elementor-element elementor-element-653769f elementor-widget elementor-widget-video\" data-id=\"653769f\" data-element_type=\"widget\" data-settings=\"{&quot;youtube_url&quot;:&quot;https:\\\/\\\/youtu.be\\\/eTjn4Hdq1Ys?si=f3FATkKCPO4rdUGb&quot;,&quot;video_type&quot;:&quot;youtube&quot;,&quot;controls&quot;:&quot;yes&quot;}\" data-widget_type=\"video.default\">\n\t\t\t\t<div class=\"elementor-widget-container\">\n\t\t\t\t\t\t\t<div class=\"elementor-wrapper elementor-open-inline\">\n\t\t\t<div class=\"elementor-video\"><\/div>\t\t<\/div>\n\t\t\t\t\t\t<\/div>\n\t\t\t\t<\/div>\n\t\t\t\t<\/div>\n\t\t\t\t\t<\/div>\n\t\t\t\t<\/div>\n\t\t<div class=\"elementor-element elementor-element-9810774 e-flex e-con-boxed e-con e-parent\" data-id=\"9810774\" data-element_type=\"container\">\n\t\t\t\t\t<div class=\"e-con-inner\">\n\t\t<div class=\"elementor-element elementor-element-9df0b16 e-con-full e-flex e-con e-child\" data-id=\"9df0b16\" data-element_type=\"container\">\n\t\t\t\t<div class=\"elementor-element elementor-element-afef725 elementor-widget elementor-widget-heading\" data-id=\"afef725\" data-element_type=\"widget\" data-widget_type=\"heading.default\">\n\t\t\t\t<div class=\"elementor-widget-container\">\n\t\t\t\t\t<h2 class=\"elementor-heading-title elementor-size-default\"><span style=\"color:#00E0F5\">COP30<\/span> - Note de position<\/h2>\t\t\t\t<\/div>\n\t\t\t\t<\/div>\n\t\t\t\t<div class=\"elementor-element elementor-element-c819095 elementor-widget elementor-widget-heading\" data-id=\"c819095\" data-element_type=\"widget\" data-widget_type=\"heading.default\">\n\t\t\t\t<div class=\"elementor-widget-container\">\n\t\t\t\t\t<h3 class=\"elementor-heading-title elementor-size-default\"><a href=\"https:\/\/drive.google.com\/file\/d\/1y2AB4neScH3bAU_NmBw6SFG1TKp28RZR\/view?usp=sharing\" target=\"_blank\" rel=\"nofollow\">Lien vers la note de position<\/a><\/h3>\t\t\t\t<\/div>\n\t\t\t\t<\/div>\n\t\t\t\t<div class=\"elementor-element elementor-element-c141ed4 elementor-widget elementor-widget-text-editor\" data-id=\"c141ed4\" data-element_type=\"widget\" data-widget_type=\"text-editor.default\">\n\t\t\t\t<div class=\"elementor-widget-container\">\n\t\t\t\t\t\t\t\t\t<p>Cette note de position pr\u00e9sente notre analyse et nos recommandations pour la COP-30. Elle vise \u00e0 contribuer au d\u00e9bat public et aux processus d\u00e9cisionnels en proposant des pistes d\u2019action centr\u00e9es sur la Terre-M\u00e8re \u00e0 la COP-30, en mettant l\u2019accent sur les approches non fond\u00e9es sur le march\u00e9 (article 6.8 de l\u2019Accord de Paris). Par cette publication, l\u2019OIDN r\u00e9affirme son engagement en faveur d\u2019une approche \u00e9cocentrique, reconnaissant les droits de la Nature et int\u00e9grant ces approches dans le financement international et le soutien aux communaut\u00e9s autochtones. L\u2019OIDN appelle \u00e9galement \u00e0 la cr\u00e9ation d\u2019un Fonds pour l\u2019Amazonie, reconnue comme entit\u00e9 vivante, et exhorte tous les acteurs publics, priv\u00e9s et de la soci\u00e9t\u00e9 civile \u00e0 renforcer leurs efforts communs pour pr\u00e9server le Vivant.<\/p>\t\t\t\t\t\t\t\t<\/div>\n\t\t\t\t<\/div>\n\t\t\t\t<div class=\"elementor-element elementor-element-07d596e elementor-widget elementor-widget-image\" data-id=\"07d596e\" data-element_type=\"widget\" data-widget_type=\"image.default\">\n\t\t\t\t<div class=\"elementor-widget-container\">\n\t\t\t\t\t\t\t\t\t\t\t\t<figure class=\"wp-caption\">\n\t\t\t\t\t\t\t\t\t\t<img fetchpriority=\"high\" decoding=\"async\" width=\"240\" height=\"300\" src=\"https:\/\/observatoirenature.org\/observatorio\/wp-content\/uploads\/2025\/11\/filippo-cesarini-RyKnhwO7wMw-unsplash-240x300.jpg\" class=\"attachment-medium size-medium wp-image-9313\" alt=\"\" srcset=\"https:\/\/observatoirenature.org\/observatorio\/wp-content\/uploads\/2025\/11\/filippo-cesarini-RyKnhwO7wMw-unsplash-240x300.jpg 240w, https:\/\/observatoirenature.org\/observatorio\/wp-content\/uploads\/2025\/11\/filippo-cesarini-RyKnhwO7wMw-unsplash-819x1024.jpg 819w, https:\/\/observatoirenature.org\/observatorio\/wp-content\/uploads\/2025\/11\/filippo-cesarini-RyKnhwO7wMw-unsplash-768x960.jpg 768w, https:\/\/observatoirenature.org\/observatorio\/wp-content\/uploads\/2025\/11\/filippo-cesarini-RyKnhwO7wMw-unsplash-1229x1536.jpg 1229w, https:\/\/observatoirenature.org\/observatorio\/wp-content\/uploads\/2025\/11\/filippo-cesarini-RyKnhwO7wMw-unsplash-1639x2048.jpg 1639w, https:\/\/observatoirenature.org\/observatorio\/wp-content\/uploads\/2025\/11\/filippo-cesarini-RyKnhwO7wMw-unsplash-scaled.jpg 2048w\" sizes=\"(max-width: 240px) 100vw, 240px\" \/>\t\t\t\t\t\t\t\t\t\t\t<figcaption class=\"widget-image-caption wp-caption-text\">Photo de <a href=\"https:\/\/unsplash.com\/fr\/@filippo_cesarini?utm_source=unsplash&amp;utm_medium=referral&amp;utm_content=creditCopyText\">Filippo Cesarini<\/a> sur <a href=\"https:\/\/unsplash.com\/fr\/photos\/arbres-verts-sous-des-nuages-blancs-pendant-la-journee-RyKnhwO7wMw?utm_source=unsplash&amp;utm_medium=referral&amp;utm_content=creditCopyText\">Unsplash<\/a>       <\/figcaption>\n\t\t\t\t\t\t\t\t\t\t<\/figure>\n\t\t\t\t\t\t\t\t\t<\/div>\n\t\t\t\t<\/div>\n\t\t\t\t<div class=\"elementor-element elementor-element-401951f elementor-widget elementor-widget-heading\" data-id=\"401951f\" data-element_type=\"widget\" data-widget_type=\"heading.default\">\n\t\t\t\t<div class=\"elementor-widget-container\">\n\t\t\t\t\t<h2 class=\"elementor-heading-title elementor-size-default\"><span style=\"color:#00E0F5\">COP30<\/span> - Communiqu\u00e9 de presse<\/h2>\t\t\t\t<\/div>\n\t\t\t\t<\/div>\n\t\t\t\t<div class=\"elementor-element elementor-element-15d6714 elementor-widget elementor-widget-heading\" data-id=\"15d6714\" data-element_type=\"widget\" data-widget_type=\"heading.default\">\n\t\t\t\t<div class=\"elementor-widget-container\">\n\t\t\t\t\t<h3 class=\"elementor-heading-title elementor-size-default\"><a href=\"https:\/\/drive.google.com\/file\/d\/17HabQrN-Dh3VAC8mOfhnrluj2ye0XL6t\/view?usp=share_link\" target=\"_blank\" rel=\"nofollow\">Lien vers le communiqu\u00e9 de presse<\/a><\/h3>\t\t\t\t<\/div>\n\t\t\t\t<\/div>\n\t\t\t\t<div class=\"elementor-element elementor-element-18b5678 elementor-widget elementor-widget-text-editor\" data-id=\"18b5678\" data-element_type=\"widget\" data-widget_type=\"text-editor.default\">\n\t\t\t\t<div class=\"elementor-widget-container\">\n\t\t\t\t\t\t\t\t\t<p>Apr\u00e8s deux semaines de travail intense, la COP30 s\u2019est cl\u00f4tur\u00e9e sur un bilan mitig\u00e9 et l\u2019adoption du Paquet politique de Bel\u00e9m. L\u2019OIDN salue les progr\u00e8s du programme Article 6.8 de l\u2019Accord de Paris et la cr\u00e9ation du Tropical Forest Forever Facility.<\/p><p>Moment fort et historique : aux c\u00f4t\u00e9s de la Premi\u00e8re Nation d\u2019Alderville, nous avons annonc\u00e9 la\u00a0reconnaissance juridique du lac Pemadeshkodeyong\/Rice Lake, une \u00e9tape symbolique et essentielle pour les droits de la Nature, dans l\u2019esprit de \u00ab Mutir\u00e3o \u00bb.<\/p>\t\t\t\t\t\t\t\t<\/div>\n\t\t\t\t<\/div>\n\t\t\t\t<div class=\"elementor-element elementor-element-3358e21 elementor-widget-divider--view-line elementor-widget elementor-widget-divider\" data-id=\"3358e21\" data-element_type=\"widget\" data-widget_type=\"divider.default\">\n\t\t\t\t<div class=\"elementor-widget-container\">\n\t\t\t\t\t\t\t<div class=\"elementor-divider\">\n\t\t\t<span class=\"elementor-divider-separator\">\n\t\t\t\t\t\t<\/span>\n\t\t<\/div>\n\t\t\t\t\t\t<\/div>\n\t\t\t\t<\/div>\n\t\t\t\t<\/div>\n\t\t\t\t\t<\/div>\n\t\t\t\t<\/div>\n\t\t\t\t<\/div>\n\t\t","protected":false},"excerpt":{"rendered":"<p>Conf\u00e9rence des Parties \u00e0 la Convention-cadre des Nations Unies sur les changements climatiques COP30 Source: Jean Gc La 30e Conf\u00e9rence des Parties \u00e0 la Convention-cadre des Nations Unies sur les changements climatiques (COP30) La 30e Conf\u00e9rence des Parties \u00e0 la Convention-cadre des Nations Unies sur les changements climatiques (COP-30) se tiendra \u00e0 Bel\u00e9m, au Br\u00e9sil, [&hellip;]<\/p>\n","protected":false},"author":8,"featured_media":0,"parent":0,"menu_order":0,"comment_status":"closed","ping_status":"closed","template":"elementor_header_footer","meta":{"site-sidebar-layout":"no-sidebar","site-content-layout":"page-builder","ast-site-content-layout":"full-width-container","site-content-style":"default","site-sidebar-style":"default","ast-global-header-display":"","ast-banner-title-visibility":"","ast-main-header-display":"","ast-hfb-above-header-display":"","ast-hfb-below-header-display":"","ast-hfb-mobile-header-display":"","site-post-title":"disabled","ast-breadcrumbs-content":"","ast-featured-img":"disabled","footer-sml-layout":"","ast-disable-related-posts":"","theme-transparent-header-meta":"","adv-header-id-meta":"","stick-header-meta":"","header-above-stick-meta":"","header-main-stick-meta":"","header-below-stick-meta":"","astra-migrate-meta-layouts":"set","ast-page-background-enabled":"default","ast-page-background-meta":{"desktop":{"background-color":"var(--ast-global-color-4)","background-image":"","background-repeat":"repeat","background-position":"center center","background-size":"auto","background-attachment":"scroll","background-type":"","background-media":"","overlay-type":"","overlay-color":"","overlay-opacity":"","overlay-gradient":""},"tablet":{"background-color":"","background-image":"","background-repeat":"repeat","background-position":"center center","background-size":"auto","background-attachment":"scroll","background-type":"","background-media":"","overlay-type":"","overlay-color":"","overlay-opacity":"","overlay-gradient":""},"mobile":{"background-color":"","background-image":"","background-repeat":"repeat","background-position":"center center","background-size":"auto","background-attachment":"scroll","background-type":"","background-media":"","overlay-type":"","overlay-color":"","overlay-opacity":"","overlay-gradient":""}},"ast-content-background-meta":{"desktop":{"background-color":"var(--ast-global-color-5)","background-image":"","background-repeat":"repeat","background-position":"center center","background-size":"auto","background-attachment":"scroll","background-type":"","background-media":"","overlay-type":"","overlay-color":"","overlay-opacity":"","overlay-gradient":""},"tablet":{"background-color":"var(--ast-global-color-5)","background-image":"","background-repeat":"repeat","background-position":"center center","background-size":"auto","background-attachment":"scroll","background-type":"","background-media":"","overlay-type":"","overlay-color":"","overlay-opacity":"","overlay-gradient":""},"mobile":{"background-color":"var(--ast-global-color-5)","background-image":"","background-repeat":"repeat","background-position":"center center","background-size":"auto","background-attachment":"scroll","background-type":"","background-media":"","overlay-type":"","overlay-color":"","overlay-opacity":"","overlay-gradient":""}},"footnotes":""},"class_list":["post-9494","page","type-page","status-publish","hentry"],"_links":{"self":[{"href":"https:\/\/observatoirenature.org\/observatorio\/wp-json\/wp\/v2\/pages\/9494","targetHints":{"allow":["GET"]}}],"collection":[{"href":"https:\/\/observatoirenature.org\/observatorio\/wp-json\/wp\/v2\/pages"}],"about":[{"href":"https:\/\/observatoirenature.org\/observatorio\/wp-json\/wp\/v2\/types\/page"}],"author":[{"embeddable":true,"href":"https:\/\/observatoirenature.org\/observatorio\/wp-json\/wp\/v2\/users\/8"}],"replies":[{"embeddable":true,"href":"https:\/\/observatoirenature.org\/observatorio\/wp-json\/wp\/v2\/comments?post=9494"}],"version-history":[{"count":24,"href":"https:\/\/observatoirenature.org\/observatorio\/wp-json\/wp\/v2\/pages\/9494\/revisions"}],"predecessor-version":[{"id":9564,"href":"https:\/\/observatoirenature.org\/observatorio\/wp-json\/wp\/v2\/pages\/9494\/revisions\/9564"}],"wp:attachment":[{"href":"https:\/\/observatoirenature.org\/observatorio\/wp-json\/wp\/v2\/media?parent=9494"}],"curies":[{"name":"wp","href":"https:\/\/api.w.org\/{rel}","templated":true}]}}