{"id":675,"date":"2022-06-03T22:22:28","date_gmt":"2022-06-03T22:22:28","guid":{"rendered":"https:\/\/observatoirenature.org\/observatorio\/?page_id=675"},"modified":"2022-07-28T01:45:06","modified_gmt":"2022-07-28T01:45:06","slug":"parque-nacional-del-serengeti-2","status":"publish","type":"page","link":"https:\/\/observatoirenature.org\/observatorio\/es\/parque-nacional-del-serengeti-2\/","title":{"rendered":"Parque Nacional del Serengeti"},"content":{"rendered":"\t\t<div data-elementor-type=\"wp-page\" data-elementor-id=\"675\" class=\"elementor elementor-675\" data-elementor-post-type=\"page\">\n\t\t\t\t\t\t<section class=\"elementor-section elementor-top-section elementor-element elementor-element-1bc5848 elementor-section-content-middle elementor-section-boxed elementor-section-height-default elementor-section-height-default\" data-id=\"1bc5848\" data-element_type=\"section\" data-settings=\"{&quot;background_background&quot;:&quot;classic&quot;}\">\n\t\t\t\t\t\t\t<div class=\"elementor-background-overlay\"><\/div>\n\t\t\t\t\t\t\t<div class=\"elementor-container elementor-column-gap-no\">\n\t\t\t\t\t<div class=\"elementor-column elementor-col-100 elementor-top-column elementor-element elementor-element-56bab0d\" data-id=\"56bab0d\" data-element_type=\"column\">\n\t\t\t<div class=\"elementor-widget-wrap elementor-element-populated\">\n\t\t\t\t\t\t<div class=\"elementor-element elementor-element-fd881b6 elementor-invisible elementor-widget elementor-widget-heading\" data-id=\"fd881b6\" data-element_type=\"widget\" data-settings=\"{&quot;_animation&quot;:&quot;slideInDown&quot;}\" data-widget_type=\"heading.default\">\n\t\t\t\t<div class=\"elementor-widget-container\">\n\t\t\t\t\t<h2 class=\"elementor-heading-title elementor-size-default\">Parque Nacional del Serengeti<\/h2>\t\t\t\t<\/div>\n\t\t\t\t<\/div>\n\t\t\t\t\t<\/div>\n\t\t<\/div>\n\t\t\t\t\t<\/div>\n\t\t<\/section>\n\t\t\t\t<section class=\"elementor-section elementor-top-section elementor-element elementor-element-773625b elementor-section-boxed elementor-section-height-default elementor-section-height-default\" data-id=\"773625b\" data-element_type=\"section\">\n\t\t\t\t\t\t<div class=\"elementor-container elementor-column-gap-default\">\n\t\t\t\t\t<div class=\"elementor-column elementor-col-100 elementor-top-column elementor-element elementor-element-47b1e72\" data-id=\"47b1e72\" data-element_type=\"column\">\n\t\t\t<div class=\"elementor-widget-wrap elementor-element-populated\">\n\t\t\t\t\t\t<div class=\"elementor-element elementor-element-08c04e7 elementor-widget elementor-widget-heading\" data-id=\"08c04e7\" data-element_type=\"widget\" data-widget_type=\"heading.default\">\n\t\t\t\t<div class=\"elementor-widget-container\">\n\t\t\t\t\t<div class=\"elementor-heading-title elementor-size-default\">Parque Nacional del Serengeti - \n<span style=\"color:#3CBA39\">R\u00edo Mara (Tanzania)<\/span><\/div>\t\t\t\t<\/div>\n\t\t\t\t<\/div>\n\t\t\t\t\t<\/div>\n\t\t<\/div>\n\t\t\t\t\t<\/div>\n\t\t<\/section>\n\t\t\t\t<section class=\"elementor-section elementor-top-section elementor-element elementor-element-54f791d elementor-section-boxed elementor-section-height-default elementor-section-height-default\" data-id=\"54f791d\" data-element_type=\"section\">\n\t\t\t\t\t\t<div class=\"elementor-container elementor-column-gap-default\">\n\t\t\t\t\t<div class=\"elementor-column elementor-col-100 elementor-top-column elementor-element elementor-element-7a428b1\" data-id=\"7a428b1\" data-element_type=\"column\">\n\t\t\t<div class=\"elementor-widget-wrap elementor-element-populated\">\n\t\t\t\t\t\t<div class=\"elementor-element elementor-element-45a660d elementor-widget elementor-widget-image\" data-id=\"45a660d\" data-element_type=\"widget\" data-widget_type=\"image.default\">\n\t\t\t\t<div class=\"elementor-widget-container\">\n\t\t\t\t\t\t\t\t\t\t\t\t\t\t\t<img fetchpriority=\"high\" decoding=\"async\" width=\"600\" height=\"398\" src=\"https:\/\/observatoirenature.org\/observatorio\/wp-content\/uploads\/2022\/06\/Serengeti1.jpg\" class=\"attachment-large size-large wp-image-647\" alt=\"\" srcset=\"https:\/\/observatoirenature.org\/observatorio\/wp-content\/uploads\/2022\/06\/Serengeti1.jpg 600w, https:\/\/observatoirenature.org\/observatorio\/wp-content\/uploads\/2022\/06\/Serengeti1-300x199.jpg 300w\" sizes=\"(max-width: 600px) 100vw, 600px\" \/>\t\t\t\t\t\t\t\t\t\t\t\t\t\t\t<\/div>\n\t\t\t\t<\/div>\n\t\t\t\t\t<\/div>\n\t\t<\/div>\n\t\t\t\t\t<\/div>\n\t\t<\/section>\n\t\t\t\t<section class=\"elementor-section elementor-top-section elementor-element elementor-element-6feda79 elementor-section-boxed elementor-section-height-default elementor-section-height-default\" data-id=\"6feda79\" data-element_type=\"section\">\n\t\t\t\t\t\t<div class=\"elementor-container elementor-column-gap-default\">\n\t\t\t\t\t<div class=\"elementor-column elementor-col-50 elementor-top-column elementor-element elementor-element-8eeb9ee\" data-id=\"8eeb9ee\" data-element_type=\"column\">\n\t\t\t<div class=\"elementor-widget-wrap elementor-element-populated\">\n\t\t\t\t\t\t<div class=\"elementor-element elementor-element-3b9a77b elementor-widget elementor-widget-image\" data-id=\"3b9a77b\" data-element_type=\"widget\" data-widget_type=\"image.default\">\n\t\t\t\t<div class=\"elementor-widget-container\">\n\t\t\t\t\t\t\t\t\t\t\t\t\t\t\t<img decoding=\"async\" width=\"252\" height=\"195\" src=\"https:\/\/observatoirenature.org\/observatorio\/wp-content\/uploads\/2022\/06\/Picture1.png\" class=\"attachment-large size-large wp-image-648\" alt=\"\" \/>\t\t\t\t\t\t\t\t\t\t\t\t\t\t\t<\/div>\n\t\t\t\t<\/div>\n\t\t\t\t\t<\/div>\n\t\t<\/div>\n\t\t\t\t<div class=\"elementor-column elementor-col-50 elementor-top-column elementor-element elementor-element-7203ed8\" data-id=\"7203ed8\" data-element_type=\"column\">\n\t\t\t<div class=\"elementor-widget-wrap elementor-element-populated\">\n\t\t\t\t\t\t<div class=\"elementor-element elementor-element-93ed19b elementor-widget elementor-widget-text-editor\" data-id=\"93ed19b\" data-element_type=\"widget\" data-widget_type=\"text-editor.default\">\n\t\t\t\t<div class=\"elementor-widget-container\">\n\t\t\t\t\t\t\t\t\t<div id=\"bgMedia_comp-ke0ljm6t\" class=\"_2GUhU\">El Parque Nacional del Serengeti en Tanzania, designado como un patrimonio mundial y maravilla, tiene una incre\u00edble diversidad de vida silvestre con m\u00e1s de 500 especies de aves y 300 especies de mam\u00edferos.<\/div><div>\u00a0<\/div><div><p>Com\u00fanmente conocida como las &#8220;llanuras interminables&#8221; por el pueblo ind\u00edgena Maasai, el Serengeti es el hogar de la migraci\u00f3n animal intacta m\u00e1s grande del mundo, en la que m\u00e1s de un mill\u00f3n de \u00f1us y cientos de miles de otros ungulados (gacelas, cebras) embarcan en una caminata circular anual de 1.000 km, que abarca los dos pa\u00edses vecinos entre Kenia y Tanzania. Ib\u00edd.<\/p><p>Adem\u00e1s de la gran diversidad del Parque Nacional del Serengeti, tiene el r\u00edo Mara dentro de sus l\u00edmites.<\/p><\/div><p>Cubriendo casi 14.000 kil\u00f3metros cuadrados y formando parte del sistema de drenaje del Lago Victoria, as\u00ed como de la cuenca del Nilo, la cuenca del r\u00edo Mara serpentea a trav\u00e9s de Kenia y Tanzania. [4]<\/p><p>El r\u00edo Mara tambi\u00e9n sustenta una rica biodiversidad, desde ecosistemas forestales hasta la migraci\u00f3n de \u00f1us, y proporciona una gama de servicios esenciales tanto para la poblaci\u00f3n de vida silvestre del parque como para la poblaci\u00f3n humana. Para nombrar s\u00f3lo algunos de sus servicios, el r\u00edo Mara contribuye a la producci\u00f3n de alimentos, la seguridad econ\u00f3mica e incluso el turismo para ambos pa\u00edses.<\/p>\t\t\t\t\t\t\t\t<\/div>\n\t\t\t\t<\/div>\n\t\t\t\t\t<\/div>\n\t\t<\/div>\n\t\t\t\t\t<\/div>\n\t\t<\/section>\n\t\t\t\t<section class=\"elementor-section elementor-top-section elementor-element elementor-element-d55874e elementor-section-boxed elementor-section-height-default elementor-section-height-default\" data-id=\"d55874e\" data-element_type=\"section\">\n\t\t\t\t\t\t<div class=\"elementor-container elementor-column-gap-default\">\n\t\t\t\t\t<div class=\"elementor-column elementor-col-50 elementor-top-column elementor-element elementor-element-0e9f031\" data-id=\"0e9f031\" data-element_type=\"column\">\n\t\t\t<div class=\"elementor-widget-wrap elementor-element-populated\">\n\t\t\t\t\t\t<div class=\"elementor-element elementor-element-e24c007 elementor-widget elementor-widget-image\" data-id=\"e24c007\" data-element_type=\"widget\" data-widget_type=\"image.default\">\n\t\t\t\t<div class=\"elementor-widget-container\">\n\t\t\t\t\t\t\t\t\t\t\t\t\t\t\t<img decoding=\"async\" width=\"395\" height=\"263\" src=\"https:\/\/observatoirenature.org\/observatorio\/wp-content\/uploads\/2022\/06\/Picture2.png\" class=\"attachment-large size-large wp-image-661\" alt=\"\" srcset=\"https:\/\/observatoirenature.org\/observatorio\/wp-content\/uploads\/2022\/06\/Picture2.png 395w, https:\/\/observatoirenature.org\/observatorio\/wp-content\/uploads\/2022\/06\/Picture2-300x200.png 300w\" sizes=\"(max-width: 395px) 100vw, 395px\" \/>\t\t\t\t\t\t\t\t\t\t\t\t\t\t\t<\/div>\n\t\t\t\t<\/div>\n\t\t\t\t\t<\/div>\n\t\t<\/div>\n\t\t\t\t<div class=\"elementor-column elementor-col-50 elementor-top-column elementor-element elementor-element-4fb9f94\" data-id=\"4fb9f94\" data-element_type=\"column\">\n\t\t\t<div class=\"elementor-widget-wrap elementor-element-populated\">\n\t\t\t\t\t\t<div class=\"elementor-element elementor-element-4520b1d elementor-widget elementor-widget-text-editor\" data-id=\"4520b1d\" data-element_type=\"widget\" data-widget_type=\"text-editor.default\">\n\t\t\t\t<div class=\"elementor-widget-container\">\n\t\t\t\t\t\t\t\t\t<p>La integridad del Parque del Serengeti y la salud y sostenibilidad del r\u00edo Mara est\u00e1n amenazadas por varios factores interrelacionados, incluida la proliferaci\u00f3n de asentamientos en esta magn\u00edfica reserva de caza, el crecimiento de la poblaci\u00f3n humana, la presi\u00f3n humana para aprovechar los servicios de los ecosistemas, el cambio en el uso de la tierra y los riesgos derivados del cambio clim\u00e1tico.<\/p><p>El Parque del Serengeti, incluido el r\u00edo Mara, es objeto de iniciativas de actores locales (ONG y activistas) para reconocer sus derechos. Dado al car\u00e1cter interconectado de la Naturaleza &#8211; entre el Parque del Serengeti, el r\u00edo Mara, la poblaci\u00f3n animal y la poblaci\u00f3n humana &#8211; el enfoque fragmentado de proteger entidades aisladas no ser\u00eda relevante en este proyecto. Por lo tanto, la OIDN trabajar\u00e1 con las partes interesadas de Tanzania para desarrollar un enfoque integral e iniciar un cambio en el sistema legal de Tanzania para dar estatus legal al Parque Nacional del Serengeti en su conjunto con todos sus ecosistemas y especies componentes.<\/p>\t\t\t\t\t\t\t\t<\/div>\n\t\t\t\t<\/div>\n\t\t\t\t\t<\/div>\n\t\t<\/div>\n\t\t\t\t\t<\/div>\n\t\t<\/section>\n\t\t\t\t<\/div>\n\t\t","protected":false},"excerpt":{"rendered":"<p>Parque Nacional del Serengeti Parque Nacional del Serengeti &#8211; R\u00edo Mara (Tanzania) El Parque Nacional del Serengeti en Tanzania, designado como un patrimonio mundial y maravilla, tiene una incre\u00edble diversidad de vida silvestre con m\u00e1s de 500 especies de aves y 300 especies de mam\u00edferos.\u00a0 Com\u00fanmente conocida como las &#8220;llanuras interminables&#8221; por el pueblo ind\u00edgena [&hellip;]<\/p>\n","protected":false},"author":1,"featured_media":0,"parent":0,"menu_order":0,"comment_status":"closed","ping_status":"closed","template":"","meta":{"site-sidebar-layout":"no-sidebar","site-content-layout":"page-builder","ast-site-content-layout":"default","site-content-style":"default","site-sidebar-style":"default","ast-global-header-display":"","ast-banner-title-visibility":"","ast-main-header-display":"","ast-hfb-above-header-display":"","ast-hfb-below-header-display":"","ast-hfb-mobile-header-display":"","site-post-title":"disabled","ast-breadcrumbs-content":"","ast-featured-img":"disabled","footer-sml-layout":"","ast-disable-related-posts":"","theme-transparent-header-meta":"","adv-header-id-meta":"","stick-header-meta":"","header-above-stick-meta":"","header-main-stick-meta":"","header-below-stick-meta":"","astra-migrate-meta-layouts":"default","ast-page-background-enabled":"default","ast-page-background-meta":{"desktop":{"background-color":"var(--ast-global-color-4)","background-image":"","background-repeat":"repeat","background-position":"center center","background-size":"auto","background-attachment":"scroll","background-type":"","background-media":"","overlay-type":"","overlay-color":"","overlay-opacity":"","overlay-gradient":""},"tablet":{"background-color":"","background-image":"","background-repeat":"repeat","background-position":"center center","background-size":"auto","background-attachment":"scroll","background-type":"","background-media":"","overlay-type":"","overlay-color":"","overlay-opacity":"","overlay-gradient":""},"mobile":{"background-color":"","background-image":"","background-repeat":"repeat","background-position":"center center","background-size":"auto","background-attachment":"scroll","background-type":"","background-media":"","overlay-type":"","overlay-color":"","overlay-opacity":"","overlay-gradient":""}},"ast-content-background-meta":{"desktop":{"background-color":"var(--ast-global-color-5)","background-image":"","background-repeat":"repeat","background-position":"center center","background-size":"auto","background-attachment":"scroll","background-type":"","background-media":"","overlay-type":"","overlay-color":"","overlay-opacity":"","overlay-gradient":""},"tablet":{"background-color":"var(--ast-global-color-5)","background-image":"","background-repeat":"repeat","background-position":"center center","background-size":"auto","background-attachment":"scroll","background-type":"","background-media":"","overlay-type":"","overlay-color":"","overlay-opacity":"","overlay-gradient":""},"mobile":{"background-color":"var(--ast-global-color-5)","background-image":"","background-repeat":"repeat","background-position":"center center","background-size":"auto","background-attachment":"scroll","background-type":"","background-media":"","overlay-type":"","overlay-color":"","overlay-opacity":"","overlay-gradient":""}},"footnotes":""},"class_list":["post-675","page","type-page","status-publish","hentry"],"_links":{"self":[{"href":"https:\/\/observatoirenature.org\/observatorio\/wp-json\/wp\/v2\/pages\/675","targetHints":{"allow":["GET"]}}],"collection":[{"href":"https:\/\/observatoirenature.org\/observatorio\/wp-json\/wp\/v2\/pages"}],"about":[{"href":"https:\/\/observatoirenature.org\/observatorio\/wp-json\/wp\/v2\/types\/page"}],"author":[{"embeddable":true,"href":"https:\/\/observatoirenature.org\/observatorio\/wp-json\/wp\/v2\/users\/1"}],"replies":[{"embeddable":true,"href":"https:\/\/observatoirenature.org\/observatorio\/wp-json\/wp\/v2\/comments?post=675"}],"version-history":[{"count":16,"href":"https:\/\/observatoirenature.org\/observatorio\/wp-json\/wp\/v2\/pages\/675\/revisions"}],"predecessor-version":[{"id":2720,"href":"https:\/\/observatoirenature.org\/observatorio\/wp-json\/wp\/v2\/pages\/675\/revisions\/2720"}],"wp:attachment":[{"href":"https:\/\/observatoirenature.org\/observatorio\/wp-json\/wp\/v2\/media?parent=675"}],"curies":[{"name":"wp","href":"https:\/\/api.w.org\/{rel}","templated":true}]}}