{"id":570,"date":"2022-06-03T21:39:36","date_gmt":"2022-06-03T21:39:36","guid":{"rendered":"https:\/\/observatoirenature.org\/observatorio\/?page_id=570"},"modified":"2022-08-04T14:22:31","modified_gmt":"2022-08-04T14:22:31","slug":"riviere-magpie","status":"publish","type":"page","link":"https:\/\/observatoirenature.org\/observatorio\/riviere-magpie\/","title":{"rendered":"Rivi\u00e8re Magpie"},"content":{"rendered":"\t\t<div data-elementor-type=\"wp-page\" data-elementor-id=\"570\" class=\"elementor elementor-570\" data-elementor-post-type=\"page\">\n\t\t\t\t\t\t<section class=\"elementor-section elementor-top-section elementor-element elementor-element-e9e0431 elementor-section-content-middle elementor-section-boxed elementor-section-height-default elementor-section-height-default\" data-id=\"e9e0431\" data-element_type=\"section\" data-settings=\"{&quot;background_background&quot;:&quot;classic&quot;}\">\n\t\t\t\t\t\t\t<div class=\"elementor-background-overlay\"><\/div>\n\t\t\t\t\t\t\t<div class=\"elementor-container elementor-column-gap-no\">\n\t\t\t\t\t<div class=\"elementor-column elementor-col-100 elementor-top-column elementor-element elementor-element-693f5b1\" data-id=\"693f5b1\" data-element_type=\"column\">\n\t\t\t<div class=\"elementor-widget-wrap elementor-element-populated\">\n\t\t\t\t\t\t<div class=\"elementor-element elementor-element-c4a4b88 elementor-invisible elementor-widget elementor-widget-heading\" data-id=\"c4a4b88\" data-element_type=\"widget\" data-settings=\"{&quot;_animation&quot;:&quot;slideInDown&quot;}\" data-widget_type=\"heading.default\">\n\t\t\t\t<div class=\"elementor-widget-container\">\n\t\t\t\t\t<h2 class=\"elementor-heading-title elementor-size-default\">Rivi\u00e8re Magpie <\/h2>\t\t\t\t<\/div>\n\t\t\t\t<\/div>\n\t\t\t\t\t<\/div>\n\t\t<\/div>\n\t\t\t\t\t<\/div>\n\t\t<\/section>\n\t\t\t\t<section class=\"elementor-section elementor-top-section elementor-element elementor-element-9a737a4 elementor-section-boxed elementor-section-height-default elementor-section-height-default\" data-id=\"9a737a4\" data-element_type=\"section\">\n\t\t\t\t\t\t<div class=\"elementor-container elementor-column-gap-default\">\n\t\t\t\t\t<div class=\"elementor-column elementor-col-100 elementor-top-column elementor-element elementor-element-afc34c3\" data-id=\"afc34c3\" data-element_type=\"column\">\n\t\t\t<div class=\"elementor-widget-wrap elementor-element-populated\">\n\t\t\t\t\t\t<div class=\"elementor-element elementor-element-28c7703 elementor-widget elementor-widget-heading\" data-id=\"28c7703\" data-element_type=\"widget\" data-widget_type=\"heading.default\">\n\t\t\t\t<div class=\"elementor-widget-container\">\n\t\t\t\t\t<div class=\"elementor-heading-title elementor-size-default\">Rivi\u00e8re Magpie \n<span style=\"color:#3CBA39\"> (Qu\u00e9bec, Canada)<\/span><\/div>\t\t\t\t<\/div>\n\t\t\t\t<\/div>\n\t\t\t\t\t<\/div>\n\t\t<\/div>\n\t\t\t\t\t<\/div>\n\t\t<\/section>\n\t\t\t\t<section class=\"elementor-section elementor-top-section elementor-element elementor-element-44c0e18 elementor-section-boxed elementor-section-height-default elementor-section-height-default\" data-id=\"44c0e18\" data-element_type=\"section\">\n\t\t\t\t\t\t<div class=\"elementor-container elementor-column-gap-default\">\n\t\t\t\t\t<div class=\"elementor-column elementor-col-100 elementor-top-column elementor-element elementor-element-0f7852c\" data-id=\"0f7852c\" data-element_type=\"column\">\n\t\t\t<div class=\"elementor-widget-wrap elementor-element-populated\">\n\t\t\t\t\t\t<div class=\"elementor-element elementor-element-2530ded elementor-widget elementor-widget-text-editor\" data-id=\"2530ded\" data-element_type=\"widget\" data-widget_type=\"text-editor.default\">\n\t\t\t\t<div class=\"elementor-widget-container\">\n\t\t\t\t\t\t\t\t\t<p>Le 23 f\u00e9vrier 2021, l\u2019Alliance pour la protection de la rivi\u00e8re Magpie\/ Muteshekau Shipu (en Innu) en partenariat avec l\u2019Observatoire international des droits de la Nature, ont annonc\u00e9 la reconnaissance de la personnalit\u00e9 juridique et l&#8217;attribution de droits \u00e0 cette majestueuse rivi\u00e8re.<\/p><p>La rivi\u00e8re Magpie est situ\u00e9e dans le Nitassinan (le territoire ancestral du peuple Innu), dans l\u2019Est du Qu\u00e9bec. Son nom innu, Muteshekau Shipu, signifie \u00ab la rivi\u00e8re o\u00f9 l&#8217;eau passe entre des falaises rocheuses carr\u00e9es \u00bb[1].<\/p><p>D&#8217;une longueur d\u2019approximativement 290 km, la rivi\u00e8re Magpie est l\u2019une des plus importantes rivi\u00e8res de la C\u00f4te-Nord et l\u2019une des derni\u00e8res grandes rivi\u00e8res sauvages du Qu\u00e9bec[2]. Elle prend sa source \u00e0 la fronti\u00e8re du Qu\u00e9bec et du Labrador et se d\u00e9verse dans le golfe du Saint-Laurent. Renomm\u00e9e \u00e0 l&#8217;\u00e9chelle internationale comme un joyau de la Nature, le magazine National Geographic l\u2019a class\u00e9e parmi les dix meilleures rivi\u00e8res au monde pour les activit\u00e9s en eau vive[3].<\/p>\t\t\t\t\t\t\t\t<\/div>\n\t\t\t\t<\/div>\n\t\t\t\t\t<\/div>\n\t\t<\/div>\n\t\t\t\t\t<\/div>\n\t\t<\/section>\n\t\t\t\t<section class=\"elementor-section elementor-top-section elementor-element elementor-element-5ae1654 elementor-section-boxed elementor-section-height-default elementor-section-height-default\" data-id=\"5ae1654\" data-element_type=\"section\">\n\t\t\t\t\t\t<div class=\"elementor-container elementor-column-gap-default\">\n\t\t\t\t\t<div class=\"elementor-column elementor-col-50 elementor-top-column elementor-element elementor-element-cb14c62\" data-id=\"cb14c62\" data-element_type=\"column\">\n\t\t\t<div class=\"elementor-widget-wrap elementor-element-populated\">\n\t\t\t\t\t\t<div class=\"elementor-element elementor-element-64d9c3e elementor-widget elementor-widget-image\" data-id=\"64d9c3e\" data-element_type=\"widget\" data-widget_type=\"image.default\">\n\t\t\t\t<div class=\"elementor-widget-container\">\n\t\t\t\t\t\t\t\t\t\t\t\t\t\t\t<img fetchpriority=\"high\" decoding=\"async\" width=\"900\" height=\"671\" src=\"https:\/\/observatoirenature.org\/observatorio\/wp-content\/uploads\/2022\/06\/Rio1.jpg\" class=\"attachment-large size-large wp-image-576\" alt=\"\" srcset=\"https:\/\/observatoirenature.org\/observatorio\/wp-content\/uploads\/2022\/06\/Rio1.jpg 900w, https:\/\/observatoirenature.org\/observatorio\/wp-content\/uploads\/2022\/06\/Rio1-300x224.jpg 300w, https:\/\/observatoirenature.org\/observatorio\/wp-content\/uploads\/2022\/06\/Rio1-768x573.jpg 768w\" sizes=\"(max-width: 900px) 100vw, 900px\" \/>\t\t\t\t\t\t\t\t\t\t\t\t\t\t\t<\/div>\n\t\t\t\t<\/div>\n\t\t\t\t\t<\/div>\n\t\t<\/div>\n\t\t\t\t<div class=\"elementor-column elementor-col-50 elementor-top-column elementor-element elementor-element-31456f3\" data-id=\"31456f3\" data-element_type=\"column\">\n\t\t\t<div class=\"elementor-widget-wrap elementor-element-populated\">\n\t\t\t\t\t\t<div class=\"elementor-element elementor-element-a606bbe elementor-widget elementor-widget-text-editor\" data-id=\"a606bbe\" data-element_type=\"widget\" data-widget_type=\"text-editor.default\">\n\t\t\t\t<div class=\"elementor-widget-container\">\n\t\t\t\t\t\t\t\t\t<p class=\"font_8\">Depuis des temps imm\u00e9moriaux et bien avant l\u2019arriv\u00e9e des Europ\u00e9ens, la Premi\u00e8re Nation des Innu de Ekuanitshit occupe, g\u00e8re, utilise et fr\u00e9quente la rivi\u00e8re Magpie, y pratique un mode de vie unique et subsiste gr\u00e2ce \u00e0 ses ressources. La rivi\u00e8re Magpie constitue une partie int\u00e9grante de leur culture et identit\u00e9 distinctive encore aujourd\u2019hui. Les Innu de Ekuanitshit continuent d\u2019utiliser la rivi\u00e8re Magpie et ses ressources \u00e0 des fins alimentaires et culturelles.<\/p><p class=\"font_8\">Malgr\u00e9 l&#8217;importance \u00e9cologique et culturelle de cette rivi\u00e8re majestueuse, elle ne b\u00e9n\u00e9ficie pas d\u2019une protection environnementale ad\u00e9quate. Par cons\u00e9quent, la rivi\u00e8re Magpie est toujours susceptible de faire l&#8217;objet d\u2019une exploitation commerciale. Une telle exploitation de la rivi\u00e8re Magpie entra\u00eenerait des effets environnementaux n\u00e9fastes et limiterait l\u2019exercice des droits ancestraux de la communaut\u00e9 Innu de Ekuanitshit.<\/p>\t\t\t\t\t\t\t\t<\/div>\n\t\t\t\t<\/div>\n\t\t\t\t\t<\/div>\n\t\t<\/div>\n\t\t\t\t\t<\/div>\n\t\t<\/section>\n\t\t\t\t<section class=\"elementor-section elementor-top-section elementor-element elementor-element-d5b4fbd elementor-section-boxed elementor-section-height-default elementor-section-height-default\" data-id=\"d5b4fbd\" data-element_type=\"section\">\n\t\t\t\t\t\t<div class=\"elementor-container elementor-column-gap-default\">\n\t\t\t\t\t<div class=\"elementor-column elementor-col-50 elementor-top-column elementor-element elementor-element-69190d9\" data-id=\"69190d9\" data-element_type=\"column\">\n\t\t\t<div class=\"elementor-widget-wrap elementor-element-populated\">\n\t\t\t\t\t\t<div class=\"elementor-element elementor-element-0e4e6f6 elementor-widget elementor-widget-image\" data-id=\"0e4e6f6\" data-element_type=\"widget\" data-widget_type=\"image.default\">\n\t\t\t\t<div class=\"elementor-widget-container\">\n\t\t\t\t\t\t\t\t\t\t\t\t\t\t\t<img decoding=\"async\" width=\"1024\" height=\"473\" src=\"https:\/\/observatoirenature.org\/observatorio\/wp-content\/uploads\/2022\/06\/RioMagpie-1-1024x473.jpg\" class=\"attachment-large size-large wp-image-583\" alt=\"\" srcset=\"https:\/\/observatoirenature.org\/observatorio\/wp-content\/uploads\/2022\/06\/RioMagpie-1-1024x473.jpg 1024w, https:\/\/observatoirenature.org\/observatorio\/wp-content\/uploads\/2022\/06\/RioMagpie-1-300x139.jpg 300w, https:\/\/observatoirenature.org\/observatorio\/wp-content\/uploads\/2022\/06\/RioMagpie-1-768x355.jpg 768w, https:\/\/observatoirenature.org\/observatorio\/wp-content\/uploads\/2022\/06\/RioMagpie-1.jpg 1300w\" sizes=\"(max-width: 1024px) 100vw, 1024px\" \/>\t\t\t\t\t\t\t\t\t\t\t\t\t\t\t<\/div>\n\t\t\t\t<\/div>\n\t\t\t\t\t<\/div>\n\t\t<\/div>\n\t\t\t\t<div class=\"elementor-column elementor-col-50 elementor-top-column elementor-element elementor-element-72c8b02\" data-id=\"72c8b02\" data-element_type=\"column\">\n\t\t\t<div class=\"elementor-widget-wrap elementor-element-populated\">\n\t\t\t\t\t\t<div class=\"elementor-element elementor-element-df38954 elementor-widget elementor-widget-text-editor\" data-id=\"df38954\" data-element_type=\"widget\" data-widget_type=\"text-editor.default\">\n\t\t\t\t<div class=\"elementor-widget-container\">\n\t\t\t\t\t\t\t\t\t<p class=\"font_8\">L\u2019OIDN travaille en partenariat avec le Conseil des Innu de Ekuanitshit, la Municipalit\u00e9 r\u00e9gionale de comt\u00e9 (MRC) de Minganie et SNAP Qu\u00e9bec pour\u00a0mener une \u00e9tude sur l\u2019emploi des outils juridiques au service de la protection de la rivi\u00e8re Magpie, en vue d\u2019assurer la mise en application de l&#8217;attribution de la personnalit\u00e9 juridique et des droits \u00e0 la rivi\u00e8re.<span class=\"wixGuard\">\u200b<\/span><\/p><p class=\"font_8\">\u200bL\u2019\u00e9quipe de l\u2019Observatoire international des droits de la Nature, ayant contribu\u00e9 \u00e0 la r\u00e9daction des deux r\u00e9solutions miroirs, est reconnaissant de la pr\u00e9cieuse contribution des chercheurs associ\u00e9s de l\u2019Observatoire, experts en droit de la Nature et en mati\u00e8re de droit autochtone, ainsi que de la collaboration des \u00e9tudiants et stagiaires en droit associ\u00e9s audit projet. Il s\u2019agit d\u2019un travail collaboratif, non seulement pour faire \u00e9voluer le droit, mais aussi pour am\u00e9liorer notre rapport avec la Nature.<span class=\"wixGuard\">\u200b<\/span><\/p>\t\t\t\t\t\t\t\t<\/div>\n\t\t\t\t<\/div>\n\t\t\t\t\t<\/div>\n\t\t<\/div>\n\t\t\t\t\t<\/div>\n\t\t<\/section>\n\t\t\t\t<section class=\"elementor-section elementor-top-section elementor-element elementor-element-0b3262b elementor-section-boxed elementor-section-height-default elementor-section-height-default\" data-id=\"0b3262b\" data-element_type=\"section\">\n\t\t\t\t\t\t<div class=\"elementor-container elementor-column-gap-default\">\n\t\t\t\t\t<div class=\"elementor-column elementor-col-50 elementor-top-column elementor-element elementor-element-f882e4f\" data-id=\"f882e4f\" data-element_type=\"column\">\n\t\t\t<div class=\"elementor-widget-wrap elementor-element-populated\">\n\t\t\t\t\t\t<div class=\"elementor-element elementor-element-2955d12 elementor-widget elementor-widget-image\" data-id=\"2955d12\" data-element_type=\"widget\" data-widget_type=\"image.default\">\n\t\t\t\t<div class=\"elementor-widget-container\">\n\t\t\t\t\t\t\t\t\t\t\t\t\t\t\t<img decoding=\"async\" width=\"800\" height=\"596\" src=\"https:\/\/observatoirenature.org\/observatorio\/wp-content\/uploads\/2022\/06\/Rio2.jpg\" class=\"attachment-large size-large wp-image-588\" alt=\"\" srcset=\"https:\/\/observatoirenature.org\/observatorio\/wp-content\/uploads\/2022\/06\/Rio2.jpg 800w, https:\/\/observatoirenature.org\/observatorio\/wp-content\/uploads\/2022\/06\/Rio2-300x224.jpg 300w, https:\/\/observatoirenature.org\/observatorio\/wp-content\/uploads\/2022\/06\/Rio2-768x572.jpg 768w\" sizes=\"(max-width: 800px) 100vw, 800px\" \/>\t\t\t\t\t\t\t\t\t\t\t\t\t\t\t<\/div>\n\t\t\t\t<\/div>\n\t\t\t\t\t<\/div>\n\t\t<\/div>\n\t\t\t\t<div class=\"elementor-column elementor-col-50 elementor-top-column elementor-element elementor-element-d925818\" data-id=\"d925818\" data-element_type=\"column\">\n\t\t\t<div class=\"elementor-widget-wrap elementor-element-populated\">\n\t\t\t\t\t\t<div class=\"elementor-element elementor-element-f6df860 elementor-widget elementor-widget-text-editor\" data-id=\"f6df860\" data-element_type=\"widget\" data-widget_type=\"text-editor.default\">\n\t\t\t\t<div class=\"elementor-widget-container\">\n\t\t\t\t\t\t\t\t\t<p class=\"font_8\">Le texte des r\u00e9solutions sont accessibles via les liens suivants : pour le Conseil de Ekuanitshit: <a href=\"http:\/\/files.harmonywithnatureun.org\/uploads\/upload1072.pdf\" target=\"_blank\" rel=\"noopener\">http:\/\/files.harmonywithnatureun.org\/uploads\/upload1072.pdf<\/a>\u00a0<\/p><p class=\"font_8\">pour la MRC de Minganie: <a href=\"http:\/\/files.harmonywithnatureun.org\/uploads\/upload1069.pdf\" target=\"_blank\" rel=\"noopener\">http:\/\/files.harmonywithnatureun.org\/uploads\/upload1069.pdf<\/a><\/p><p class=\"font_8\">L\u2019OIDN est fier d\u2019avoir particip\u00e9 au changement de paradigme qu\u2019implique ne plus consid\u00e9rer la Nature comme un simple \u00ab objet \u00bb qui peut \u00eatre exploit\u00e9, mais comme un \u00ab sujet de droit \u00bb qui doit \u00eatre respect\u00e9 et prot\u00e9g\u00e9 pour les g\u00e9n\u00e9rations futures, humaines et non humaines.<\/p><p class=\"font_8\">Pour plus d&#8217;information veuillez consulter le blog:\u00a0<\/p><p><blockquote class=\"wp-embedded-content\" data-secret=\"s8kOCFYTYg\"><a href=\"https:\/\/observatoirenature.org\/observatorio\/2022\/06\/11\/la-reconnaissance-de-la-riviere-magpie-muteshekau-shipu-comme-personne-non-humaine\/\">La reconnaissance de la rivi\u00e8re Magpie\/ Muteshekau Shipu comme personne-non humaine<\/a><\/blockquote><iframe class=\"wp-embedded-content\" sandbox=\"allow-scripts\" security=\"restricted\" style=\"position: absolute; clip: rect(1px, 1px, 1px, 1px);\" title=\"&#8220;La reconnaissance de la rivi\u00e8re Magpie\/ Muteshekau Shipu comme personne-non humaine&#8221; &#8212; Observatoire Nature\" src=\"https:\/\/observatoirenature.org\/observatorio\/2022\/06\/11\/la-reconnaissance-de-la-riviere-magpie-muteshekau-shipu-comme-personne-non-humaine\/embed\/#?secret=mn07ph5Uxt#?secret=s8kOCFYTYg\" data-secret=\"s8kOCFYTYg\" width=\"500\" height=\"282\" frameborder=\"0\" marginwidth=\"0\" marginheight=\"0\" scrolling=\"no\"><\/iframe><\/p><p class=\"font_8\">[1]\u00a0Commission de toponymie du Qu\u00e9bec, \u00ab Rivi\u00e8re Magpie \u00bb, en ligne : &lt;<a href=\"http:\/\/www.toponymie.gouv.qc.ca\/ct\/ToposWeb\/Fiche.aspx?no_seq=38014%3E.\" target=\"_blank\" rel=\"noopener\" data-auto-recognition=\"true\">http:\/\/www.toponymie.gouv.qc.ca\/ct\/ToposWeb\/Fiche.aspx?no_seq=38014&gt;.<\/a><\/p><p class=\"font_8\">[2]\u00a0Organisme de bassins versants Duplessis, \u00ab Portrait du bassin versant Magpie \u00bb, en ligne : &lt;<a href=\"http:\/\/obvd.qc.ca\/fiches-portraits\/riviere-magpie\/fiche-portrait.pdf%3E.\" target=\"_blank\" rel=\"noopener\" data-auto-recognition=\"true\">http:\/\/obvd.qc.ca\/fiches-portraits\/riviere-magpie\/fiche-portrait.pdf&gt;.<\/a><\/p><p class=\"font_8\">[3]\u00a0National Geographic, \u00ab Top 10 White-Water Rafting \u00bb, 21 janvier 2020, en ligne : &lt;<a href=\"https:\/\/www.nationalgeographic.com\/travel\/top-10\/white-water-rafting\/%3E\" target=\"_blank\" rel=\"noopener\" data-auto-recognition=\"true\">https:\/\/www.nationalgeographic.com\/travel\/top-10\/white-water-rafting\/<\/a><\/p>\t\t\t\t\t\t\t\t<\/div>\n\t\t\t\t<\/div>\n\t\t\t\t\t<\/div>\n\t\t<\/div>\n\t\t\t\t\t<\/div>\n\t\t<\/section>\n\t\t\t\t<\/div>\n\t\t","protected":false},"excerpt":{"rendered":"<p>Rivi\u00e8re Magpie Rivi\u00e8re Magpie (Qu\u00e9bec, Canada) Le 23 f\u00e9vrier 2021, l\u2019Alliance pour la protection de la rivi\u00e8re Magpie\/ Muteshekau Shipu (en Innu) en partenariat avec l\u2019Observatoire international des droits de la Nature, ont annonc\u00e9 la reconnaissance de la personnalit\u00e9 juridique et l&#8217;attribution de droits \u00e0 cette majestueuse rivi\u00e8re. La rivi\u00e8re Magpie est situ\u00e9e dans le [&hellip;]<\/p>\n","protected":false},"author":1,"featured_media":0,"parent":0,"menu_order":0,"comment_status":"closed","ping_status":"closed","template":"","meta":{"site-sidebar-layout":"no-sidebar","site-content-layout":"page-builder","ast-site-content-layout":"default","site-content-style":"default","site-sidebar-style":"default","ast-global-header-display":"","ast-banner-title-visibility":"","ast-main-header-display":"","ast-hfb-above-header-display":"","ast-hfb-below-header-display":"","ast-hfb-mobile-header-display":"","site-post-title":"disabled","ast-breadcrumbs-content":"","ast-featured-img":"disabled","footer-sml-layout":"","ast-disable-related-posts":"","theme-transparent-header-meta":"","adv-header-id-meta":"","stick-header-meta":"","header-above-stick-meta":"","header-main-stick-meta":"","header-below-stick-meta":"","astra-migrate-meta-layouts":"default","ast-page-background-enabled":"default","ast-page-background-meta":{"desktop":{"background-color":"var(--ast-global-color-4)","background-image":"","background-repeat":"repeat","background-position":"center center","background-size":"auto","background-attachment":"scroll","background-type":"","background-media":"","overlay-type":"","overlay-color":"","overlay-opacity":"","overlay-gradient":""},"tablet":{"background-color":"","background-image":"","background-repeat":"repeat","background-position":"center center","background-size":"auto","background-attachment":"scroll","background-type":"","background-media":"","overlay-type":"","overlay-color":"","overlay-opacity":"","overlay-gradient":""},"mobile":{"background-color":"","background-image":"","background-repeat":"repeat","background-position":"center center","background-size":"auto","background-attachment":"scroll","background-type":"","background-media":"","overlay-type":"","overlay-color":"","overlay-opacity":"","overlay-gradient":""}},"ast-content-background-meta":{"desktop":{"background-color":"var(--ast-global-color-5)","background-image":"","background-repeat":"repeat","background-position":"center center","background-size":"auto","background-attachment":"scroll","background-type":"","background-media":"","overlay-type":"","overlay-color":"","overlay-opacity":"","overlay-gradient":""},"tablet":{"background-color":"var(--ast-global-color-5)","background-image":"","background-repeat":"repeat","background-position":"center center","background-size":"auto","background-attachment":"scroll","background-type":"","background-media":"","overlay-type":"","overlay-color":"","overlay-opacity":"","overlay-gradient":""},"mobile":{"background-color":"var(--ast-global-color-5)","background-image":"","background-repeat":"repeat","background-position":"center center","background-size":"auto","background-attachment":"scroll","background-type":"","background-media":"","overlay-type":"","overlay-color":"","overlay-opacity":"","overlay-gradient":""}},"footnotes":""},"class_list":["post-570","page","type-page","status-publish","hentry"],"_links":{"self":[{"href":"https:\/\/observatoirenature.org\/observatorio\/wp-json\/wp\/v2\/pages\/570","targetHints":{"allow":["GET"]}}],"collection":[{"href":"https:\/\/observatoirenature.org\/observatorio\/wp-json\/wp\/v2\/pages"}],"about":[{"href":"https:\/\/observatoirenature.org\/observatorio\/wp-json\/wp\/v2\/types\/page"}],"author":[{"embeddable":true,"href":"https:\/\/observatoirenature.org\/observatorio\/wp-json\/wp\/v2\/users\/1"}],"replies":[{"embeddable":true,"href":"https:\/\/observatoirenature.org\/observatorio\/wp-json\/wp\/v2\/comments?post=570"}],"version-history":[{"count":31,"href":"https:\/\/observatoirenature.org\/observatorio\/wp-json\/wp\/v2\/pages\/570\/revisions"}],"predecessor-version":[{"id":2763,"href":"https:\/\/observatoirenature.org\/observatorio\/wp-json\/wp\/v2\/pages\/570\/revisions\/2763"}],"wp:attachment":[{"href":"https:\/\/observatoirenature.org\/observatorio\/wp-json\/wp\/v2\/media?parent=570"}],"curies":[{"name":"wp","href":"https:\/\/api.w.org\/{rel}","templated":true}]}}