{"id":5044,"date":"2023-12-07T11:58:12","date_gmt":"2023-12-07T11:58:12","guid":{"rendered":"https:\/\/observatoirenature.org\/observatorio\/?page_id=5044"},"modified":"2024-01-07T19:32:40","modified_gmt":"2024-01-07T19:32:40","slug":"wp-list-los-derechos-de-un-rio","status":"publish","type":"page","link":"https:\/\/observatoirenature.org\/observatorio\/wp-list-los-derechos-de-un-rio\/","title":{"rendered":"WP List Los Derechos de un R\u00edo"},"content":{"rendered":"\n<ul class=\"wp-block-list\">\n<li><strong>El derecho a existir y a fluir: <\/strong>Todo r\u00edo tiene un derecho sagrado, inalienable e inmutable a existir. Cada r\u00edo tiene el privilegio de seguir su curso natural, fluir a un ritmo natural y funcionar con poca o ninguna interferencia humana.<\/li>\n\n\n\n<li><strong>Derecho a que se respeten sus ciclos vitales:<\/strong> Los r\u00edos tienen ciclos estacionales que son esenciales para el buen funcionamiento del sistema fluvial y de los ecosistemas que dependen de \u00e9l. Este derecho los protege de las perturbaciones artificiales, garantizando que puedan seguir sus ritmos naturales, como las crecidas de primavera y los per\u00edodos de estiaje estival.<\/li>\n\n\n\n<li><strong>El derecho a mantener su biodiversidad natural:<\/strong> Cada r\u00edo, como ecosistema \u00fanico, tiene derecho a preservar su riqueza natural. Esto significa que tiene derecho a albergar una multitud de especies vegetales y animales que contribuyan a su diversidad y equilibrio.<\/li>\n\n\n\n<li><strong>Derecho a mantener su integridad:<\/strong> Los r\u00edos tienen derecho a conservar su estructura y funcionamiento naturales. Deben ser preservados de manera que mantengan sus procesos naturales y su equilibrio din\u00e1mico, incluida su capacidad de prestar servicios ecol\u00f3gicos inestimables a las especies no humanas que viven en ellos.<\/li>\n\n\n\n<li><strong>El derecho a la preservaci\u00f3n de las riberas de los r\u00edos y las llanuras aluviales:<\/strong> Las riberas de los r\u00edos y las planicies inundables, esas zonas de amortiguaci\u00f3n cruciales entre la tierra y el agua, merecen respeto y protecci\u00f3n. Deben preservarse del desarrollo excesivo, la degradaci\u00f3n humana y la contaminaci\u00f3n para mantener el h\u00e1bitat y la calidad del agua.<\/li>\n\n\n\n<li><strong>Derecho a desempe\u00f1ar funciones esenciales dentro de su ecosistema:<\/strong> Los r\u00edos y el corredor fluvial del que forman parte desempe\u00f1an un papel fundamental en la regulaci\u00f3n hidrol\u00f3gica, la filtraci\u00f3n de contaminantes y el mantenimiento de los ecosistemas acu\u00e1ticos y terrestres. Tienen derecho a seguir cumpliendo estas funciones vitales.<\/li>\n\n\n\n<li><strong>Derecho a alimentar y ser alimentados por acu\u00edferos y afluentes:<\/strong> Los r\u00edos dependen de los afluentes y de los suministros de aguas subterr\u00e1neas para mantener un r\u00e9gimen hidrol\u00f3gico normal. Este derecho garantiza su acceso a estos aportes y la protecci\u00f3n de las entidades (es decir, humedales y masas de agua) que proporcionan estas valiosas aportaciones.<\/li>\n\n\n\n<li><strong>Derecho a estar libre de contaminaci\u00f3n:<\/strong> Todo r\u00edo tiene derecho a permanecer libre de cualquier forma de contaminaci\u00f3n que degrade significativamente su existencia. Este derecho lo protege de la contaminaci\u00f3n industrial, agr\u00edcola o urbana importante que amenace su salud y su capacidad de proporcionar un h\u00e1bitat sostenible y de alta calidad a las especies que dependen de \u00e9l.<\/li>\n\n\n\n<li><strong>Derecho a la regeneraci\u00f3n y a la restauraci\u00f3n:<\/strong> Los r\u00edos tienen derecho a regenerarse de forma natural, pero tambi\u00e9n a beneficiarse de medidas de restauraci\u00f3n cuando sea necesario para restablecer su funcionamiento natural. Esto garantiza su continuidad y vitalidad.<\/li>\n\n\n\n<li><strong>Derecho a emprender acciones legales:<\/strong> Los r\u00edos merecen ser defendidos ante los tribunales por representantes legales para que se garantice el respeto y la protecci\u00f3n de sus derechos. Este derecho les da voz si se ven amenazados o violados.<\/li>\n<\/ul>\n","protected":false},"excerpt":{"rendered":"","protected":false},"author":1,"featured_media":0,"parent":0,"menu_order":0,"comment_status":"closed","ping_status":"closed","template":"","meta":{"site-sidebar-layout":"default","site-content-layout":"","ast-site-content-layout":"default","site-content-style":"default","site-sidebar-style":"default","ast-global-header-display":"","ast-banner-title-visibility":"","ast-main-header-display":"","ast-hfb-above-header-display":"","ast-hfb-below-header-display":"","ast-hfb-mobile-header-display":"","site-post-title":"","ast-breadcrumbs-content":"","ast-featured-img":"","footer-sml-layout":"","ast-disable-related-posts":"","theme-transparent-header-meta":"","adv-header-id-meta":"","stick-header-meta":"","header-above-stick-meta":"","header-main-stick-meta":"","header-below-stick-meta":"","astra-migrate-meta-layouts":"set","ast-page-background-enabled":"default","ast-page-background-meta":{"desktop":{"background-color":"var(--ast-global-color-4)","background-image":"","background-repeat":"repeat","background-position":"center center","background-size":"auto","background-attachment":"scroll","background-type":"","background-media":"","overlay-type":"","overlay-color":"","overlay-opacity":"","overlay-gradient":""},"tablet":{"background-color":"","background-image":"","background-repeat":"repeat","background-position":"center center","background-size":"auto","background-attachment":"scroll","background-type":"","background-media":"","overlay-type":"","overlay-color":"","overlay-opacity":"","overlay-gradient":""},"mobile":{"background-color":"","background-image":"","background-repeat":"repeat","background-position":"center center","background-size":"auto","background-attachment":"scroll","background-type":"","background-media":"","overlay-type":"","overlay-color":"","overlay-opacity":"","overlay-gradient":""}},"ast-content-background-meta":{"desktop":{"background-color":"var(--ast-global-color-5)","background-image":"","background-repeat":"repeat","background-position":"center center","background-size":"auto","background-attachment":"scroll","background-type":"","background-media":"","overlay-type":"","overlay-color":"","overlay-opacity":"","overlay-gradient":""},"tablet":{"background-color":"var(--ast-global-color-5)","background-image":"","background-repeat":"repeat","background-position":"center center","background-size":"auto","background-attachment":"scroll","background-type":"","background-media":"","overlay-type":"","overlay-color":"","overlay-opacity":"","overlay-gradient":""},"mobile":{"background-color":"var(--ast-global-color-5)","background-image":"","background-repeat":"repeat","background-position":"center center","background-size":"auto","background-attachment":"scroll","background-type":"","background-media":"","overlay-type":"","overlay-color":"","overlay-opacity":"","overlay-gradient":""}},"footnotes":""},"class_list":["post-5044","page","type-page","status-publish","hentry"],"_links":{"self":[{"href":"https:\/\/observatoirenature.org\/observatorio\/wp-json\/wp\/v2\/pages\/5044","targetHints":{"allow":["GET"]}}],"collection":[{"href":"https:\/\/observatoirenature.org\/observatorio\/wp-json\/wp\/v2\/pages"}],"about":[{"href":"https:\/\/observatoirenature.org\/observatorio\/wp-json\/wp\/v2\/types\/page"}],"author":[{"embeddable":true,"href":"https:\/\/observatoirenature.org\/observatorio\/wp-json\/wp\/v2\/users\/1"}],"replies":[{"embeddable":true,"href":"https:\/\/observatoirenature.org\/observatorio\/wp-json\/wp\/v2\/comments?post=5044"}],"version-history":[{"count":2,"href":"https:\/\/observatoirenature.org\/observatorio\/wp-json\/wp\/v2\/pages\/5044\/revisions"}],"predecessor-version":[{"id":5305,"href":"https:\/\/observatoirenature.org\/observatorio\/wp-json\/wp\/v2\/pages\/5044\/revisions\/5305"}],"wp:attachment":[{"href":"https:\/\/observatoirenature.org\/observatorio\/wp-json\/wp\/v2\/media?parent=5044"}],"curies":[{"name":"wp","href":"https:\/\/api.w.org\/{rel}","templated":true}]}}