{"id":316,"date":"2022-06-03T00:06:22","date_gmt":"2022-06-03T00:06:22","guid":{"rendered":"https:\/\/observatoirenature.org\/observatorio\/?page_id=316"},"modified":"2025-12-02T21:34:23","modified_gmt":"2025-12-02T21:34:23","slug":"equipo-ejecutivo","status":"publish","type":"page","link":"https:\/\/observatoirenature.org\/observatorio\/es\/equipo-ejecutivo\/","title":{"rendered":"Equipo Ejecutivo"},"content":{"rendered":"\t\t<div data-elementor-type=\"wp-page\" data-elementor-id=\"316\" class=\"elementor elementor-316\" data-elementor-post-type=\"page\">\n\t\t\t\t\t\t<section class=\"elementor-section elementor-top-section elementor-element elementor-element-e7d70a8 elementor-section-content-middle elementor-section-boxed elementor-section-height-default elementor-section-height-default\" data-id=\"e7d70a8\" data-element_type=\"section\" data-settings=\"{&quot;background_background&quot;:&quot;classic&quot;}\">\n\t\t\t\t\t\t\t<div class=\"elementor-background-overlay\"><\/div>\n\t\t\t\t\t\t\t<div class=\"elementor-container elementor-column-gap-no\">\n\t\t\t\t\t<div class=\"elementor-column elementor-col-100 elementor-top-column elementor-element elementor-element-3ff43fd\" data-id=\"3ff43fd\" data-element_type=\"column\">\n\t\t\t<div class=\"elementor-widget-wrap elementor-element-populated\">\n\t\t\t\t\t\t<div class=\"elementor-element elementor-element-29e235e elementor-invisible elementor-widget elementor-widget-heading\" data-id=\"29e235e\" data-element_type=\"widget\" data-settings=\"{&quot;_animation&quot;:&quot;slideInDown&quot;}\" data-widget_type=\"heading.default\">\n\t\t\t\t<div class=\"elementor-widget-container\">\n\t\t\t\t\t<h2 class=\"elementor-heading-title elementor-size-default\">Equipo ejecutivo<\/h2>\t\t\t\t<\/div>\n\t\t\t\t<\/div>\n\t\t\t\t\t<\/div>\n\t\t<\/div>\n\t\t\t\t\t<\/div>\n\t\t<\/section>\n\t\t\t\t<section class=\"elementor-section elementor-top-section elementor-element elementor-element-8801b24 elementor-section-boxed elementor-section-height-default elementor-section-height-default\" data-id=\"8801b24\" data-element_type=\"section\" data-settings=\"{&quot;background_background&quot;:&quot;classic&quot;}\">\n\t\t\t\t\t\t<div class=\"elementor-container elementor-column-gap-no\">\n\t\t\t\t\t<div class=\"elementor-column elementor-col-50 elementor-top-column elementor-element elementor-element-d988fa3 animated-slow elementor-invisible\" data-id=\"d988fa3\" data-element_type=\"column\" id=\"yenny\" data-settings=\"{&quot;animation&quot;:&quot;fadeInUp&quot;}\">\n\t\t\t<div class=\"elementor-widget-wrap elementor-element-populated\">\n\t\t\t\t\t\t<div class=\"elementor-element elementor-element-b996ebd elementor-position-top elementor-widget elementor-widget-image-box\" data-id=\"b996ebd\" data-element_type=\"widget\" data-widget_type=\"image-box.default\">\n\t\t\t\t<div class=\"elementor-widget-container\">\n\t\t\t\t\t<div class=\"elementor-image-box-wrapper\"><figure class=\"elementor-image-box-img\"><img decoding=\"async\" width=\"150\" height=\"150\" src=\"https:\/\/observatoirenature.org\/observatorio\/wp-content\/uploads\/2025\/02\/yenny-vega-cardenas-150x150.webp\" class=\"attachment-thumbnail size-thumbnail wp-image-8594\" alt=\"\" srcset=\"https:\/\/observatoirenature.org\/observatorio\/wp-content\/uploads\/2025\/02\/yenny-vega-cardenas-150x150.webp 150w, https:\/\/observatoirenature.org\/observatorio\/wp-content\/uploads\/2025\/02\/yenny-vega-cardenas-250x250.webp 250w\" sizes=\"(max-width: 150px) 100vw, 150px\" \/><\/figure><div class=\"elementor-image-box-content\"><h1 class=\"elementor-image-box-title\">Yenny Vega C\u00e1rdenas<\/h1><p class=\"elementor-image-box-description\">Presidente\n\n<\/p><\/div><\/div>\t\t\t\t<\/div>\n\t\t\t\t<\/div>\n\t\t\t\t<div class=\"elementor-element elementor-element-ae0b319 elementor-widget elementor-widget-text-editor\" data-id=\"ae0b319\" data-element_type=\"widget\" data-widget_type=\"text-editor.default\">\n\t\t\t\t<div class=\"elementor-widget-container\">\n\t\t\t\t\t\t\t\t\t<p><span style=\"font-weight: 400;\">Yenny Vega C\u00e1rdenas es doctora en derecho, abogada, asesora de investigaci\u00f3n en la Universidad de Sherbrooke y presidenta y cofundadora del Observatorio Internacional de los Derechos de la Naturaleza. Miembro del Comit\u00e9 Jur\u00eddico de la UICN y de la red de expertos \u00abArmon\u00eda con la Naturaleza\u00bb de las Naciones Unidas, impulsa el reconocimiento de los Derechos de la Naturaleza. Ganadora de la Medalla de la Coronaci\u00f3n del Rey Carlos III por su contribuci\u00f3n excepcional a la protecci\u00f3n de la Naturaleza en Canad\u00e1, ha desempe\u00f1ado un papel clave en el reconocimiento hist\u00f3rico de la personalidad jur\u00eddica del r\u00edo Magpie y, recientemente, en el primer reconocimiento en Ontario del Lago Rice, mientras lidera iniciativas para el r\u00edo San Lorenzo.<\/span><\/p><p><span style=\"font-weight: 400;\">Investigadora invitada en el Instituto Max Planck de Derecho Internacional y Comparado, es experta en derecho de aguas transfronterizas y ense\u00f1a derecho internacional p\u00fablico y comparado en varias universidades. Autora prol\u00edfica en tres idiomas, ha codirigido recientemente <\/span><a href=\"https:\/\/www.editionsjfd.com\/boutique\/tous-les-livres-en-droit-1232\/a-legal-personality-for-the-st-lawrence-river-and-other-rivers-of-the-world-11615\" target=\"_blank\" rel=\"noopener\"><i><span style=\"font-weight: 400;\">A Legal Personhood for the Saint-Lawrence River and other rivers of the world<\/span><\/i><span style=\"font-weight: 400;\">\u00a0<\/span><\/a><span style=\"font-weight: 400;\">y publicado\u00a0<\/span><a href=\"https:\/\/store.lexisnexis.com\/fr-ca\/products\/methodology-and-epistemology-of-comparative-law-a-variety-of-methods-and-schools.html\" target=\"_blank\" rel=\"noopener\"><i><span style=\"font-weight: 400;\">Methodology and Epistemology of Comparative Law<\/span><\/i><span style=\"font-weight: 400;\">\u00a0<\/span><\/a> <span style=\"font-weight: 400;\">con LexisNexis Canad\u00e1, que propone una nueva metodolog\u00eda y un cap\u00edtulo innovador sobre la descolonizaci\u00f3n del derecho.<\/span><\/p>\t\t\t\t\t\t\t\t<\/div>\n\t\t\t\t<\/div>\n\t\t\t\t\t<\/div>\n\t\t<\/div>\n\t\t\t\t<div class=\"elementor-column elementor-col-50 elementor-top-column elementor-element elementor-element-770606c animated-slow elementor-invisible\" data-id=\"770606c\" data-element_type=\"column\" data-settings=\"{&quot;animation&quot;:&quot;fadeInUp&quot;}\">\n\t\t\t<div class=\"elementor-widget-wrap elementor-element-populated\">\n\t\t\t\t\t\t<div class=\"elementor-element elementor-element-0191edb elementor-position-top elementor-widget elementor-widget-image-box\" data-id=\"0191edb\" data-element_type=\"widget\" data-widget_type=\"image-box.default\">\n\t\t\t\t<div class=\"elementor-widget-container\">\n\t\t\t\t\t<div class=\"elementor-image-box-wrapper\"><figure class=\"elementor-image-box-img\"><img decoding=\"async\" width=\"150\" height=\"150\" src=\"https:\/\/observatoirenature.org\/observatorio\/wp-content\/uploads\/2022\/06\/Captura-de-Pantalla-2022-06-02-a-las-6.15.29-p.-m.-150x150.png\" class=\"attachment-thumbnail size-thumbnail wp-image-96\" alt=\"\" srcset=\"https:\/\/observatoirenature.org\/observatorio\/wp-content\/uploads\/2022\/06\/Captura-de-Pantalla-2022-06-02-a-las-6.15.29-p.-m.-150x150.png 150w, https:\/\/observatoirenature.org\/observatorio\/wp-content\/uploads\/2022\/06\/Captura-de-Pantalla-2022-06-02-a-las-6.15.29-p.-m.-250x250.png 250w\" sizes=\"(max-width: 150px) 100vw, 150px\" \/><\/figure><div class=\"elementor-image-box-content\"><h3 class=\"elementor-image-box-title\">Ines Benadda<\/h3><p class=\"elementor-image-box-description\">Vice-Presidente<\/p><\/div><\/div>\t\t\t\t<\/div>\n\t\t\t\t<\/div>\n\t\t\t\t<div class=\"elementor-element elementor-element-4f91827 elementor-widget elementor-widget-text-editor\" data-id=\"4f91827\" data-element_type=\"widget\" data-widget_type=\"text-editor.default\">\n\t\t\t\t<div class=\"elementor-widget-container\">\n\t\t\t\t\t\t\t\t\t<p><span style=\"font-weight: 400;\">In\u00e8s Benadda es Licenciada en Derecho (LLB) por la Universidad de Montreal desde el a\u00f1o 2020 y abogada desde 2023. Ganadora de la Medalla de Teniente Gobernador para la Juventud en 2017, sus acciones dentro de la Facultad durante su bachillerato, entre otras con los comit\u00e9s de derecho <\/span><span style=\"font-weight: 400;\">ind\u00edgena y de derecho ambiental, testimonian su vivo inter\u00e9s por la causa medioambiental.<\/span><\/p><p><span style=\"font-weight: 400;\">En la primavera de 2018, complet\u00f3 una escuela de verano en Costa Rica en Derecho Internacional y Comparado del Cambio Clim\u00e1tico, donde pudo profundizar en la cuesti\u00f3n de los derechos de la naturaleza que es uno de los temas que especialmente le interesa.<\/span> <span style=\"font-weight: 400;\">Su pasant\u00eda en el Centro Quebequense del Medio Ambiente (2018-2019) le permiti\u00f3 perfeccionar sus conocimientos jur\u00eddicos en derecho ambiental quebequense.<\/span><\/p><p class=\"font_8\"><span style=\"font-weight: 400;\">In\u00e8s <\/span><span style=\"font-weight: 400;\">cree profundamente que no hay mejor momento que ahora para actuar en lo que se refiere al medio ambiente, y es en este sentido que trabaja para el Observatorio Internacional de los Derechos de la Naturaleza en calidad de\u00a0<\/span><span style=\"font-weight: 400;\"> vicepresidenta.<\/span><\/p>\t\t\t\t\t\t\t\t<\/div>\n\t\t\t\t<\/div>\n\t\t\t\t\t<\/div>\n\t\t<\/div>\n\t\t\t\t\t<\/div>\n\t\t<\/section>\n\t\t\t\t<section class=\"elementor-section elementor-top-section elementor-element elementor-element-9a5bc3a elementor-section-content-middle elementor-section-boxed elementor-section-height-default elementor-section-height-default\" data-id=\"9a5bc3a\" data-element_type=\"section\" data-settings=\"{&quot;background_background&quot;:&quot;classic&quot;}\">\n\t\t\t\t\t\t<div class=\"elementor-container elementor-column-gap-no\">\n\t\t\t\t\t<div class=\"elementor-column elementor-col-100 elementor-top-column elementor-element elementor-element-546def9\" data-id=\"546def9\" data-element_type=\"column\">\n\t\t\t<div class=\"elementor-widget-wrap elementor-element-populated\">\n\t\t\t\t\t\t<div class=\"elementor-element elementor-element-05be7f9 elementor-widget elementor-widget-heading\" data-id=\"05be7f9\" data-element_type=\"widget\" data-widget_type=\"heading.default\">\n\t\t\t\t<div class=\"elementor-widget-container\">\n\t\t\t\t\t<h4 class=\"elementor-heading-title elementor-size-default\">Consejo de <span style=\"color:#3CBA39\">Administraci\u00f3n<\/span><\/h4>\t\t\t\t<\/div>\n\t\t\t\t<\/div>\n\t\t\t\t<section class=\"elementor-section elementor-inner-section elementor-element elementor-element-279272e elementor-section-boxed elementor-section-height-default elementor-section-height-default\" data-id=\"279272e\" data-element_type=\"section\">\n\t\t\t\t\t\t<div class=\"elementor-container elementor-column-gap-default\">\n\t\t\t\t\t<div class=\"elementor-column elementor-col-50 elementor-inner-column elementor-element elementor-element-e1bef58 animated-slow elementor-invisible\" data-id=\"e1bef58\" data-element_type=\"column\" data-settings=\"{&quot;animation&quot;:&quot;fadeInUp&quot;}\">\n\t\t\t<div class=\"elementor-widget-wrap elementor-element-populated\">\n\t\t\t\t\t\t<div class=\"elementor-element elementor-element-fd71487 elementor-position-top elementor-widget elementor-widget-image-box\" data-id=\"fd71487\" data-element_type=\"widget\" data-widget_type=\"image-box.default\">\n\t\t\t\t<div class=\"elementor-widget-container\">\n\t\t\t\t\t<div class=\"elementor-image-box-wrapper\"><figure class=\"elementor-image-box-img\"><img decoding=\"async\" width=\"150\" height=\"150\" src=\"https:\/\/observatoirenature.org\/observatorio\/wp-content\/uploads\/2022\/06\/Captura-de-Pantalla-2022-06-02-a-las-6.16.58-p.-m.-150x150.png\" class=\"attachment-thumbnail size-thumbnail wp-image-100\" alt=\"\" srcset=\"https:\/\/observatoirenature.org\/observatorio\/wp-content\/uploads\/2022\/06\/Captura-de-Pantalla-2022-06-02-a-las-6.16.58-p.-m.-150x150.png 150w, https:\/\/observatoirenature.org\/observatorio\/wp-content\/uploads\/2022\/06\/Captura-de-Pantalla-2022-06-02-a-las-6.16.58-p.-m.-298x300.png 298w, https:\/\/observatoirenature.org\/observatorio\/wp-content\/uploads\/2022\/06\/Captura-de-Pantalla-2022-06-02-a-las-6.16.58-p.-m.-250x250.png 250w, https:\/\/observatoirenature.org\/observatorio\/wp-content\/uploads\/2022\/06\/Captura-de-Pantalla-2022-06-02-a-las-6.16.58-p.-m..png 504w\" sizes=\"(max-width: 150px) 100vw, 150px\" \/><\/figure><div class=\"elementor-image-box-content\"><h3 class=\"elementor-image-box-title\">Daniel Turp<\/h3><p class=\"elementor-image-box-description\"><p>Presidente de las asambleas y del C.A.<\/p>\n<\/p><\/div><\/div>\t\t\t\t<\/div>\n\t\t\t\t<\/div>\n\t\t\t\t<div class=\"elementor-element elementor-element-8466353 elementor-widget elementor-widget-text-editor\" data-id=\"8466353\" data-element_type=\"widget\" data-widget_type=\"text-editor.default\">\n\t\t\t\t<div class=\"elementor-widget-container\">\n\t\t\t\t\t\t\t\t\t<p><span style=\"font-weight: 400;\">Daniel Turp (<a href=\"https:\/\/www.danielturp.quebec\/\">www.danielturp.quebec<\/a>) es graduado de la Universidad de Montreal, de la Universidad de Cambridge y obtuvo un doctorado (Summa cum laude) en la Universidad de Derecho, Econom\u00eda y Ciencias Sociales de Par\u00eds (Par\u00eds II). En 1989 obtuvo tambi\u00e9n el prestigioso diploma de la Academia de Derecho Internacional de La Haya.<\/span><\/p><p><span style=\"font-weight: 400;\">Dr. Turp es <\/span><span style=\"font-weight: 400;\">profesor titular en la Facultad de Derecho de la Universidad de Montreal.<\/span> <span style=\"font-weight: 400;\">Ense\u00f1a derecho internacional p\u00fablico, derecho constitucional e internacional de los derechos humanos y derecho constitucional avanzado.<\/span> <span style=\"font-weight: 400;\">Es Presidente de la Asociaci\u00f3n de Derecho Constitucional de Quebec y Presidente del Consejo de Administraci\u00f3n de la Sociedad de Derecho Internacional de Quebec.<\/span> <span style=\"font-weight: 400;\">Tambi\u00e9n es Presidente del Instituto de Investigaci\u00f3n sobre la Libre Determinaci\u00f3n de los Pueblos y la Independencia Nacional (IRAI).<\/span><\/p><p><span style=\"font-weight: 400;\">El profesor Turp fue elegido diputado de la C\u00e1mara de los Comunes de Canad\u00e1, donde represent\u00f3 al Bloque de Quebec y a la circunscripci\u00f3n de Beauharnois-Salaberry entre los a\u00f1os 1997 y 2000. Tambi\u00e9n fue elegido diputado en la Asamblea Nacional de Quebec por el Partido de Quebec y la circunscripci\u00f3n de Mercier entre los a\u00f1os 2003 y 2008.<\/span><\/p><p><span style=\"font-weight: 400;\">Es autor de varios libros y art\u00edculos en los \u00e1mbitos del Derecho Constitucional e Internacional, incluso <\/span><i><span style=\"font-weight: 400;\">La Constitution Qu\u00e9b\u00e9coise<\/span><\/i><span style=\"font-weight: 400;\">.<\/span><\/p>\t\t\t\t\t\t\t\t<\/div>\n\t\t\t\t<\/div>\n\t\t\t\t\t<\/div>\n\t\t<\/div>\n\t\t\t\t<div class=\"elementor-column elementor-col-50 elementor-inner-column elementor-element elementor-element-232b56b animated-slow elementor-invisible\" data-id=\"232b56b\" data-element_type=\"column\" data-settings=\"{&quot;animation&quot;:&quot;fadeInUp&quot;}\">\n\t\t\t<div class=\"elementor-widget-wrap elementor-element-populated\">\n\t\t\t\t\t\t<div class=\"elementor-element elementor-element-372b7a6 elementor-position-top elementor-widget elementor-widget-image-box\" data-id=\"372b7a6\" data-element_type=\"widget\" data-widget_type=\"image-box.default\">\n\t\t\t\t<div class=\"elementor-widget-container\">\n\t\t\t\t\t<div class=\"elementor-image-box-wrapper\"><figure class=\"elementor-image-box-img\"><img loading=\"lazy\" decoding=\"async\" width=\"150\" height=\"150\" src=\"https:\/\/observatoirenature.org\/observatorio\/wp-content\/uploads\/2022\/06\/Captura-de-Pantalla-2022-06-02-a-las-6.23.46-p.-m.-150x150.png\" class=\"attachment-thumbnail size-thumbnail wp-image-110\" alt=\"\" srcset=\"https:\/\/observatoirenature.org\/observatorio\/wp-content\/uploads\/2022\/06\/Captura-de-Pantalla-2022-06-02-a-las-6.23.46-p.-m.-150x150.png 150w, https:\/\/observatoirenature.org\/observatorio\/wp-content\/uploads\/2022\/06\/Captura-de-Pantalla-2022-06-02-a-las-6.23.46-p.-m.-250x250.png 250w\" sizes=\"(max-width: 150px) 100vw, 150px\" \/><\/figure><div class=\"elementor-image-box-content\"><p class=\"elementor-image-box-title\">Alexandra Baer<\/p><p class=\"elementor-image-box-description\"><p>Miembro del Consejo de Administraci\u00f3n<\/p><\/p><\/div><\/div>\t\t\t\t<\/div>\n\t\t\t\t<\/div>\n\t\t\t\t<div class=\"elementor-element elementor-element-e92897a elementor-widget elementor-widget-text-editor\" data-id=\"e92897a\" data-element_type=\"widget\" data-widget_type=\"text-editor.default\">\n\t\t\t\t<div class=\"elementor-widget-container\">\n\t\t\t\t\t\t\t\t\t<p><span style=\"font-weight: 400;\">Alexandra Baer abogada, trabaja para la Corte Penal Internacional y estudi\u00f3 Derecho en la Universidad de Montreal.<\/span><\/p><p><span style=\"font-weight: 400;\">En 2019, complet\u00f3 la escuela de verano en Costa Rica donde recibi\u00f3 capacitaciones en derechos humanos individuales y colectivos, derecho ambiental y derecho internacional y comparado de los pueblos ind\u00edgenas. Despu\u00e9s de esta experiencia acad\u00e9mica, se encuentra m\u00e1s consciente de la relaci\u00f3n entre el ser humano y la naturaleza, y es por eso que est\u00e1 involucrada con el Observatorio Internacional de los Derechos de la Naturaleza.<\/span><\/p>\t\t\t\t\t\t\t\t<\/div>\n\t\t\t\t<\/div>\n\t\t\t\t\t<\/div>\n\t\t<\/div>\n\t\t\t\t\t<\/div>\n\t\t<\/section>\n\t\t\t\t<section class=\"elementor-section elementor-inner-section elementor-element elementor-element-16d31bf elementor-section-boxed elementor-section-height-default elementor-section-height-default\" data-id=\"16d31bf\" data-element_type=\"section\">\n\t\t\t\t\t\t<div class=\"elementor-container elementor-column-gap-default\">\n\t\t\t\t\t<div class=\"elementor-column elementor-col-100 elementor-inner-column elementor-element elementor-element-7d3829a\" data-id=\"7d3829a\" data-element_type=\"column\">\n\t\t\t<div class=\"elementor-widget-wrap elementor-element-populated\">\n\t\t\t\t\t\t<div class=\"elementor-element elementor-element-b8b4e5a elementor-position-top elementor-widget elementor-widget-image-box\" data-id=\"b8b4e5a\" data-element_type=\"widget\" data-widget_type=\"image-box.default\">\n\t\t\t\t<div class=\"elementor-widget-container\">\n\t\t\t\t\t<div class=\"elementor-image-box-wrapper\"><figure class=\"elementor-image-box-img\"><img loading=\"lazy\" decoding=\"async\" width=\"150\" height=\"150\" src=\"https:\/\/observatoirenature.org\/observatorio\/wp-content\/uploads\/2022\/06\/Captura-de-Pantalla-2022-06-02-a-las-6.22.31-p.-m.-150x150.png\" class=\"attachment-thumbnail size-thumbnail wp-image-106\" alt=\"\" srcset=\"https:\/\/observatoirenature.org\/observatorio\/wp-content\/uploads\/2022\/06\/Captura-de-Pantalla-2022-06-02-a-las-6.22.31-p.-m.-150x150.png 150w, https:\/\/observatoirenature.org\/observatorio\/wp-content\/uploads\/2022\/06\/Captura-de-Pantalla-2022-06-02-a-las-6.22.31-p.-m.-250x250.png 250w\" sizes=\"(max-width: 150px) 100vw, 150px\" \/><\/figure><div class=\"elementor-image-box-content\"><h3 class=\"elementor-image-box-title\">Kayley Laura Lata<\/h3><p class=\"elementor-image-box-description\"><p>Secretaria y miembro del Consejo de Administraci\u00f3n<\/p><\/p><\/div><\/div>\t\t\t\t<\/div>\n\t\t\t\t<\/div>\n\t\t\t\t<div class=\"elementor-element elementor-element-942766a elementor-widget elementor-widget-text-editor\" data-id=\"942766a\" data-element_type=\"widget\" data-widget_type=\"text-editor.default\">\n\t\t\t\t<div class=\"elementor-widget-container\">\n\t\t\t\t\t\t\t\t\t<p style=\"font-weight: 400;\">Kayley Laura Lata se incorpor\u00f3 al equipo del Observatorio en 2019 como Responsable de Comunicaci\u00f3n. Posteriormente ocup\u00f3 el cargo de Responsable de Asuntos Pol\u00edticos durante casi tres a\u00f1os. Su mandato culmin\u00f3 con la presentaci\u00f3n de un proyecto de ley para dotar de personalidad jur\u00eddica al r\u00edo San Lorenzo.\u00a0 En la actualidad, forma parte del Consejo de Administraci\u00f3n del Observatorio.<\/p><p style=\"font-weight: 400;\">Kayley es licenciada y m\u00e1ster en Derecho, y da conferencias sobre los derechos de la Naturaleza a estudiantes, representantes electos y organizaciones ecologistas.<\/p>\t\t\t\t\t\t\t\t<\/div>\n\t\t\t\t<\/div>\n\t\t\t\t\t<\/div>\n\t\t<\/div>\n\t\t\t\t\t<\/div>\n\t\t<\/section>\n\t\t\t\t\t<\/div>\n\t\t<\/div>\n\t\t\t\t\t<\/div>\n\t\t<\/section>\n\t\t\t\t<section class=\"elementor-section elementor-top-section elementor-element elementor-element-a4648db elementor-section-boxed elementor-section-height-default elementor-section-height-default\" data-id=\"a4648db\" data-element_type=\"section\">\n\t\t\t\t\t\t<div class=\"elementor-container elementor-column-gap-default\">\n\t\t\t\t\t<div class=\"elementor-column elementor-col-100 elementor-top-column elementor-element elementor-element-92ee3ad\" data-id=\"92ee3ad\" data-element_type=\"column\">\n\t\t\t<div class=\"elementor-widget-wrap\">\n\t\t\t\t\t\t\t<\/div>\n\t\t<\/div>\n\t\t\t\t\t<\/div>\n\t\t<\/section>\n\t\t\t\t<\/div>\n\t\t","protected":false},"excerpt":{"rendered":"<p>Equipo ejecutivo Yenny Vega C\u00e1rdenas Presidente Yenny Vega C\u00e1rdenas es doctora en derecho, abogada, asesora de investigaci\u00f3n en la Universidad de Sherbrooke y presidenta y cofundadora del Observatorio Internacional de los Derechos de la Naturaleza. Miembro del Comit\u00e9 Jur\u00eddico de la UICN y de la red de expertos \u00abArmon\u00eda con la Naturaleza\u00bb de las Naciones [&hellip;]<\/p>\n","protected":false},"author":1,"featured_media":0,"parent":0,"menu_order":0,"comment_status":"closed","ping_status":"closed","template":"","meta":{"site-sidebar-layout":"no-sidebar","site-content-layout":"page-builder","ast-site-content-layout":"full-width-container","site-content-style":"unboxed","site-sidebar-style":"unboxed","ast-global-header-display":"","ast-banner-title-visibility":"","ast-main-header-display":"","ast-hfb-above-header-display":"","ast-hfb-below-header-display":"","ast-hfb-mobile-header-display":"","site-post-title":"disabled","ast-breadcrumbs-content":"","ast-featured-img":"disabled","footer-sml-layout":"","ast-disable-related-posts":"","theme-transparent-header-meta":"","adv-header-id-meta":"","stick-header-meta":"","header-above-stick-meta":"","header-main-stick-meta":"","header-below-stick-meta":"","astra-migrate-meta-layouts":"set","ast-page-background-enabled":"default","ast-page-background-meta":{"desktop":{"background-color":"var(--ast-global-color-4)","background-image":"","background-repeat":"repeat","background-position":"center center","background-size":"auto","background-attachment":"scroll","background-type":"","background-media":"","overlay-type":"","overlay-color":"","overlay-opacity":"","overlay-gradient":""},"tablet":{"background-color":"","background-image":"","background-repeat":"repeat","background-position":"center center","background-size":"auto","background-attachment":"scroll","background-type":"","background-media":"","overlay-type":"","overlay-color":"","overlay-opacity":"","overlay-gradient":""},"mobile":{"background-color":"","background-image":"","background-repeat":"repeat","background-position":"center center","background-size":"auto","background-attachment":"scroll","background-type":"","background-media":"","overlay-type":"","overlay-color":"","overlay-opacity":"","overlay-gradient":""}},"ast-content-background-meta":{"desktop":{"background-color":"var(--ast-global-color-5)","background-image":"","background-repeat":"repeat","background-position":"center center","background-size":"auto","background-attachment":"scroll","background-type":"","background-media":"","overlay-type":"","overlay-color":"","overlay-opacity":"","overlay-gradient":""},"tablet":{"background-color":"var(--ast-global-color-5)","background-image":"","background-repeat":"repeat","background-position":"center center","background-size":"auto","background-attachment":"scroll","background-type":"","background-media":"","overlay-type":"","overlay-color":"","overlay-opacity":"","overlay-gradient":""},"mobile":{"background-color":"var(--ast-global-color-5)","background-image":"","background-repeat":"repeat","background-position":"center center","background-size":"auto","background-attachment":"scroll","background-type":"","background-media":"","overlay-type":"","overlay-color":"","overlay-opacity":"","overlay-gradient":""}},"footnotes":""},"class_list":["post-316","page","type-page","status-publish","hentry"],"_links":{"self":[{"href":"https:\/\/observatoirenature.org\/observatorio\/wp-json\/wp\/v2\/pages\/316","targetHints":{"allow":["GET"]}}],"collection":[{"href":"https:\/\/observatoirenature.org\/observatorio\/wp-json\/wp\/v2\/pages"}],"about":[{"href":"https:\/\/observatoirenature.org\/observatorio\/wp-json\/wp\/v2\/types\/page"}],"author":[{"embeddable":true,"href":"https:\/\/observatoirenature.org\/observatorio\/wp-json\/wp\/v2\/users\/1"}],"replies":[{"embeddable":true,"href":"https:\/\/observatoirenature.org\/observatorio\/wp-json\/wp\/v2\/comments?post=316"}],"version-history":[{"count":56,"href":"https:\/\/observatoirenature.org\/observatorio\/wp-json\/wp\/v2\/pages\/316\/revisions"}],"predecessor-version":[{"id":9432,"href":"https:\/\/observatoirenature.org\/observatorio\/wp-json\/wp\/v2\/pages\/316\/revisions\/9432"}],"wp:attachment":[{"href":"https:\/\/observatoirenature.org\/observatorio\/wp-json\/wp\/v2\/media?parent=316"}],"curies":[{"name":"wp","href":"https:\/\/api.w.org\/{rel}","templated":true}]}}