{"id":308,"date":"2022-06-03T00:05:05","date_gmt":"2022-06-03T00:05:05","guid":{"rendered":"https:\/\/observatoirenature.org\/observatorio\/?page_id=308"},"modified":"2025-12-02T21:34:01","modified_gmt":"2025-12-02T21:34:01","slug":"executive-team","status":"publish","type":"page","link":"https:\/\/observatoirenature.org\/observatorio\/en\/executive-team\/","title":{"rendered":"Executive team"},"content":{"rendered":"\t\t<div data-elementor-type=\"wp-page\" data-elementor-id=\"308\" class=\"elementor elementor-308\" data-elementor-post-type=\"page\">\n\t\t\t\t\t\t<section class=\"elementor-section elementor-top-section elementor-element elementor-element-e7d70a8 elementor-section-content-middle elementor-section-boxed elementor-section-height-default elementor-section-height-default\" data-id=\"e7d70a8\" data-element_type=\"section\" data-settings=\"{&quot;background_background&quot;:&quot;classic&quot;}\">\n\t\t\t\t\t\t\t<div class=\"elementor-background-overlay\"><\/div>\n\t\t\t\t\t\t\t<div class=\"elementor-container elementor-column-gap-no\">\n\t\t\t\t\t<div class=\"elementor-column elementor-col-100 elementor-top-column elementor-element elementor-element-3ff43fd\" data-id=\"3ff43fd\" data-element_type=\"column\">\n\t\t\t<div class=\"elementor-widget-wrap elementor-element-populated\">\n\t\t\t\t\t\t<div class=\"elementor-element elementor-element-29e235e elementor-invisible elementor-widget elementor-widget-heading\" data-id=\"29e235e\" data-element_type=\"widget\" data-settings=\"{&quot;_animation&quot;:&quot;slideInDown&quot;}\" data-widget_type=\"heading.default\">\n\t\t\t\t<div class=\"elementor-widget-container\">\n\t\t\t\t\t<h2 class=\"elementor-heading-title elementor-size-default\">Executive team<\/h2>\t\t\t\t<\/div>\n\t\t\t\t<\/div>\n\t\t\t\t\t<\/div>\n\t\t<\/div>\n\t\t\t\t\t<\/div>\n\t\t<\/section>\n\t\t\t\t<section class=\"elementor-section elementor-top-section elementor-element elementor-element-5cd66e7 elementor-section-boxed elementor-section-height-default elementor-section-height-default\" data-id=\"5cd66e7\" data-element_type=\"section\" data-settings=\"{&quot;background_background&quot;:&quot;classic&quot;}\">\n\t\t\t\t\t\t<div class=\"elementor-container elementor-column-gap-no\">\n\t\t\t\t\t<div class=\"elementor-column elementor-col-50 elementor-top-column elementor-element elementor-element-8ae795d animated-slow elementor-invisible\" data-id=\"8ae795d\" data-element_type=\"column\" id=\"yenny\" data-settings=\"{&quot;animation&quot;:&quot;fadeInUp&quot;}\">\n\t\t\t<div class=\"elementor-widget-wrap elementor-element-populated\">\n\t\t\t\t\t\t<div class=\"elementor-element elementor-element-862f60a elementor-position-top elementor-widget elementor-widget-image-box\" data-id=\"862f60a\" data-element_type=\"widget\" data-widget_type=\"image-box.default\">\n\t\t\t\t<div class=\"elementor-widget-container\">\n\t\t\t\t\t<div class=\"elementor-image-box-wrapper\"><figure class=\"elementor-image-box-img\"><img decoding=\"async\" width=\"150\" height=\"150\" src=\"https:\/\/observatoirenature.org\/observatorio\/wp-content\/uploads\/2025\/02\/yenny-vega-cardenas-150x150.webp\" class=\"attachment-thumbnail size-thumbnail wp-image-8594\" alt=\"\" srcset=\"https:\/\/observatoirenature.org\/observatorio\/wp-content\/uploads\/2025\/02\/yenny-vega-cardenas-150x150.webp 150w, https:\/\/observatoirenature.org\/observatorio\/wp-content\/uploads\/2025\/02\/yenny-vega-cardenas-250x250.webp 250w\" sizes=\"(max-width: 150px) 100vw, 150px\" \/><\/figure><div class=\"elementor-image-box-content\"><h1 class=\"elementor-image-box-title\">Yenny Vega C\u00e1rdenas<\/h1><p class=\"elementor-image-box-description\">Presidente\n\n<\/p><\/div><\/div>\t\t\t\t<\/div>\n\t\t\t\t<\/div>\n\t\t\t\t<div class=\"elementor-element elementor-element-ae7d174 elementor-widget elementor-widget-text-editor\" data-id=\"ae7d174\" data-element_type=\"widget\" data-widget_type=\"text-editor.default\">\n\t\t\t\t<div class=\"elementor-widget-container\">\n\t\t\t\t\t\t\t\t\t<p><span style=\"font-weight: 400;\">Yenny Vega C\u00e1rdenas holds a doctorate in law, is a lawyer, Research Advisor at the University of Sherbrooke, and co-founder and president of the International Observatory on the Rights of Nature. A member of the IUCN Legal Committee and the United Nations \u201cHarmony with Nature\u201d expert network, she advances the recognition of the Rights of Nature. Recipient of the King Charles III Coronation Medal for her outstanding contribution to Nature protection in Canada, she played a key role in the historic recognition of the legal personhood of the Magpie River and, more recently, in the first recognition in Ontario of Rice Lake, while leading initiatives for the Saint Lawrence River.<\/span><\/p><p><span style=\"font-weight: 400;\">Visiting researcher at the Max Planck Institute for Comparative and International Law, she is an expert in transboundary water law and teaches public international law and comparative law at several universities. A prolific author in three languages, she recently co-edited\u00a0<\/span><a href=\"https:\/\/www.editionsjfd.com\/boutique\/tous-les-livres-en-droit-1232\/a-legal-personality-for-the-st-lawrence-river-and-other-rivers-of-the-world-11615\" target=\"_blank\" rel=\"noopener\"><i><span style=\"font-weight: 400;\">A Legal Personhood for the Saint-Lawrence River and other rivers of the world<\/span><\/i><span style=\"font-weight: 400;\">\u00a0<\/span><\/a><span style=\"font-weight: 400;\">and published\u00a0<\/span><a href=\"https:\/\/store.lexisnexis.com\/fr-ca\/products\/methodology-and-epistemology-of-comparative-law-a-variety-of-methods-and-schools.html\" target=\"_blank\" rel=\"noopener\"><i><span style=\"font-weight: 400;\">Methodology and Epistemology of Comparative Law<\/span><\/i><span style=\"font-weight: 400;\">\u00a0<\/span><\/a> <span style=\"font-weight: 400;\">with LexisNexis Canada, which introduces a new methodology and an innovative chapter on the decolonization of law.<\/span><\/p>\t\t\t\t\t\t\t\t<\/div>\n\t\t\t\t<\/div>\n\t\t\t\t\t<\/div>\n\t\t<\/div>\n\t\t\t\t<div class=\"elementor-column elementor-col-50 elementor-top-column elementor-element elementor-element-74082cb animated-slow elementor-invisible\" data-id=\"74082cb\" data-element_type=\"column\" data-settings=\"{&quot;animation&quot;:&quot;fadeInUp&quot;}\">\n\t\t\t<div class=\"elementor-widget-wrap elementor-element-populated\">\n\t\t\t\t\t\t<div class=\"elementor-element elementor-element-a4738ef elementor-position-top elementor-widget elementor-widget-image-box\" data-id=\"a4738ef\" data-element_type=\"widget\" data-widget_type=\"image-box.default\">\n\t\t\t\t<div class=\"elementor-widget-container\">\n\t\t\t\t\t<div class=\"elementor-image-box-wrapper\"><figure class=\"elementor-image-box-img\"><img decoding=\"async\" width=\"150\" height=\"150\" src=\"https:\/\/observatoirenature.org\/observatorio\/wp-content\/uploads\/2022\/06\/Captura-de-Pantalla-2022-06-02-a-las-6.15.29-p.-m.-150x150.png\" class=\"attachment-thumbnail size-thumbnail wp-image-96\" alt=\"\" srcset=\"https:\/\/observatoirenature.org\/observatorio\/wp-content\/uploads\/2022\/06\/Captura-de-Pantalla-2022-06-02-a-las-6.15.29-p.-m.-150x150.png 150w, https:\/\/observatoirenature.org\/observatorio\/wp-content\/uploads\/2022\/06\/Captura-de-Pantalla-2022-06-02-a-las-6.15.29-p.-m.-250x250.png 250w\" sizes=\"(max-width: 150px) 100vw, 150px\" \/><\/figure><div class=\"elementor-image-box-content\"><h3 class=\"elementor-image-box-title\">In\u00e8s Benadda<\/h3><p class=\"elementor-image-box-description\">Vice-Pr\u00e9sidente<\/p><\/div><\/div>\t\t\t\t<\/div>\n\t\t\t\t<\/div>\n\t\t\t\t<div class=\"elementor-element elementor-element-a31c38e elementor-widget elementor-widget-text-editor\" data-id=\"a31c38e\" data-element_type=\"widget\" data-widget_type=\"text-editor.default\">\n\t\t\t\t<div class=\"elementor-widget-container\">\n\t\t\t\t\t\t\t\t\t<p><span style=\"font-weight: 400;\">In\u00e8s Benadda graduated in 2020 with a Bachelor of Laws (L.L.B.). and is also Member of the Quebec Bar since January 2023. Recipient of the Lieutenant-Governor&#8217;s Medal for youth in 2017, her actions within the Faculty during her degree, namely with the Indigenous Law and Environmental Law committees, reflect her keen interest in the environmental cause.<\/span><\/p><p><span style=\"font-weight: 400;\">In the spring of 2018, she completed a summer school in Costa Rica in international and comparative climate change law, where she was able to delve deeper into the rights of Nature, which is of particular interest to her. Her internship at the Centre qu\u00e9b\u00e9cois de l&#8217;environnement (2018-2019) allowed her to perfect her legal knowledge of Quebec environmental law.<\/span><\/p><p><span style=\"font-weight: 400;\">In\u00e8s deeply believes that there is no better time than now to act on environmental issues, and it is in this perspective that she serves as the vice-president of the International Observatory of Nature\u2019s Rights.<\/span><\/p>\t\t\t\t\t\t\t\t<\/div>\n\t\t\t\t<\/div>\n\t\t\t\t\t<\/div>\n\t\t<\/div>\n\t\t\t\t\t<\/div>\n\t\t<\/section>\n\t\t\t\t<section class=\"elementor-section elementor-top-section elementor-element elementor-element-eba84fe elementor-section-content-middle elementor-section-boxed elementor-section-height-default elementor-section-height-default\" data-id=\"eba84fe\" data-element_type=\"section\" data-settings=\"{&quot;background_background&quot;:&quot;classic&quot;}\">\n\t\t\t\t\t\t<div class=\"elementor-container elementor-column-gap-no\">\n\t\t\t\t\t<div class=\"elementor-column elementor-col-100 elementor-top-column elementor-element elementor-element-f67d094\" data-id=\"f67d094\" data-element_type=\"column\">\n\t\t\t<div class=\"elementor-widget-wrap elementor-element-populated\">\n\t\t\t\t\t\t<div class=\"elementor-element elementor-element-f90f23c elementor-widget elementor-widget-heading\" data-id=\"f90f23c\" data-element_type=\"widget\" data-widget_type=\"heading.default\">\n\t\t\t\t<div class=\"elementor-widget-container\">\n\t\t\t\t\t<h4 class=\"elementor-heading-title elementor-size-default\">Board of <span style=\"color:#3CBA39\">directors<\/span><\/h4>\t\t\t\t<\/div>\n\t\t\t\t<\/div>\n\t\t\t\t<section class=\"elementor-section elementor-inner-section elementor-element elementor-element-df6075a elementor-section-boxed elementor-section-height-default elementor-section-height-default\" data-id=\"df6075a\" data-element_type=\"section\">\n\t\t\t\t\t\t<div class=\"elementor-container elementor-column-gap-default\">\n\t\t\t\t\t<div class=\"elementor-column elementor-col-50 elementor-inner-column elementor-element elementor-element-7d3562b animated-slow elementor-invisible\" data-id=\"7d3562b\" data-element_type=\"column\" data-settings=\"{&quot;animation&quot;:&quot;fadeInUp&quot;}\">\n\t\t\t<div class=\"elementor-widget-wrap elementor-element-populated\">\n\t\t\t\t\t\t<div class=\"elementor-element elementor-element-4a2addd elementor-position-top elementor-widget elementor-widget-image-box\" data-id=\"4a2addd\" data-element_type=\"widget\" data-widget_type=\"image-box.default\">\n\t\t\t\t<div class=\"elementor-widget-container\">\n\t\t\t\t\t<div class=\"elementor-image-box-wrapper\"><figure class=\"elementor-image-box-img\"><img decoding=\"async\" width=\"150\" height=\"150\" src=\"https:\/\/observatoirenature.org\/observatorio\/wp-content\/uploads\/2022\/06\/Captura-de-Pantalla-2022-06-02-a-las-6.16.58-p.-m.-150x150.png\" class=\"attachment-thumbnail size-thumbnail wp-image-100\" alt=\"\" srcset=\"https:\/\/observatoirenature.org\/observatorio\/wp-content\/uploads\/2022\/06\/Captura-de-Pantalla-2022-06-02-a-las-6.16.58-p.-m.-150x150.png 150w, https:\/\/observatoirenature.org\/observatorio\/wp-content\/uploads\/2022\/06\/Captura-de-Pantalla-2022-06-02-a-las-6.16.58-p.-m.-298x300.png 298w, https:\/\/observatoirenature.org\/observatorio\/wp-content\/uploads\/2022\/06\/Captura-de-Pantalla-2022-06-02-a-las-6.16.58-p.-m.-250x250.png 250w, https:\/\/observatoirenature.org\/observatorio\/wp-content\/uploads\/2022\/06\/Captura-de-Pantalla-2022-06-02-a-las-6.16.58-p.-m..png 504w\" sizes=\"(max-width: 150px) 100vw, 150px\" \/><\/figure><div class=\"elementor-image-box-content\"><h3 class=\"elementor-image-box-title\">Daniel Turp<\/h3><p class=\"elementor-image-box-description\"><p>Head of assemblies and B.D.<\/p><\/div><\/div>\t\t\t\t<\/div>\n\t\t\t\t<\/div>\n\t\t\t\t<div class=\"elementor-element elementor-element-e3807da elementor-widget elementor-widget-text-editor\" data-id=\"e3807da\" data-element_type=\"widget\" data-widget_type=\"text-editor.default\">\n\t\t\t\t<div class=\"elementor-widget-container\">\n\t\t\t\t\t\t\t\t\t<p><span style=\"font-weight: 400;\">Daniel Turp (<a href=\"https:\/\/www.danielturp.quebec\/\">www.danielturp.quebec<\/a>) is a graduate of the University of Montreal and the University of Cambridge and holds a doctorate (summa cum laude) from the University of Law, Economics and Social Sciences of Paris (Paris II). In 1989, he earned the prestigious Directed Studies diploma from the Academy of International Law in The Hague.<\/span><\/p><p><span style=\"font-weight: 400;\">Mr. Turp is a professor at the Faculty of Law at the University of Montreal. He teaches international public law, international and constitutional human rights law, and advanced constitutional law. He is president of the Association Qu\u00e9b\u00e9coise de Droit Constitutionnel, the board of directors of the Soci\u00e9t\u00e9 Qu\u00e9b\u00e9coise de Droit International, and the Research Institute on Self-Determination of Peoples and National Independence (IRAI).<\/span><\/p><p><span style=\"font-weight: 400;\">Professor Turp was elected member of the House of Commons of Canada where he represented the Bloc Qu\u00e9b\u00e9cois and the riding of Beauharnois-Salaberry between 1997 and 2000. He was also elected member of the National Assembly of Quebec for the Parti Qu\u00e9b\u00e9cois and the riding of Mercier between 2003 and 2008.<\/span><\/p><p><span style=\"font-weight: 400;\">He is the author of several books and articles on constitutional and international law, including<\/span><i><span style=\"font-weight: 400;\"> La Constitution Qu\u00e9b\u00e9coise<\/span><\/i><span style=\"font-weight: 400;\">.<\/span><\/p>\t\t\t\t\t\t\t\t<\/div>\n\t\t\t\t<\/div>\n\t\t\t\t\t<\/div>\n\t\t<\/div>\n\t\t\t\t<div class=\"elementor-column elementor-col-50 elementor-inner-column elementor-element elementor-element-e2989c9 animated-slow elementor-invisible\" data-id=\"e2989c9\" data-element_type=\"column\" data-settings=\"{&quot;animation&quot;:&quot;fadeInUp&quot;}\">\n\t\t\t<div class=\"elementor-widget-wrap elementor-element-populated\">\n\t\t\t\t\t\t<div class=\"elementor-element elementor-element-d40161a elementor-position-top elementor-widget elementor-widget-image-box\" data-id=\"d40161a\" data-element_type=\"widget\" data-widget_type=\"image-box.default\">\n\t\t\t\t<div class=\"elementor-widget-container\">\n\t\t\t\t\t<div class=\"elementor-image-box-wrapper\"><figure class=\"elementor-image-box-img\"><img loading=\"lazy\" decoding=\"async\" width=\"150\" height=\"150\" src=\"https:\/\/observatoirenature.org\/observatorio\/wp-content\/uploads\/2022\/06\/Captura-de-Pantalla-2022-06-02-a-las-6.23.46-p.-m.-150x150.png\" class=\"attachment-thumbnail size-thumbnail wp-image-110\" alt=\"\" srcset=\"https:\/\/observatoirenature.org\/observatorio\/wp-content\/uploads\/2022\/06\/Captura-de-Pantalla-2022-06-02-a-las-6.23.46-p.-m.-150x150.png 150w, https:\/\/observatoirenature.org\/observatorio\/wp-content\/uploads\/2022\/06\/Captura-de-Pantalla-2022-06-02-a-las-6.23.46-p.-m.-250x250.png 250w\" sizes=\"(max-width: 150px) 100vw, 150px\" \/><\/figure><div class=\"elementor-image-box-content\"><p class=\"elementor-image-box-title\">Alexandra Baer<\/p><p class=\"elementor-image-box-description\"><p>Member of the Board of directors\n<\/p><\/div><\/div>\t\t\t\t<\/div>\n\t\t\t\t<\/div>\n\t\t\t\t<div class=\"elementor-element elementor-element-abbdb33 elementor-widget elementor-widget-text-editor\" data-id=\"abbdb33\" data-element_type=\"widget\" data-widget_type=\"text-editor.default\">\n\t\t\t\t<div class=\"elementor-widget-container\">\n\t\t\t\t\t\t\t\t\t<p><span style=\"font-weight: 400;\">Alexandra Baer is working for the International criminal Court. She has obtained a bachelor degree in Law from the Universit\u00e9 de Montr\u00e9al. She joined the Observatory in 2019.<\/span><\/p><p><span style=\"font-weight: 400;\">In 2019, she completed a summer school in Costa Rica concerning individual and collective human rights, environmental law, and international and comparative law of indigenous peoples. This experience has made her more aware of the relationship between human beings and nature, which is why she is committed to the International Observatory of Nature\u2019s Rights.<\/span><\/p><p>\u00a0<\/p>\t\t\t\t\t\t\t\t<\/div>\n\t\t\t\t<\/div>\n\t\t\t\t\t<\/div>\n\t\t<\/div>\n\t\t\t\t\t<\/div>\n\t\t<\/section>\n\t\t\t\t<section class=\"elementor-section elementor-inner-section elementor-element elementor-element-cd0e976 elementor-section-boxed elementor-section-height-default elementor-section-height-default\" data-id=\"cd0e976\" data-element_type=\"section\">\n\t\t\t\t\t\t<div class=\"elementor-container elementor-column-gap-default\">\n\t\t\t\t\t<div class=\"elementor-column elementor-col-100 elementor-inner-column elementor-element elementor-element-89ae27d\" data-id=\"89ae27d\" data-element_type=\"column\">\n\t\t\t<div class=\"elementor-widget-wrap elementor-element-populated\">\n\t\t\t\t\t\t<div class=\"elementor-element elementor-element-075e6e8 elementor-position-top elementor-widget elementor-widget-image-box\" data-id=\"075e6e8\" data-element_type=\"widget\" data-widget_type=\"image-box.default\">\n\t\t\t\t<div class=\"elementor-widget-container\">\n\t\t\t\t\t<div class=\"elementor-image-box-wrapper\"><figure class=\"elementor-image-box-img\"><img loading=\"lazy\" decoding=\"async\" width=\"150\" height=\"150\" src=\"https:\/\/observatoirenature.org\/observatorio\/wp-content\/uploads\/2022\/06\/Captura-de-Pantalla-2022-06-02-a-las-6.22.31-p.-m.-150x150.png\" class=\"attachment-thumbnail size-thumbnail wp-image-106\" alt=\"\" srcset=\"https:\/\/observatoirenature.org\/observatorio\/wp-content\/uploads\/2022\/06\/Captura-de-Pantalla-2022-06-02-a-las-6.22.31-p.-m.-150x150.png 150w, https:\/\/observatoirenature.org\/observatorio\/wp-content\/uploads\/2022\/06\/Captura-de-Pantalla-2022-06-02-a-las-6.22.31-p.-m.-250x250.png 250w\" sizes=\"(max-width: 150px) 100vw, 150px\" \/><\/figure><div class=\"elementor-image-box-content\"><h3 class=\"elementor-image-box-title\">Kayley Laura Lata<\/h3><p class=\"elementor-image-box-description\"><p>Secretary and member of the Board of directors<\/p><\/div><\/div>\t\t\t\t<\/div>\n\t\t\t\t<\/div>\n\t\t\t\t<div class=\"elementor-element elementor-element-26c9c75 elementor-widget elementor-widget-text-editor\" data-id=\"26c9c75\" data-element_type=\"widget\" data-widget_type=\"text-editor.default\">\n\t\t\t\t<div class=\"elementor-widget-container\">\n\t\t\t\t\t\t\t\t\t<p style=\"font-weight: 400;\">Kayley Laura Lata joined the Observatory team in 2019 as Head of Communications. She subsequently held the position of Political Affairs Officer for almost three years. Her mandate culminated in the presentation of a bill to grant legal personality to the St. Lawrence River.\u00a0 Today, she sits on the Observatory&#8217;s Board of Directors.<\/p><p style=\"font-weight: 400;\">She holds a bachelor&#8217;s degree and a master&#8217;s degree in law, and lectures on the rights of Nature to students, elected officials and environmental organizations.<\/p>\t\t\t\t\t\t\t\t<\/div>\n\t\t\t\t<\/div>\n\t\t\t\t\t<\/div>\n\t\t<\/div>\n\t\t\t\t\t<\/div>\n\t\t<\/section>\n\t\t\t\t\t<\/div>\n\t\t<\/div>\n\t\t\t\t\t<\/div>\n\t\t<\/section>\n\t\t\t\t<\/div>\n\t\t","protected":false},"excerpt":{"rendered":"<p>Executive team Yenny Vega C\u00e1rdenas Presidente Yenny Vega C\u00e1rdenas holds a doctorate in law, is a lawyer, Research Advisor at the University of Sherbrooke, and co-founder and president of the International Observatory on the Rights of Nature. A member of the IUCN Legal Committee and the United Nations \u201cHarmony with Nature\u201d expert network, she advances [&hellip;]<\/p>\n","protected":false},"author":1,"featured_media":0,"parent":0,"menu_order":0,"comment_status":"closed","ping_status":"closed","template":"","meta":{"site-sidebar-layout":"no-sidebar","site-content-layout":"page-builder","ast-site-content-layout":"full-width-container","site-content-style":"unboxed","site-sidebar-style":"unboxed","ast-global-header-display":"","ast-banner-title-visibility":"","ast-main-header-display":"","ast-hfb-above-header-display":"","ast-hfb-below-header-display":"","ast-hfb-mobile-header-display":"","site-post-title":"disabled","ast-breadcrumbs-content":"","ast-featured-img":"disabled","footer-sml-layout":"","ast-disable-related-posts":"","theme-transparent-header-meta":"","adv-header-id-meta":"","stick-header-meta":"","header-above-stick-meta":"","header-main-stick-meta":"","header-below-stick-meta":"","astra-migrate-meta-layouts":"set","ast-page-background-enabled":"default","ast-page-background-meta":{"desktop":{"background-color":"var(--ast-global-color-4)","background-image":"","background-repeat":"repeat","background-position":"center center","background-size":"auto","background-attachment":"scroll","background-type":"","background-media":"","overlay-type":"","overlay-color":"","overlay-opacity":"","overlay-gradient":""},"tablet":{"background-color":"","background-image":"","background-repeat":"repeat","background-position":"center center","background-size":"auto","background-attachment":"scroll","background-type":"","background-media":"","overlay-type":"","overlay-color":"","overlay-opacity":"","overlay-gradient":""},"mobile":{"background-color":"","background-image":"","background-repeat":"repeat","background-position":"center center","background-size":"auto","background-attachment":"scroll","background-type":"","background-media":"","overlay-type":"","overlay-color":"","overlay-opacity":"","overlay-gradient":""}},"ast-content-background-meta":{"desktop":{"background-color":"var(--ast-global-color-5)","background-image":"","background-repeat":"repeat","background-position":"center center","background-size":"auto","background-attachment":"scroll","background-type":"","background-media":"","overlay-type":"","overlay-color":"","overlay-opacity":"","overlay-gradient":""},"tablet":{"background-color":"var(--ast-global-color-5)","background-image":"","background-repeat":"repeat","background-position":"center center","background-size":"auto","background-attachment":"scroll","background-type":"","background-media":"","overlay-type":"","overlay-color":"","overlay-opacity":"","overlay-gradient":""},"mobile":{"background-color":"var(--ast-global-color-5)","background-image":"","background-repeat":"repeat","background-position":"center center","background-size":"auto","background-attachment":"scroll","background-type":"","background-media":"","overlay-type":"","overlay-color":"","overlay-opacity":"","overlay-gradient":""}},"footnotes":""},"class_list":["post-308","page","type-page","status-publish","hentry"],"_links":{"self":[{"href":"https:\/\/observatoirenature.org\/observatorio\/wp-json\/wp\/v2\/pages\/308","targetHints":{"allow":["GET"]}}],"collection":[{"href":"https:\/\/observatoirenature.org\/observatorio\/wp-json\/wp\/v2\/pages"}],"about":[{"href":"https:\/\/observatoirenature.org\/observatorio\/wp-json\/wp\/v2\/types\/page"}],"author":[{"embeddable":true,"href":"https:\/\/observatoirenature.org\/observatorio\/wp-json\/wp\/v2\/users\/1"}],"replies":[{"embeddable":true,"href":"https:\/\/observatoirenature.org\/observatorio\/wp-json\/wp\/v2\/comments?post=308"}],"version-history":[{"count":86,"href":"https:\/\/observatoirenature.org\/observatorio\/wp-json\/wp\/v2\/pages\/308\/revisions"}],"predecessor-version":[{"id":9429,"href":"https:\/\/observatoirenature.org\/observatorio\/wp-json\/wp\/v2\/pages\/308\/revisions\/9429"}],"wp:attachment":[{"href":"https:\/\/observatoirenature.org\/observatorio\/wp-json\/wp\/v2\/media?parent=308"}],"curies":[{"name":"wp","href":"https:\/\/api.w.org\/{rel}","templated":true}]}}