{"id":1795,"date":"2022-06-13T15:03:13","date_gmt":"2022-06-13T15:03:13","guid":{"rendered":"https:\/\/observatoirenature.org\/observatorio\/?page_id=1795"},"modified":"2022-06-13T15:03:57","modified_gmt":"2022-06-13T15:03:57","slug":"prueba-3","status":"publish","type":"page","link":"https:\/\/observatoirenature.org\/observatorio\/es\/prueba-3\/","title":{"rendered":"Prueba 3"},"content":{"rendered":"\t\t<div data-elementor-type=\"wp-page\" data-elementor-id=\"1795\" class=\"elementor elementor-1795\" data-elementor-post-type=\"page\">\n\t\t\t\t\t\t<section class=\"elementor-section elementor-top-section elementor-element elementor-element-6a98ef5 elementor-section-content-middle elementor-section-boxed elementor-section-height-default elementor-section-height-default\" data-id=\"6a98ef5\" data-element_type=\"section\" data-settings=\"{&quot;background_background&quot;:&quot;classic&quot;}\">\n\t\t\t\t\t\t\t<div class=\"elementor-background-overlay\"><\/div>\n\t\t\t\t\t\t\t<div class=\"elementor-container elementor-column-gap-no\">\n\t\t\t\t\t<div class=\"elementor-column elementor-col-100 elementor-top-column elementor-element elementor-element-679ad36\" data-id=\"679ad36\" data-element_type=\"column\">\n\t\t\t<div class=\"elementor-widget-wrap elementor-element-populated\">\n\t\t\t\t\t\t<div class=\"elementor-element elementor-element-580e74a elementor-invisible elementor-widget elementor-widget-heading\" data-id=\"580e74a\" data-element_type=\"widget\" data-settings=\"{&quot;_animation&quot;:&quot;slideInDown&quot;}\" data-widget_type=\"heading.default\">\n\t\t\t\t<div class=\"elementor-widget-container\">\n\t\t\t\t\t<h2 class=\"elementor-heading-title elementor-size-default\">Blog<\/h2>\t\t\t\t<\/div>\n\t\t\t\t<\/div>\n\t\t\t\t\t<\/div>\n\t\t<\/div>\n\t\t\t\t\t<\/div>\n\t\t<\/section>\n\t\t\t\t<section class=\"elementor-section elementor-top-section elementor-element elementor-element-b88a5de elementor-section-boxed elementor-section-height-default elementor-section-height-default\" data-id=\"b88a5de\" data-element_type=\"section\">\n\t\t\t\t\t\t<div class=\"elementor-container elementor-column-gap-default\">\n\t\t\t\t\t<div class=\"elementor-column elementor-col-100 elementor-top-column elementor-element elementor-element-6d17021\" data-id=\"6d17021\" data-element_type=\"column\">\n\t\t\t<div class=\"elementor-widget-wrap elementor-element-populated\">\n\t\t\t\t\t\t<div class=\"elementor-element elementor-element-7004514 elementor-widget elementor-widget-blogmentor_blog_posts\" data-id=\"7004514\" data-element_type=\"widget\" data-widget_type=\"blogmentor_blog_posts.default\">\n\t\t\t\t<div class=\"elementor-widget-container\">\n\t\t\t\t\t\t\t\n\t\t\t\t\t<div class=\"upl-main\">\n\t\t<div class=\"upl-container\">\n\t\t\t\t\t\t\t<div class=\"upl-left-section bm_content_box\">\n\t\t\t\t\t\t\t\t<div class=\"bm-post-image clearfix bm-hover-effect bm-hover-effect-blur\">\n\t\t\t\t\t<div class=\"upl-image\" style=\"background-image: url('https:\/\/observatoirenature.org\/observatorio\/wp-content\/uploads\/2023\/04\/ONU-scaled.jpg')\"><\/div>\n\t\t\t\t<\/div>\n\t\t\t\t<div class=\"upl-author\"><img decoding=\"async\" src=\"https:\/\/secure.gravatar.com\/avatar\/d55be0149fbfe8895f8ffce877b70657a4bdde9fdf1b2ccb73521b560c136ed3?s=96&d=mm&r=g\"><\/div>\n\t\t\t\t<div class=\"upl-title bm_title\"><a href=\"https:\/\/observatoirenature.org\/observatorio\/2023\/04\/05\/un-droit-de-leau-pour-un-droit-a-leau\/\" rel=\"bookmark\">Un droit de l\u2019eau pour un droit \u00e0 l\u2019eau<\/a><\/div>\t\t\t\t\t<div class=\"upl-excerpt bm_content\"> Retour sur la Conf\u00e9rence des Nations Unies sur l\u2019eau 2023 Par In\u00e8s Benadda, avocate et vice-pr\u00e9sidente \u00e0 l\u2019OIDN et Yenny Vega Cardenas, avocate et pr\u00e9sidente \u00e0 l\u2019OIDN Il s\u2019est pass\u00e9&hellip; <\/div>\n\t\t\t\t\t\t\t\t\t<div class=\"upl-cat-date bm_meta\">\n\t\t\t\t\t\tOIDN | April 5, 2023 \t\t\t\t\t<\/div>\n\t\t\t\t\t\t\t<\/div>\n\t\t\t\n\t\t\t\t\t\t<div class=\"upl-right-section\">\n\t\t\t\t<div class=\"upl-top bm_content_box\">\n\t\t\t\t\t<div class=\"bm-post-image clearfix bm-hover-effect bm-hover-effect-blur\">\n\t\t\t\t\t\t<div class=\"upl-image\" style=\"background-image: url('https:\/\/observatoirenature.org\/observatorio\/wp-content\/uploads\/2025\/10\/karthik-sreenivas-meHsL0qPxTs-unsplash-scaled.jpg')\"><\/div>\n\t\t\t\t\t<\/div>\n\t\t\t\t\t<div class=\"upl-author\">\n\t\t\t\t\t\t<img decoding=\"async\" src=\"https:\/\/secure.gravatar.com\/avatar\/feb83c50ccb5b719b548cabfac8d200bf61c35367dbec2215fdd4f0e685c18a7?s=96&d=mm&r=g\">\n\t\t\t\t\t<\/div>\n\t\t\t\t\t<div class=\"upl-title bm_title\"><a href=\"https:\/\/observatoirenature.org\/observatorio\/es\/2025\/10\/28\/la-mocion-067-vivir-en-armonia-con-los-rios-respetando-los-derechos-de-la-naturaleza-y-el-derecho-ecocentrico-un-nuevo-paso-hacia-el-reconocimiento-universa\/\" rel=\"bookmark\">La Moci\u00f3n 067 \u2013 \u00ab \u200b\u200bVivir en armon\u00eda con los r\u00edos respetando los derechos de&hellip;<\/a><\/div>\t\t\t\t\t\t<div class=\"upl-excerpt bm_content\"> La Moci\u00f3n 067 - \u00ab \u200b\u200bVivir en armon\u00eda con los r\u00edos respetando&hellip; <\/div>\n\t\t\t\t\t\t\t\t\t\t\t<div class=\"upl-cat-date bm_meta\">\n\t\t\t\t\t\tElisa | October 28, 2025 \t\t\t\t\t\t<\/div>\n\t\t\t\t\t\t\t\t\t<\/div>\n\t\t\t\t\t\t\t<div class=\"upl-bottom bm_content_box\">\n\t\t\t\t\t<div class=\"bm-post-image clearfix bm-hover-effect bm-hover-effect-blur\">\n\t\t\t\t\t\t<div class=\"upl-image\" style=\"background-image: url('https:\/\/observatoirenature.org\/observatorio\/wp-content\/uploads\/2025\/10\/karthik-sreenivas-meHsL0qPxTs-unsplash-scaled.jpg')\"><\/div>\n\t\t\t\t\t<\/div>\n\t\t\t\t\t<div class=\"upl-author\">\n\t\t\t\t\t\t<img decoding=\"async\" src=\"https:\/\/secure.gravatar.com\/avatar\/feb83c50ccb5b719b548cabfac8d200bf61c35367dbec2215fdd4f0e685c18a7?s=96&d=mm&r=g\">\n\t\t\t\t\t<\/div>\n\t\t\t\t\t<div class=\"upl-title bm_title\"><a href=\"https:\/\/observatoirenature.org\/observatorio\/en\/2025\/10\/27\/motion-067-living-in-harmony-with-rivers-through-the-rights-of-nature-and-ecocentric-law-a-new-step-towards-universal-recognition-of-the-rights-of-aquatic-ecosystems\/\" rel=\"bookmark\">Motion 067 - \u201cLiving in harmony with rivers through the rights of Nature and ecocentric&hellip;<\/a><\/div>\t\t\t\t\t\t<div class=\"upl-excerpt bm_content\"> Motion 067 - \u201cLiving in harmony with rivers through the rights of&hellip; <\/div>\n\t\t\t\t\t\t\t\t\t\t\t<div class=\"upl-cat-date bm_meta\">\n\t\t\t\t\t\tElisa | October 27, 2025 \t\t\t\t\t\t<\/div>\n\t\t\t\t\t\t\t\t\t<\/div>\n\t\t\t\t\t\t<\/div>\n\t\t<\/div>\n\t<\/div>\n\n\t<div class=\"upl-second-section\">\n\t\t\t\t\t<div class=\"upl-second bm_content_box\">\n\t\t\t\t<div class=\"bm-post-image clearfix bm-hover-effect bm-hover-effect-blur\">\n\t\t\t\t\t<div class=\"upl-image\" style=\"background-image: url('https:\/\/observatoirenature.org\/observatorio\/wp-content\/uploads\/2025\/10\/karthik-sreenivas-meHsL0qPxTs-unsplash-scaled.jpg')\"><\/div>\n\t\t\t\t<\/div>\n\t\t\t\t<div class=\"upl-author\">\n\t\t\t\t\t<img decoding=\"async\" src=\"https:\/\/secure.gravatar.com\/avatar\/feb83c50ccb5b719b548cabfac8d200bf61c35367dbec2215fdd4f0e685c18a7?s=96&d=mm&r=g\">\n\t\t\t\t<\/div>\n\t\t\t\t<div class=\"upl-title bm_title\"><a href=\"https:\/\/observatoirenature.org\/observatorio\/2025\/10\/27\/la-motion-067-vivre-en-harmonie-avec-les-cours-deau-grace-aux-droits-de-la-nature-et-au-droit-ecocentrique-une-nouvelle-etape-vers-la-reconnaissance-universelle-des-droits-d\/\" rel=\"bookmark\">La Motion 067 - \u00ab Vivre en harmonie avec les cours d\u2019eau gr\u00e2ce aux droits&hellip;<\/a><\/div>\t\t\t\t\t<div class=\"upl-excerpt bm_content\"> La Motion 067 - \u00ab Vivre en harmonie avec les cours d\u2019eau&hellip; <\/div>\n\t\t\t\t\t\t\t\t\t<div class=\"upl-cat-date bm_meta\">Elisa | October 27, 2025 \t\t\t\t\t<\/div>\n\t\t\t\t\t\t\t<\/div>\n\t\t\t\t\t<div class=\"upl-second bm_content_box\">\n\t\t\t\t<div class=\"bm-post-image clearfix bm-hover-effect bm-hover-effect-blur\">\n\t\t\t\t\t<div class=\"upl-image\" style=\"background-image: url('https:\/\/observatoirenature.org\/observatorio\/wp-content\/uploads\/2025\/09\/PbN_Gl_ZoMk.webp')\"><\/div>\n\t\t\t\t<\/div>\n\t\t\t\t<div class=\"upl-author\">\n\t\t\t\t\t<img decoding=\"async\" src=\"https:\/\/secure.gravatar.com\/avatar\/d55be0149fbfe8895f8ffce877b70657a4bdde9fdf1b2ccb73521b560c136ed3?s=96&d=mm&r=g\">\n\t\t\t\t<\/div>\n\t\t\t\t<div class=\"upl-title bm_title\"><a href=\"https:\/\/observatoirenature.org\/observatorio\/es\/2025\/09\/24\/derechos-de-la-naturaleza-y-responsabilidad-climatica-una-comparacion-estrategica-entre-la-opinion-de-la-cij-y-la-corte-interamericana-de-derechos-humanos\/\" rel=\"bookmark\">Derechos de la Naturaleza y responsabilidad clim\u00e1tica: una comparaci\u00f3n estrat\u00e9gica entre la opini\u00f3n de la&hellip;<\/a><\/div>\t\t\t\t\t<div class=\"upl-excerpt bm_content\"> Inicio | Blog | Derechos de la Naturaleza y responsabilidad clim\u00e1tica: una&hellip; <\/div>\n\t\t\t\t\t\t\t\t\t<div class=\"upl-cat-date bm_meta\">OIDN | September 24, 2025 \t\t\t\t\t<\/div>\n\t\t\t\t\t\t\t<\/div>\n\t\t\t\t\t<div class=\"upl-second bm_content_box\">\n\t\t\t\t<div class=\"bm-post-image clearfix bm-hover-effect bm-hover-effect-blur\">\n\t\t\t\t\t<div class=\"upl-image\" style=\"background-image: url('https:\/\/observatoirenature.org\/observatorio\/wp-content\/uploads\/2025\/09\/PbN_Gl_ZoMk.webp')\"><\/div>\n\t\t\t\t<\/div>\n\t\t\t\t<div class=\"upl-author\">\n\t\t\t\t\t<img decoding=\"async\" src=\"https:\/\/secure.gravatar.com\/avatar\/bc9252295382390f742c38ea58d12fa49d8ff9eeab7f50f1b91cfcfe0b097ed5?s=96&d=mm&r=g\">\n\t\t\t\t<\/div>\n\t\t\t\t<div class=\"upl-title bm_title\"><a href=\"https:\/\/observatoirenature.org\/observatorio\/en\/2025\/09\/24\/rights-of-nature-and-climate-responsibility-a-strategic-comparison-between-the-icj-opinion-and-the-inter-american-court-of-human-rights\/\" rel=\"bookmark\">Rights of Nature and Climate Responsibility: A Strategic Comparison Between the ICJ Opinion and the&hellip;<\/a><\/div>\t\t\t\t\t<div class=\"upl-excerpt bm_content\"> Home | Blog | Rights of Nature and Climate Responsibility: A Strategic&hellip; <\/div>\n\t\t\t\t\t\t\t\t\t<div class=\"upl-cat-date bm_meta\">Dario Ernesto Roca | September 24, 2025 \t\t\t\t\t<\/div>\n\t\t\t\t\t\t\t<\/div>\n\t\t\t\t\t<div class=\"upl-second bm_content_box\">\n\t\t\t\t<div class=\"bm-post-image clearfix bm-hover-effect bm-hover-effect-blur\">\n\t\t\t\t\t<div class=\"upl-image\" style=\"background-image: url('https:\/\/observatoirenature.org\/observatorio\/wp-content\/uploads\/2025\/09\/PbN_Gl_ZoMk.webp')\"><\/div>\n\t\t\t\t<\/div>\n\t\t\t\t<div class=\"upl-author\">\n\t\t\t\t\t<img decoding=\"async\" src=\"https:\/\/secure.gravatar.com\/avatar\/d55be0149fbfe8895f8ffce877b70657a4bdde9fdf1b2ccb73521b560c136ed3?s=96&d=mm&r=g\">\n\t\t\t\t<\/div>\n\t\t\t\t<div class=\"upl-title bm_title\"><a href=\"https:\/\/observatoirenature.org\/observatorio\/2025\/09\/24\/droits-de-la-nature-et-responsabilite-climatique-une-comparaison-strategique-entre-lavis-de-la-cij-et-la-cour-interamericaine-des-droits-de-lhomme\/\" rel=\"bookmark\">Droits de la Nature et responsabilit\u00e9 climatique : une comparaison strat\u00e9gique entre l\u2019avis de la&hellip;<\/a><\/div>\t\t\t\t\t<div class=\"upl-excerpt bm_content\"> Accueil | Blog | Droits de la Nature et responsabilit\u00e9 climatique :&hellip; <\/div>\n\t\t\t\t\t\t\t\t\t<div class=\"upl-cat-date bm_meta\">OIDN | September 24, 2025 \t\t\t\t\t<\/div>\n\t\t\t\t\t\t\t<\/div>\n\t\t\t\t\t<div class=\"upl-second bm_content_box\">\n\t\t\t\t<div class=\"bm-post-image clearfix bm-hover-effect bm-hover-effect-blur\">\n\t\t\t\t\t<div class=\"upl-image\" style=\"background-image: url('https:\/\/observatoirenature.org\/observatorio\/wp-content\/uploads\/2025\/07\/inter_american_court_of_human_rights.jpeg')\"><\/div>\n\t\t\t\t<\/div>\n\t\t\t\t<div class=\"upl-author\">\n\t\t\t\t\t<img decoding=\"async\" src=\"https:\/\/secure.gravatar.com\/avatar\/d55be0149fbfe8895f8ffce877b70657a4bdde9fdf1b2ccb73521b560c136ed3?s=96&d=mm&r=g\">\n\t\t\t\t<\/div>\n\t\t\t\t<div class=\"upl-title bm_title\"><a href=\"https:\/\/observatoirenature.org\/observatorio\/es\/2025\/07\/10\/resumen-analitico-de-la-opinion-consultiva-oc-32-25-de-la-corte-interamericana-de-derechos-humanos-emergencia-climatica-derechos-humanos-y-derechos-de-la-naturaleza\/\" rel=\"bookmark\">Resumen anal\u00edtico de la Opini\u00f3n Consultiva OC-32\/25 de la Corte Interamericana de Derechos Humanos -&hellip;<\/a><\/div>\t\t\t\t\t<div class=\"upl-excerpt bm_content\"> Fuente: law.nd.edu Inicio | Blog | Resumen anal\u00edtico de la Opini\u00f3n Consultiva&hellip; <\/div>\n\t\t\t\t\t\t\t\t\t<div class=\"upl-cat-date bm_meta\">OIDN | July 10, 2025 \t\t\t\t\t<\/div>\n\t\t\t\t\t\t\t<\/div>\n\t\t\t\t\t<div class=\"upl-second bm_content_box\">\n\t\t\t\t<div class=\"bm-post-image clearfix bm-hover-effect bm-hover-effect-blur\">\n\t\t\t\t\t<div class=\"upl-image\" style=\"background-image: url('https:\/\/observatoirenature.org\/observatorio\/wp-content\/uploads\/2025\/07\/inter_american_court_of_human_rights.jpeg')\"><\/div>\n\t\t\t\t<\/div>\n\t\t\t\t<div class=\"upl-author\">\n\t\t\t\t\t<img decoding=\"async\" src=\"https:\/\/secure.gravatar.com\/avatar\/d55be0149fbfe8895f8ffce877b70657a4bdde9fdf1b2ccb73521b560c136ed3?s=96&d=mm&r=g\">\n\t\t\t\t<\/div>\n\t\t\t\t<div class=\"upl-title bm_title\"><a href=\"https:\/\/observatoirenature.org\/observatorio\/en\/2025\/07\/10\/analytical-summary-of-advisory-opinion-oc-32-25-by-the-inter-american-court-of-human-rights-climate-emergency-human-rights-and-the-rights-of-nature\/\" rel=\"bookmark\">Analytical Summary of Advisory Opinion OC-32\/25 by the Inter-American Court of Human Rights - Climate&hellip;<\/a><\/div>\t\t\t\t\t<div class=\"upl-excerpt bm_content\"> Source: law.nd.edu Home | Blog | Analytical Summary of Advisory Opinion OC-32\/25&hellip; <\/div>\n\t\t\t\t\t\t\t\t\t<div class=\"upl-cat-date bm_meta\">OIDN | July 10, 2025 \t\t\t\t\t<\/div>\n\t\t\t\t\t\t\t<\/div>\n\t\t\t\t\t<div class=\"upl-second bm_content_box\">\n\t\t\t\t<div class=\"bm-post-image clearfix bm-hover-effect bm-hover-effect-blur\">\n\t\t\t\t\t<div class=\"upl-image\" style=\"background-image: url('https:\/\/observatoirenature.org\/observatorio\/wp-content\/uploads\/2025\/07\/inter_american_court_of_human_rights.jpeg')\"><\/div>\n\t\t\t\t<\/div>\n\t\t\t\t<div class=\"upl-author\">\n\t\t\t\t\t<img decoding=\"async\" src=\"https:\/\/secure.gravatar.com\/avatar\/d55be0149fbfe8895f8ffce877b70657a4bdde9fdf1b2ccb73521b560c136ed3?s=96&d=mm&r=g\">\n\t\t\t\t<\/div>\n\t\t\t\t<div class=\"upl-title bm_title\"><a href=\"https:\/\/observatoirenature.org\/observatorio\/2025\/07\/10\/resume-analytique-de-lopinion-consultative-oc-32-25-de-la-cour-interamericaine-des-droits-de-lhomme\/\" rel=\"bookmark\">R\u00e9sum\u00e9 analytique de l\u2019Opinion consultative OC-32\/25 de la Cour interam\u00e9ricaine des droits de l\u2019homme :&hellip;<\/a><\/div>\t\t\t\t\t<div class=\"upl-excerpt bm_content\"> Source: law.nd.edu Accueil | Blog | R\u00e9sum\u00e9 analytique de l\u2019Opinion consultative OC-32\/25&hellip; <\/div>\n\t\t\t\t\t\t\t\t\t<div class=\"upl-cat-date bm_meta\">OIDN | July 10, 2025 \t\t\t\t\t<\/div>\n\t\t\t\t\t\t\t<\/div>\n\t\t\t\t\t<div class=\"upl-second bm_content_box\">\n\t\t\t\t<div class=\"bm-post-image clearfix bm-hover-effect bm-hover-effect-blur\">\n\t\t\t\t\t<div class=\"upl-image\" style=\"background-image: url('https:\/\/observatoirenature.org\/observatorio\/wp-content\/uploads\/2025\/01\/WhatsApp-Image-2023-05-06-at-21.01.08.webp')\"><\/div>\n\t\t\t\t<\/div>\n\t\t\t\t<div class=\"upl-author\">\n\t\t\t\t\t<img decoding=\"async\" src=\"https:\/\/secure.gravatar.com\/avatar\/d55be0149fbfe8895f8ffce877b70657a4bdde9fdf1b2ccb73521b560c136ed3?s=96&d=mm&r=g\">\n\t\t\t\t<\/div>\n\t\t\t\t<div class=\"upl-title bm_title\"><a href=\"https:\/\/observatoirenature.org\/observatorio\/es\/2025\/05\/31\/odra-en-el-parlamento-polaco-un-hito-para-los-derechos-de-la-naturaleza-en-polonia\/\" rel=\"bookmark\">Odra en el Parlamento polaco: un hito para los derechos de la Naturaleza en Polonia<\/a><\/div>\t\t\t\t\t<div class=\"upl-excerpt bm_content\"> Fuente: Autor Inicio | Blog | L\u2019Oder au Parlement polonais : une&hellip; <\/div>\n\t\t\t\t\t\t\t\t\t<div class=\"upl-cat-date bm_meta\">OIDN | May 31, 2025 \t\t\t\t\t<\/div>\n\t\t\t\t\t\t\t<\/div>\n\t\t\t\t\t<div class=\"upl-second bm_content_box\">\n\t\t\t\t<div class=\"bm-post-image clearfix bm-hover-effect bm-hover-effect-blur\">\n\t\t\t\t\t<div class=\"upl-image\" style=\"background-image: url('https:\/\/observatoirenature.org\/observatorio\/wp-content\/uploads\/2025\/01\/WhatsApp-Image-2023-05-06-at-21.01.08.webp')\"><\/div>\n\t\t\t\t<\/div>\n\t\t\t\t<div class=\"upl-author\">\n\t\t\t\t\t<img decoding=\"async\" src=\"https:\/\/secure.gravatar.com\/avatar\/d55be0149fbfe8895f8ffce877b70657a4bdde9fdf1b2ccb73521b560c136ed3?s=96&d=mm&r=g\">\n\t\t\t\t<\/div>\n\t\t\t\t<div class=\"upl-title bm_title\"><a href=\"https:\/\/observatoirenature.org\/observatorio\/en\/2025\/05\/31\/odra-in-the-polish-parliament-a-milestone-for-the-rights-of-nature-in-poland\/\" rel=\"bookmark\">Odra in the Polish Parliament: A Milestone for the Rights of Nature in Poland<\/a><\/div>\t\t\t\t\t<div class=\"upl-excerpt bm_content\"> Source: Author Home | Blog | Odra in the Polish Parliament: A&hellip; <\/div>\n\t\t\t\t\t\t\t\t\t<div class=\"upl-cat-date bm_meta\">OIDN | May 31, 2025 \t\t\t\t\t<\/div>\n\t\t\t\t\t\t\t<\/div>\n\t\t\t<\/div>\n\t\t\t<div class=\"bm-pagination pagination_style_2\">\n\t\t\t\t<span aria-current=\"page\" class=\"page-numbers current\">1<\/span>\n<a class=\"page-numbers\" href=\"https:\/\/observatoirenature.org\/observatorio\/wp-json\/wp\/v2\/pages\/1795\/page\/2\/\">2<\/a>\n<a class=\"page-numbers\" href=\"https:\/\/observatoirenature.org\/observatorio\/wp-json\/wp\/v2\/pages\/1795\/page\/3\/\">3<\/a>\n<a class=\"page-numbers\" href=\"https:\/\/observatoirenature.org\/observatorio\/wp-json\/wp\/v2\/pages\/1795\/page\/4\/\">4<\/a>\n<a class=\"next page-numbers\" href=\"https:\/\/observatoirenature.org\/observatorio\/wp-json\/wp\/v2\/pages\/1795\/page\/2\/\">  <i><\/i><\/a>\t\t\t<\/div>\n\t\t\t\t\t\t<\/div>\n\t\t\t\t<\/div>\n\t\t\t\t\t<\/div>\n\t\t<\/div>\n\t\t\t\t\t<\/div>\n\t\t<\/section>\n\t\t\t\t<\/div>\n\t\t","protected":false},"excerpt":{"rendered":"<p>Blog<\/p>\n","protected":false},"author":1,"featured_media":0,"parent":0,"menu_order":0,"comment_status":"closed","ping_status":"closed","template":"","meta":{"site-sidebar-layout":"no-sidebar","site-content-layout":"page-builder","ast-site-content-layout":"default","site-content-style":"default","site-sidebar-style":"default","ast-global-header-display":"","ast-banner-title-visibility":"","ast-main-header-display":"","ast-hfb-above-header-display":"","ast-hfb-below-header-display":"","ast-hfb-mobile-header-display":"","site-post-title":"disabled","ast-breadcrumbs-content":"","ast-featured-img":"disabled","footer-sml-layout":"","ast-disable-related-posts":"","theme-transparent-header-meta":"","adv-header-id-meta":"","stick-header-meta":"","header-above-stick-meta":"","header-main-stick-meta":"","header-below-stick-meta":"","astra-migrate-meta-layouts":"default","ast-page-background-enabled":"default","ast-page-background-meta":{"desktop":{"background-color":"var(--ast-global-color-4)","background-image":"","background-repeat":"repeat","background-position":"center center","background-size":"auto","background-attachment":"scroll","background-type":"","background-media":"","overlay-type":"","overlay-color":"","overlay-opacity":"","overlay-gradient":""},"tablet":{"background-color":"","background-image":"","background-repeat":"repeat","background-position":"center center","background-size":"auto","background-attachment":"scroll","background-type":"","background-media":"","overlay-type":"","overlay-color":"","overlay-opacity":"","overlay-gradient":""},"mobile":{"background-color":"","background-image":"","background-repeat":"repeat","background-position":"center center","background-size":"auto","background-attachment":"scroll","background-type":"","background-media":"","overlay-type":"","overlay-color":"","overlay-opacity":"","overlay-gradient":""}},"ast-content-background-meta":{"desktop":{"background-color":"var(--ast-global-color-5)","background-image":"","background-repeat":"repeat","background-position":"center center","background-size":"auto","background-attachment":"scroll","background-type":"","background-media":"","overlay-type":"","overlay-color":"","overlay-opacity":"","overlay-gradient":""},"tablet":{"background-color":"var(--ast-global-color-5)","background-image":"","background-repeat":"repeat","background-position":"center center","background-size":"auto","background-attachment":"scroll","background-type":"","background-media":"","overlay-type":"","overlay-color":"","overlay-opacity":"","overlay-gradient":""},"mobile":{"background-color":"var(--ast-global-color-5)","background-image":"","background-repeat":"repeat","background-position":"center center","background-size":"auto","background-attachment":"scroll","background-type":"","background-media":"","overlay-type":"","overlay-color":"","overlay-opacity":"","overlay-gradient":""}},"footnotes":""},"class_list":["post-1795","page","type-page","status-publish","hentry"],"_links":{"self":[{"href":"https:\/\/observatoirenature.org\/observatorio\/wp-json\/wp\/v2\/pages\/1795","targetHints":{"allow":["GET"]}}],"collection":[{"href":"https:\/\/observatoirenature.org\/observatorio\/wp-json\/wp\/v2\/pages"}],"about":[{"href":"https:\/\/observatoirenature.org\/observatorio\/wp-json\/wp\/v2\/types\/page"}],"author":[{"embeddable":true,"href":"https:\/\/observatoirenature.org\/observatorio\/wp-json\/wp\/v2\/users\/1"}],"replies":[{"embeddable":true,"href":"https:\/\/observatoirenature.org\/observatorio\/wp-json\/wp\/v2\/comments?post=1795"}],"version-history":[{"count":4,"href":"https:\/\/observatoirenature.org\/observatorio\/wp-json\/wp\/v2\/pages\/1795\/revisions"}],"predecessor-version":[{"id":1799,"href":"https:\/\/observatoirenature.org\/observatorio\/wp-json\/wp\/v2\/pages\/1795\/revisions\/1799"}],"wp:attachment":[{"href":"https:\/\/observatoirenature.org\/observatorio\/wp-json\/wp\/v2\/media?parent=1795"}],"curies":[{"name":"wp","href":"https:\/\/api.w.org\/{rel}","templated":true}]}}