{"id":119,"date":"2022-06-02T23:27:05","date_gmt":"2022-06-02T23:27:05","guid":{"rendered":"https:\/\/observatoirenature.org\/observatorio\/?page_id=119"},"modified":"2022-06-02T23:35:00","modified_gmt":"2022-06-02T23:35:00","slug":"miembros","status":"publish","type":"page","link":"https:\/\/observatoirenature.org\/observatorio\/es\/miembros\/","title":{"rendered":"Miembros"},"content":{"rendered":"\t\t<div data-elementor-type=\"wp-page\" data-elementor-id=\"119\" class=\"elementor elementor-119\" data-elementor-post-type=\"page\">\n\t\t\t\t\t\t<section class=\"elementor-section elementor-top-section elementor-element elementor-element-189adb9 elementor-section-content-middle elementor-section-boxed elementor-section-height-default elementor-section-height-default\" data-id=\"189adb9\" data-element_type=\"section\" data-settings=\"{&quot;background_background&quot;:&quot;classic&quot;}\">\n\t\t\t\t\t\t\t<div class=\"elementor-background-overlay\"><\/div>\n\t\t\t\t\t\t\t<div class=\"elementor-container elementor-column-gap-no\">\n\t\t\t\t\t<div class=\"elementor-column elementor-col-100 elementor-top-column elementor-element elementor-element-08eb1b6\" data-id=\"08eb1b6\" data-element_type=\"column\">\n\t\t\t<div class=\"elementor-widget-wrap elementor-element-populated\">\n\t\t\t\t\t\t<div class=\"elementor-element elementor-element-818f752 elementor-invisible elementor-widget elementor-widget-heading\" data-id=\"818f752\" data-element_type=\"widget\" data-settings=\"{&quot;_animation&quot;:&quot;slideInDown&quot;}\" data-widget_type=\"heading.default\">\n\t\t\t\t<div class=\"elementor-widget-container\">\n\t\t\t\t\t<h2 class=\"elementor-heading-title elementor-size-default\">Equipo ejecutivo<\/h2>\t\t\t\t<\/div>\n\t\t\t\t<\/div>\n\t\t\t\t\t<\/div>\n\t\t<\/div>\n\t\t\t\t\t<\/div>\n\t\t<\/section>\n\t\t\t\t<section class=\"elementor-section elementor-top-section elementor-element elementor-element-655ef7b elementor-section-boxed elementor-section-height-default elementor-section-height-default\" data-id=\"655ef7b\" data-element_type=\"section\" data-settings=\"{&quot;background_background&quot;:&quot;classic&quot;}\">\n\t\t\t\t\t\t<div class=\"elementor-container elementor-column-gap-no\">\n\t\t\t\t\t<div class=\"elementor-column elementor-col-50 elementor-top-column elementor-element elementor-element-2b14aee animated-slow elementor-invisible\" data-id=\"2b14aee\" data-element_type=\"column\" data-settings=\"{&quot;animation&quot;:&quot;fadeInUp&quot;}\">\n\t\t\t<div class=\"elementor-widget-wrap elementor-element-populated\">\n\t\t\t\t\t\t<div class=\"elementor-element elementor-element-18335ca elementor-position-top elementor-widget elementor-widget-image-box\" data-id=\"18335ca\" data-element_type=\"widget\" data-widget_type=\"image-box.default\">\n\t\t\t\t<div class=\"elementor-widget-container\">\n\t\t\t\t\t<div class=\"elementor-image-box-wrapper\"><figure class=\"elementor-image-box-img\"><img fetchpriority=\"high\" decoding=\"async\" width=\"354\" height=\"354\" src=\"https:\/\/observatoirenature.org\/observatorio\/wp-content\/uploads\/2022\/06\/Captura-de-Pantalla-2022-06-02-a-las-6.14.39-p.-m..png\" class=\"attachment-full size-full wp-image-95\" alt=\"\" srcset=\"https:\/\/observatoirenature.org\/observatorio\/wp-content\/uploads\/2022\/06\/Captura-de-Pantalla-2022-06-02-a-las-6.14.39-p.-m..png 354w, https:\/\/observatoirenature.org\/observatorio\/wp-content\/uploads\/2022\/06\/Captura-de-Pantalla-2022-06-02-a-las-6.14.39-p.-m.-300x300.png 300w, https:\/\/observatoirenature.org\/observatorio\/wp-content\/uploads\/2022\/06\/Captura-de-Pantalla-2022-06-02-a-las-6.14.39-p.-m.-150x150.png 150w, https:\/\/observatoirenature.org\/observatorio\/wp-content\/uploads\/2022\/06\/Captura-de-Pantalla-2022-06-02-a-las-6.14.39-p.-m.-250x250.png 250w\" sizes=\"(max-width: 354px) 100vw, 354px\" \/><\/figure><div class=\"elementor-image-box-content\"><h1 class=\"elementor-image-box-title\">Yenny Vega C\u00e1rdenas<\/h1><p class=\"elementor-image-box-description\">Presidente\n\n<\/p><\/div><\/div>\t\t\t\t<\/div>\n\t\t\t\t<\/div>\n\t\t\t\t<div class=\"elementor-element elementor-element-8b28e57 elementor-widget elementor-widget-text-editor\" data-id=\"8b28e57\" data-element_type=\"widget\" data-widget_type=\"text-editor.default\">\n\t\t\t\t<div class=\"elementor-widget-container\">\n\t\t\t\t\t\t\t\t\t<p><span style=\"font-weight: 400;\">Yenny Vega C\u00e1rdenas es abogada en Canad\u00e1 y en Colombia. Cuenta con una maestr\u00eda en derecho de los negocios y un doctorado en gesti\u00f3n de recursos h\u00eddricos. Elle es miembro de la red de expertos ONU, cap\u00edtulo Armon\u00eda con la Naturaleza.<\/span><\/p><p><span style=\"font-weight: 400;\">Dra. C\u00e1rdenas ense\u00f1a derecho internacional p\u00fablico y comparado en diversas universidades canadienses, aspectos jur\u00eddicos de la gobernanza del agua en la escuela <\/span><span style=\"font-weight: 400;\">Polytechnique <\/span><span style=\"font-weight: 400;\">de Montreal y es profesora invitada en numerosas universidades de Am\u00e9rica Latina. A t\u00edtulo de investigadora en el proyecto Global Justice &amp; Human Rights, ella ha llevado a cabo amplias investigaciones sobre el derecho del agua y el derecho humano al agua y el saneamiento, que son fundamentales para la realizaci\u00f3n de todos los derechos humanos.<\/span> <span style=\"font-weight: 400;\">Ha publicado diversos art\u00edculos cient\u00edficos en ingl\u00e9s, franc\u00e9s y espa\u00f1ol y con frecuencia es invitada a participar en conferencias nacionales e internacionales relacionadas con su especialidad.<\/span><\/p><p><span style=\"font-weight: 400;\">\u00a0Muy involucrada en temas sociales, ha participado en diversas audiencias p\u00fablicas en Quebec relacionadas con el medio ambiente y los recursos naturales. Su libro &#8220;La construcci\u00f3n del statut juridique de l&#8217;eau au Canada et au Mexique&#8221; examina la influencia de los agentes nacionales e internacionales en el desarrollo del derecho del agua en Am\u00e9rica del Norte. Tambi\u00e9n ha publicado un art\u00edculo sobre temas relacionados con el arbitraje internacional y el agua que destaca la dificultad de conciliar las reglas del comercio internacional y la necesidad de proteger los derechos humanos y el medio ambiente.<\/span><\/p>\t\t\t\t\t\t\t\t<\/div>\n\t\t\t\t<\/div>\n\t\t\t\t\t<\/div>\n\t\t<\/div>\n\t\t\t\t<div class=\"elementor-column elementor-col-50 elementor-top-column elementor-element elementor-element-bbfc1c5 animated-slow elementor-invisible\" data-id=\"bbfc1c5\" data-element_type=\"column\" data-settings=\"{&quot;animation&quot;:&quot;fadeInUp&quot;}\">\n\t\t\t<div class=\"elementor-widget-wrap elementor-element-populated\">\n\t\t\t\t\t\t<div class=\"elementor-element elementor-element-ab7c593 elementor-position-top elementor-widget elementor-widget-image-box\" data-id=\"ab7c593\" data-element_type=\"widget\" data-widget_type=\"image-box.default\">\n\t\t\t\t<div class=\"elementor-widget-container\">\n\t\t\t\t\t<div class=\"elementor-image-box-wrapper\"><figure class=\"elementor-image-box-img\"><img decoding=\"async\" width=\"150\" height=\"150\" src=\"https:\/\/observatoirenature.org\/observatorio\/wp-content\/uploads\/2022\/06\/Captura-de-Pantalla-2022-06-02-a-las-6.15.29-p.-m.-150x150.png\" class=\"attachment-thumbnail size-thumbnail wp-image-96\" alt=\"\" srcset=\"https:\/\/observatoirenature.org\/observatorio\/wp-content\/uploads\/2022\/06\/Captura-de-Pantalla-2022-06-02-a-las-6.15.29-p.-m.-150x150.png 150w, https:\/\/observatoirenature.org\/observatorio\/wp-content\/uploads\/2022\/06\/Captura-de-Pantalla-2022-06-02-a-las-6.15.29-p.-m.-250x250.png 250w\" sizes=\"(max-width: 150px) 100vw, 150px\" \/><\/figure><div class=\"elementor-image-box-content\"><h3 class=\"elementor-image-box-title\">Ines Benadda<\/h3><p class=\"elementor-image-box-description\">Vice-Presidente<\/p><\/div><\/div>\t\t\t\t<\/div>\n\t\t\t\t<\/div>\n\t\t\t\t<div class=\"elementor-element elementor-element-b12e914 elementor-widget elementor-widget-text-editor\" data-id=\"b12e914\" data-element_type=\"widget\" data-widget_type=\"text-editor.default\">\n\t\t\t\t<div class=\"elementor-widget-container\">\n\t\t\t\t\t\t\t\t\t<p><span style=\"font-weight: 400;\">In\u00e8s Benadda es Licenciada en Derecho (LLB) por la Universidad de Montreal desde el a\u00f1o 2020. Ganadora de la Medalla de Teniente Gobernador para la Juventud en 2017, sus acciones dentro de la Facultad durante su bachillerato, entre otras con los comit\u00e9s de derecho <\/span><span style=\"font-weight: 400;\">ind\u00edgena y de derecho ambiental, testimonian su vivo inter\u00e9s por la causa medioambiental.<\/span><\/p><p><span style=\"font-weight: 400;\">En la primavera de 2018, complet\u00f3 una escuela de verano en Costa Rica en Derecho Internacional y Comparado del Cambio Clim\u00e1tico, donde pudo profundizar en la cuesti\u00f3n de los derechos de la naturaleza que es uno de los temas que especialmente le interesa.<\/span> <span style=\"font-weight: 400;\">Su pasant\u00eda en el Centro Quebequense del Medio Ambiente (2018-2019) le permiti\u00f3 perfeccionar sus conocimientos jur\u00eddicos en derecho ambiental quebequense.<\/span><\/p><p class=\"font_8\"><span style=\"font-weight: 400;\">In\u00e8s <\/span><span style=\"font-weight: 400;\">cree profundamente que no hay mejor momento que ahora para actuar en lo que se refiere al medio ambiente, y es en este sentido que trabaja para el Observatorio Internacional de los Derechos de la Naturaleza en calidad de\u00a0<\/span><span style=\"font-weight: 400;\"> vicepresidenta.<\/span><\/p>\t\t\t\t\t\t\t\t<\/div>\n\t\t\t\t<\/div>\n\t\t\t\t\t<\/div>\n\t\t<\/div>\n\t\t\t\t\t<\/div>\n\t\t<\/section>\n\t\t\t\t<section class=\"elementor-section elementor-top-section elementor-element elementor-element-916efbc elementor-section-content-middle elementor-section-boxed elementor-section-height-default elementor-section-height-default\" data-id=\"916efbc\" data-element_type=\"section\" data-settings=\"{&quot;background_background&quot;:&quot;classic&quot;}\">\n\t\t\t\t\t\t<div class=\"elementor-container elementor-column-gap-no\">\n\t\t\t\t\t<div class=\"elementor-column elementor-col-100 elementor-top-column elementor-element elementor-element-d10c9f6\" data-id=\"d10c9f6\" data-element_type=\"column\">\n\t\t\t<div class=\"elementor-widget-wrap elementor-element-populated\">\n\t\t\t\t\t\t<div class=\"elementor-element elementor-element-accc835 elementor-widget elementor-widget-heading\" data-id=\"accc835\" data-element_type=\"widget\" data-widget_type=\"heading.default\">\n\t\t\t\t<div class=\"elementor-widget-container\">\n\t\t\t\t\t<h4 class=\"elementor-heading-title elementor-size-default\">Consejo de <span style=\"color:#3CBA39\">Administraci\u00f3n<\/span><\/h4>\t\t\t\t<\/div>\n\t\t\t\t<\/div>\n\t\t\t\t<section class=\"elementor-section elementor-inner-section elementor-element elementor-element-78daa00 elementor-section-boxed elementor-section-height-default elementor-section-height-default\" data-id=\"78daa00\" data-element_type=\"section\">\n\t\t\t\t\t\t<div class=\"elementor-container elementor-column-gap-default\">\n\t\t\t\t\t<div class=\"elementor-column elementor-col-50 elementor-inner-column elementor-element elementor-element-f550ee4 animated-slow elementor-invisible\" data-id=\"f550ee4\" data-element_type=\"column\" data-settings=\"{&quot;animation&quot;:&quot;fadeInUp&quot;}\">\n\t\t\t<div class=\"elementor-widget-wrap elementor-element-populated\">\n\t\t\t\t\t\t<div class=\"elementor-element elementor-element-d2289cb elementor-position-top elementor-widget elementor-widget-image-box\" data-id=\"d2289cb\" data-element_type=\"widget\" data-widget_type=\"image-box.default\">\n\t\t\t\t<div class=\"elementor-widget-container\">\n\t\t\t\t\t<div class=\"elementor-image-box-wrapper\"><figure class=\"elementor-image-box-img\"><img decoding=\"async\" width=\"150\" height=\"150\" src=\"https:\/\/observatoirenature.org\/observatorio\/wp-content\/uploads\/2022\/06\/Captura-de-Pantalla-2022-06-02-a-las-6.16.58-p.-m.-150x150.png\" class=\"attachment-thumbnail size-thumbnail wp-image-100\" alt=\"\" srcset=\"https:\/\/observatoirenature.org\/observatorio\/wp-content\/uploads\/2022\/06\/Captura-de-Pantalla-2022-06-02-a-las-6.16.58-p.-m.-150x150.png 150w, https:\/\/observatoirenature.org\/observatorio\/wp-content\/uploads\/2022\/06\/Captura-de-Pantalla-2022-06-02-a-las-6.16.58-p.-m.-298x300.png 298w, https:\/\/observatoirenature.org\/observatorio\/wp-content\/uploads\/2022\/06\/Captura-de-Pantalla-2022-06-02-a-las-6.16.58-p.-m.-250x250.png 250w, https:\/\/observatoirenature.org\/observatorio\/wp-content\/uploads\/2022\/06\/Captura-de-Pantalla-2022-06-02-a-las-6.16.58-p.-m..png 504w\" sizes=\"(max-width: 150px) 100vw, 150px\" \/><\/figure><div class=\"elementor-image-box-content\"><h3 class=\"elementor-image-box-title\">Daniel Turp<\/h3><p class=\"elementor-image-box-description\"><p>Presidente de las asambleas y del C.A.<\/p>\n<\/p><\/div><\/div>\t\t\t\t<\/div>\n\t\t\t\t<\/div>\n\t\t\t\t<div class=\"elementor-element elementor-element-7e4fdcb elementor-widget elementor-widget-text-editor\" data-id=\"7e4fdcb\" data-element_type=\"widget\" data-widget_type=\"text-editor.default\">\n\t\t\t\t<div class=\"elementor-widget-container\">\n\t\t\t\t\t\t\t\t\t<p><span style=\"font-weight: 400;\">Daniel Turp (www.danielturp.quebec) es graduado de la Universidad de Montreal, de la Universidad de Cambridge y obtuvo un doctorado (Summa cum laude) en la Universidad de Derecho, Econom\u00eda y Ciencias Sociales de Par\u00eds (Par\u00eds II). En 1989 obtuvo tambi\u00e9n el prestigioso diploma de la Academia de Derecho Internacional de La Haya.<\/span><\/p><p><span style=\"font-weight: 400;\">Dr. Turp es <\/span><span style=\"font-weight: 400;\">profesor titular en la Facultad de Derecho de la Universidad de Montreal.<\/span> <span style=\"font-weight: 400;\">Ense\u00f1a derecho internacional p\u00fablico, derecho constitucional e internacional de los derechos humanos y derecho constitucional avanzado.<\/span> <span style=\"font-weight: 400;\">Es Presidente de la Asociaci\u00f3n de Derecho Constitucional de Quebec y Presidente del Consejo de Administraci\u00f3n de la Sociedad de Derecho Internacional de Quebec.<\/span> <span style=\"font-weight: 400;\">Tambi\u00e9n es Presidente del Instituto de Investigaci\u00f3n sobre la Libre Determinaci\u00f3n de los Pueblos y la Independencia Nacional (IRAI).<\/span><\/p><p><span style=\"font-weight: 400;\">El profesor Turp fue elegido diputado de la C\u00e1mara de los Comunes de Canad\u00e1, donde represent\u00f3 al Bloque de Quebec y a la circunscripci\u00f3n de Beauharnois-Salaberry entre los a\u00f1os 1997 y 2000. Tambi\u00e9n fue elegido diputado en la Asamblea Nacional de Quebec por el Partido de Quebec y la circunscripci\u00f3n de Mercier entre los a\u00f1os 2003 y 2008.<\/span><\/p><p><span style=\"font-weight: 400;\">Es autor de varios libros y art\u00edculos en los \u00e1mbitos del Derecho Constitucional e Internacional, incluso <\/span><i><span style=\"font-weight: 400;\">La Constitution Qu\u00e9b\u00e9coise<\/span><\/i><span style=\"font-weight: 400;\">.<\/span><\/p>\t\t\t\t\t\t\t\t<\/div>\n\t\t\t\t<\/div>\n\t\t\t\t\t<\/div>\n\t\t<\/div>\n\t\t\t\t<div class=\"elementor-column elementor-col-50 elementor-inner-column elementor-element elementor-element-b5d64c3 animated-slow elementor-invisible\" data-id=\"b5d64c3\" data-element_type=\"column\" data-settings=\"{&quot;animation&quot;:&quot;fadeInUp&quot;}\">\n\t\t\t<div class=\"elementor-widget-wrap elementor-element-populated\">\n\t\t\t\t\t\t<div class=\"elementor-element elementor-element-4215c31 elementor-position-top elementor-widget elementor-widget-image-box\" data-id=\"4215c31\" data-element_type=\"widget\" data-widget_type=\"image-box.default\">\n\t\t\t\t<div class=\"elementor-widget-container\">\n\t\t\t\t\t<div class=\"elementor-image-box-wrapper\"><figure class=\"elementor-image-box-img\"><img loading=\"lazy\" decoding=\"async\" width=\"150\" height=\"150\" src=\"https:\/\/observatoirenature.org\/observatorio\/wp-content\/uploads\/2022\/06\/Captura-de-Pantalla-2022-06-02-a-las-6.23.46-p.-m.-150x150.png\" class=\"attachment-thumbnail size-thumbnail wp-image-110\" alt=\"\" srcset=\"https:\/\/observatoirenature.org\/observatorio\/wp-content\/uploads\/2022\/06\/Captura-de-Pantalla-2022-06-02-a-las-6.23.46-p.-m.-150x150.png 150w, https:\/\/observatoirenature.org\/observatorio\/wp-content\/uploads\/2022\/06\/Captura-de-Pantalla-2022-06-02-a-las-6.23.46-p.-m.-250x250.png 250w\" sizes=\"(max-width: 150px) 100vw, 150px\" \/><\/figure><div class=\"elementor-image-box-content\"><p class=\"elementor-image-box-title\">Alexandra Baer<\/p><p class=\"elementor-image-box-description\"><p>Codirectora de Comunicaciones \nResponsable de enlace con los pueblos ind\u00edgenas<\/p><\/p><\/div><\/div>\t\t\t\t<\/div>\n\t\t\t\t<\/div>\n\t\t\t\t<div class=\"elementor-element elementor-element-be2dd49 elementor-widget elementor-widget-text-editor\" data-id=\"be2dd49\" data-element_type=\"widget\" data-widget_type=\"text-editor.default\">\n\t\t\t\t<div class=\"elementor-widget-container\">\n\t\t\t\t\t\t\t\t\t<p><span style=\"font-weight: 400;\">Alexandra Baer es estudiante de Derecho en la Universidad de Montreal.<\/span><\/p><p><span style=\"font-weight: 400;\">En 2019, complet\u00f3 la escuela de verano en Costa Rica donde recibi\u00f3 capacitaciones en derechos humanos individuales y colectivos, derecho ambiental y derecho internacional y comparado de los pueblos ind\u00edgenas. Despu\u00e9s de esta experiencia acad\u00e9mica, se encuentra m\u00e1s consciente de la relaci\u00f3n entre el ser humano y la naturaleza, y es por eso que est\u00e1 involucrada con el Observatorio Internacional de los Derechos de la Naturaleza.<\/span><\/p>\t\t\t\t\t\t\t\t<\/div>\n\t\t\t\t<\/div>\n\t\t\t\t\t<\/div>\n\t\t<\/div>\n\t\t\t\t\t<\/div>\n\t\t<\/section>\n\t\t\t\t<section class=\"elementor-section elementor-inner-section elementor-element elementor-element-1b69e9c elementor-section-boxed elementor-section-height-default elementor-section-height-default\" data-id=\"1b69e9c\" data-element_type=\"section\">\n\t\t\t\t\t\t<div class=\"elementor-container elementor-column-gap-default\">\n\t\t\t\t\t<div class=\"elementor-column elementor-col-100 elementor-inner-column elementor-element elementor-element-e8bf4c9\" data-id=\"e8bf4c9\" data-element_type=\"column\">\n\t\t\t<div class=\"elementor-widget-wrap elementor-element-populated\">\n\t\t\t\t\t\t<div class=\"elementor-element elementor-element-7527370 elementor-position-top elementor-widget elementor-widget-image-box\" data-id=\"7527370\" data-element_type=\"widget\" data-widget_type=\"image-box.default\">\n\t\t\t\t<div class=\"elementor-widget-container\">\n\t\t\t\t\t<div class=\"elementor-image-box-wrapper\"><figure class=\"elementor-image-box-img\"><img loading=\"lazy\" decoding=\"async\" width=\"150\" height=\"150\" src=\"https:\/\/observatoirenature.org\/observatorio\/wp-content\/uploads\/2022\/06\/Captura-de-Pantalla-2022-06-02-a-las-6.22.31-p.-m.-150x150.png\" class=\"attachment-thumbnail size-thumbnail wp-image-106\" alt=\"\" srcset=\"https:\/\/observatoirenature.org\/observatorio\/wp-content\/uploads\/2022\/06\/Captura-de-Pantalla-2022-06-02-a-las-6.22.31-p.-m.-150x150.png 150w, https:\/\/observatoirenature.org\/observatorio\/wp-content\/uploads\/2022\/06\/Captura-de-Pantalla-2022-06-02-a-las-6.22.31-p.-m.-250x250.png 250w\" sizes=\"(max-width: 150px) 100vw, 150px\" \/><\/figure><div class=\"elementor-image-box-content\"><h3 class=\"elementor-image-box-title\">Kayley Laura Lata<\/h3><p class=\"elementor-image-box-description\"><p>Codirectora de Comunicaciones \nResponsable de enlace con las comunidades nativas y campesinas<\/p><\/p><\/div><\/div>\t\t\t\t<\/div>\n\t\t\t\t<\/div>\n\t\t\t\t<div class=\"elementor-element elementor-element-d3f34a9 elementor-widget elementor-widget-text-editor\" data-id=\"d3f34a9\" data-element_type=\"widget\" data-widget_type=\"text-editor.default\">\n\t\t\t\t<div class=\"elementor-widget-container\">\n\t\t\t\t\t\t\t\t\t<p><span style=\"font-weight: 400;\">Kayley Laura Lata es estudiante de Derecho en la Universidad de Montreal. Se encuentra particularmente interesada en cuestiones de derecho p\u00fablico y pol\u00edticas p\u00fablicas.<\/span><\/p><p><span style=\"font-weight: 400;\">Kayley Laura cree que la ley es un instrumento de cambio social. Para ella, estas son iniciativas audaces como las del Proyecto St-Laurent las que aseguran el desaf\u00edo necesario al status quo para una mejor protecci\u00f3n del medio ambiente.<\/span><\/p>\t\t\t\t\t\t\t\t<\/div>\n\t\t\t\t<\/div>\n\t\t\t\t\t<\/div>\n\t\t<\/div>\n\t\t\t\t\t<\/div>\n\t\t<\/section>\n\t\t\t\t\t<\/div>\n\t\t<\/div>\n\t\t\t\t\t<\/div>\n\t\t<\/section>\n\t\t\t\t<\/div>\n\t\t","protected":false},"excerpt":{"rendered":"<p>Equipo ejecutivo Yenny Vega C\u00e1rdenas Presidente Yenny Vega C\u00e1rdenas es abogada en Canad\u00e1 y en Colombia. Cuenta con una maestr\u00eda en derecho de los negocios y un doctorado en gesti\u00f3n de recursos h\u00eddricos. Elle es miembro de la red de expertos ONU, cap\u00edtulo Armon\u00eda con la Naturaleza. Dra. C\u00e1rdenas ense\u00f1a derecho internacional p\u00fablico y comparado [&hellip;]<\/p>\n","protected":false},"author":1,"featured_media":0,"parent":0,"menu_order":0,"comment_status":"closed","ping_status":"closed","template":"","meta":{"site-sidebar-layout":"no-sidebar","site-content-layout":"page-builder","ast-site-content-layout":"default","site-content-style":"default","site-sidebar-style":"default","ast-global-header-display":"","ast-banner-title-visibility":"","ast-main-header-display":"","ast-hfb-above-header-display":"","ast-hfb-below-header-display":"","ast-hfb-mobile-header-display":"","site-post-title":"disabled","ast-breadcrumbs-content":"","ast-featured-img":"disabled","footer-sml-layout":"","ast-disable-related-posts":"","theme-transparent-header-meta":"","adv-header-id-meta":"","stick-header-meta":"","header-above-stick-meta":"","header-main-stick-meta":"","header-below-stick-meta":"","astra-migrate-meta-layouts":"default","ast-page-background-enabled":"default","ast-page-background-meta":{"desktop":{"background-color":"var(--ast-global-color-4)","background-image":"","background-repeat":"repeat","background-position":"center center","background-size":"auto","background-attachment":"scroll","background-type":"","background-media":"","overlay-type":"","overlay-color":"","overlay-opacity":"","overlay-gradient":""},"tablet":{"background-color":"","background-image":"","background-repeat":"repeat","background-position":"center center","background-size":"auto","background-attachment":"scroll","background-type":"","background-media":"","overlay-type":"","overlay-color":"","overlay-opacity":"","overlay-gradient":""},"mobile":{"background-color":"","background-image":"","background-repeat":"repeat","background-position":"center center","background-size":"auto","background-attachment":"scroll","background-type":"","background-media":"","overlay-type":"","overlay-color":"","overlay-opacity":"","overlay-gradient":""}},"ast-content-background-meta":{"desktop":{"background-color":"var(--ast-global-color-5)","background-image":"","background-repeat":"repeat","background-position":"center center","background-size":"auto","background-attachment":"scroll","background-type":"","background-media":"","overlay-type":"","overlay-color":"","overlay-opacity":"","overlay-gradient":""},"tablet":{"background-color":"var(--ast-global-color-5)","background-image":"","background-repeat":"repeat","background-position":"center center","background-size":"auto","background-attachment":"scroll","background-type":"","background-media":"","overlay-type":"","overlay-color":"","overlay-opacity":"","overlay-gradient":""},"mobile":{"background-color":"var(--ast-global-color-5)","background-image":"","background-repeat":"repeat","background-position":"center center","background-size":"auto","background-attachment":"scroll","background-type":"","background-media":"","overlay-type":"","overlay-color":"","overlay-opacity":"","overlay-gradient":""}},"footnotes":""},"class_list":["post-119","page","type-page","status-publish","hentry"],"_links":{"self":[{"href":"https:\/\/observatoirenature.org\/observatorio\/wp-json\/wp\/v2\/pages\/119","targetHints":{"allow":["GET"]}}],"collection":[{"href":"https:\/\/observatoirenature.org\/observatorio\/wp-json\/wp\/v2\/pages"}],"about":[{"href":"https:\/\/observatoirenature.org\/observatorio\/wp-json\/wp\/v2\/types\/page"}],"author":[{"embeddable":true,"href":"https:\/\/observatoirenature.org\/observatorio\/wp-json\/wp\/v2\/users\/1"}],"replies":[{"embeddable":true,"href":"https:\/\/observatoirenature.org\/observatorio\/wp-json\/wp\/v2\/comments?post=119"}],"version-history":[{"count":10,"href":"https:\/\/observatoirenature.org\/observatorio\/wp-json\/wp\/v2\/pages\/119\/revisions"}],"predecessor-version":[{"id":141,"href":"https:\/\/observatoirenature.org\/observatorio\/wp-json\/wp\/v2\/pages\/119\/revisions\/141"}],"wp:attachment":[{"href":"https:\/\/observatoirenature.org\/observatorio\/wp-json\/wp\/v2\/media?parent=119"}],"curies":[{"name":"wp","href":"https:\/\/api.w.org\/{rel}","templated":true}]}}