{"id":114,"date":"2022-06-02T23:25:06","date_gmt":"2022-06-02T23:25:06","guid":{"rendered":"https:\/\/observatoirenature.org\/observatorio\/?page_id=114"},"modified":"2022-06-02T23:33:37","modified_gmt":"2022-06-02T23:33:37","slug":"membres","status":"publish","type":"page","link":"https:\/\/observatoirenature.org\/observatorio\/en\/membres\/","title":{"rendered":"Membres"},"content":{"rendered":"\t\t<div data-elementor-type=\"wp-page\" data-elementor-id=\"114\" class=\"elementor elementor-114\" data-elementor-post-type=\"page\">\n\t\t\t\t\t\t<section class=\"elementor-section elementor-top-section elementor-element elementor-element-189adb9 elementor-section-content-middle elementor-section-boxed elementor-section-height-default elementor-section-height-default\" data-id=\"189adb9\" data-element_type=\"section\" data-settings=\"{&quot;background_background&quot;:&quot;classic&quot;}\">\n\t\t\t\t\t\t\t<div class=\"elementor-background-overlay\"><\/div>\n\t\t\t\t\t\t\t<div class=\"elementor-container elementor-column-gap-no\">\n\t\t\t\t\t<div class=\"elementor-column elementor-col-100 elementor-top-column elementor-element elementor-element-08eb1b6\" data-id=\"08eb1b6\" data-element_type=\"column\">\n\t\t\t<div class=\"elementor-widget-wrap elementor-element-populated\">\n\t\t\t\t\t\t<div class=\"elementor-element elementor-element-818f752 elementor-invisible elementor-widget elementor-widget-heading\" data-id=\"818f752\" data-element_type=\"widget\" data-settings=\"{&quot;_animation&quot;:&quot;slideInDown&quot;}\" data-widget_type=\"heading.default\">\n\t\t\t\t<div class=\"elementor-widget-container\">\n\t\t\t\t\t<h2 class=\"elementor-heading-title elementor-size-default\">Executive team<\/h2>\t\t\t\t<\/div>\n\t\t\t\t<\/div>\n\t\t\t\t\t<\/div>\n\t\t<\/div>\n\t\t\t\t\t<\/div>\n\t\t<\/section>\n\t\t\t\t<section class=\"elementor-section elementor-top-section elementor-element elementor-element-655ef7b elementor-section-boxed elementor-section-height-default elementor-section-height-default\" data-id=\"655ef7b\" data-element_type=\"section\" data-settings=\"{&quot;background_background&quot;:&quot;classic&quot;}\">\n\t\t\t\t\t\t<div class=\"elementor-container elementor-column-gap-no\">\n\t\t\t\t\t<div class=\"elementor-column elementor-col-50 elementor-top-column elementor-element elementor-element-2b14aee animated-slow elementor-invisible\" data-id=\"2b14aee\" data-element_type=\"column\" data-settings=\"{&quot;animation&quot;:&quot;fadeInUp&quot;}\">\n\t\t\t<div class=\"elementor-widget-wrap elementor-element-populated\">\n\t\t\t\t\t\t<div class=\"elementor-element elementor-element-18335ca elementor-position-top elementor-widget elementor-widget-image-box\" data-id=\"18335ca\" data-element_type=\"widget\" data-widget_type=\"image-box.default\">\n\t\t\t\t<div class=\"elementor-widget-container\">\n\t\t\t\t\t<div class=\"elementor-image-box-wrapper\"><figure class=\"elementor-image-box-img\"><img fetchpriority=\"high\" decoding=\"async\" width=\"354\" height=\"354\" src=\"https:\/\/observatoirenature.org\/observatorio\/wp-content\/uploads\/2022\/06\/Captura-de-Pantalla-2022-06-02-a-las-6.14.39-p.-m..png\" class=\"attachment-full size-full wp-image-95\" alt=\"\" srcset=\"https:\/\/observatoirenature.org\/observatorio\/wp-content\/uploads\/2022\/06\/Captura-de-Pantalla-2022-06-02-a-las-6.14.39-p.-m..png 354w, https:\/\/observatoirenature.org\/observatorio\/wp-content\/uploads\/2022\/06\/Captura-de-Pantalla-2022-06-02-a-las-6.14.39-p.-m.-300x300.png 300w, https:\/\/observatoirenature.org\/observatorio\/wp-content\/uploads\/2022\/06\/Captura-de-Pantalla-2022-06-02-a-las-6.14.39-p.-m.-150x150.png 150w, https:\/\/observatoirenature.org\/observatorio\/wp-content\/uploads\/2022\/06\/Captura-de-Pantalla-2022-06-02-a-las-6.14.39-p.-m.-250x250.png 250w\" sizes=\"(max-width: 354px) 100vw, 354px\" \/><\/figure><div class=\"elementor-image-box-content\"><h1 class=\"elementor-image-box-title\">Yenny Vega C\u00e1rdenas<\/h1><p class=\"elementor-image-box-description\">Presidente\n\n<\/p><\/div><\/div>\t\t\t\t<\/div>\n\t\t\t\t<\/div>\n\t\t\t\t<div class=\"elementor-element elementor-element-8b28e57 elementor-widget elementor-widget-text-editor\" data-id=\"8b28e57\" data-element_type=\"widget\" data-widget_type=\"text-editor.default\">\n\t\t\t\t<div class=\"elementor-widget-container\">\n\t\t\t\t\t\t\t\t\t<p><span style=\"font-weight: 400;\">Yenny Vega Cardenas is a lawyer in Quebec and Colombia with a Master&#8217;s degree in Business Law and a PhD in Water Law. She is a member of the ONU expert Network, Harmony with Nature.\u00a0<\/span><\/p><p><span style=\"font-weight: 400;\">She teaches public international and comparative law in many canadian universities, Juridical aspects of Water Management at the Polytechnique Montr\u00e9al and is a visiting professor at numerous universities in Latin America. As a researcher in the Global Justice &amp; Human rights project, she has conducted extensive research in the field of water law and the human right to water and sanitation, which are essential to the realization of all human rights. She has published several scientific articles in English, French and Spanish and is often invited to participate in national and international conferences related to her expertise.\u00a0<\/span><\/p><p><span style=\"font-weight: 400;\">Very involved in social issues, she has participated in various public hearings in Quebec related to the environment and natural resources. Her book &#8220;La construction du statut juridique de l&#8217;eau au Canada et au Mexique&#8221; examines the influence of national and international agents in the development of water law in North America. She has also published an article on issues related to international arbitration and water that highlights the difficulty of reconciling international trade rules and the need to protect human rights and the environment.<\/span><\/p><p class=\"font_8\">\u00a0<\/p>\t\t\t\t\t\t\t\t<\/div>\n\t\t\t\t<\/div>\n\t\t\t\t\t<\/div>\n\t\t<\/div>\n\t\t\t\t<div class=\"elementor-column elementor-col-50 elementor-top-column elementor-element elementor-element-bbfc1c5 animated-slow elementor-invisible\" data-id=\"bbfc1c5\" data-element_type=\"column\" data-settings=\"{&quot;animation&quot;:&quot;fadeInUp&quot;}\">\n\t\t\t<div class=\"elementor-widget-wrap elementor-element-populated\">\n\t\t\t\t\t\t<div class=\"elementor-element elementor-element-ab7c593 elementor-position-top elementor-widget elementor-widget-image-box\" data-id=\"ab7c593\" data-element_type=\"widget\" data-widget_type=\"image-box.default\">\n\t\t\t\t<div class=\"elementor-widget-container\">\n\t\t\t\t\t<div class=\"elementor-image-box-wrapper\"><figure class=\"elementor-image-box-img\"><img decoding=\"async\" width=\"150\" height=\"150\" src=\"https:\/\/observatoirenature.org\/observatorio\/wp-content\/uploads\/2022\/06\/Captura-de-Pantalla-2022-06-02-a-las-6.15.29-p.-m.-150x150.png\" class=\"attachment-thumbnail size-thumbnail wp-image-96\" alt=\"\" srcset=\"https:\/\/observatoirenature.org\/observatorio\/wp-content\/uploads\/2022\/06\/Captura-de-Pantalla-2022-06-02-a-las-6.15.29-p.-m.-150x150.png 150w, https:\/\/observatoirenature.org\/observatorio\/wp-content\/uploads\/2022\/06\/Captura-de-Pantalla-2022-06-02-a-las-6.15.29-p.-m.-250x250.png 250w\" sizes=\"(max-width: 150px) 100vw, 150px\" \/><\/figure><div class=\"elementor-image-box-content\"><h3 class=\"elementor-image-box-title\">In\u00e8s Benadda<\/h3><p class=\"elementor-image-box-description\">Vice-Pr\u00e9sidente<\/p><\/div><\/div>\t\t\t\t<\/div>\n\t\t\t\t<\/div>\n\t\t\t\t<div class=\"elementor-element elementor-element-b12e914 elementor-widget elementor-widget-text-editor\" data-id=\"b12e914\" data-element_type=\"widget\" data-widget_type=\"text-editor.default\">\n\t\t\t\t<div class=\"elementor-widget-container\">\n\t\t\t\t\t\t\t\t\t<p><span style=\"font-weight: 400;\">In\u00e8s Benadda graduated from the Universit\u00e9 de Montr\u00e9al in 2020 with a Bachelor of Laws (L.L.B.). Recipient of the Lieutenant-Governor&#8217;s Medal for youth in 2017, her actions within the Faculty during her degree, namely with the Indigenous Law and Environmental Law committees, reflect her keen interest in the environmental cause.<\/span><\/p><p><span style=\"font-weight: 400;\">\u00a0<\/span><span style=\"font-weight: 400;\">In the spring of 2018, she completed a summer school in Costa Rica in international and comparative climate change law, where she was able to delve deeper into the rights of Nature, which is of particular interest to her. Her internship at the Centre qu\u00e9b\u00e9cois de l&#8217;environnement (2018-2019) allowed her to perfect her legal knowledge of Quebec environmental law.<\/span><\/p><p><span style=\"font-weight: 400;\">In\u00e8s deeply believes that there is no better time than now to act on environmental issues, and it is in this perspective\u00a0 vice-president of the International Observatory of Nature\u2019s Rights.<\/span><\/p>\t\t\t\t\t\t\t\t<\/div>\n\t\t\t\t<\/div>\n\t\t\t\t\t<\/div>\n\t\t<\/div>\n\t\t\t\t\t<\/div>\n\t\t<\/section>\n\t\t\t\t<section class=\"elementor-section elementor-top-section elementor-element elementor-element-916efbc elementor-section-content-middle elementor-section-boxed elementor-section-height-default elementor-section-height-default\" data-id=\"916efbc\" data-element_type=\"section\" data-settings=\"{&quot;background_background&quot;:&quot;classic&quot;}\">\n\t\t\t\t\t\t<div class=\"elementor-container elementor-column-gap-no\">\n\t\t\t\t\t<div class=\"elementor-column elementor-col-100 elementor-top-column elementor-element elementor-element-d10c9f6\" data-id=\"d10c9f6\" data-element_type=\"column\">\n\t\t\t<div class=\"elementor-widget-wrap elementor-element-populated\">\n\t\t\t\t\t\t<div class=\"elementor-element elementor-element-accc835 elementor-widget elementor-widget-heading\" data-id=\"accc835\" data-element_type=\"widget\" data-widget_type=\"heading.default\">\n\t\t\t\t<div class=\"elementor-widget-container\">\n\t\t\t\t\t<h4 class=\"elementor-heading-title elementor-size-default\">Board of <span style=\"color:#3CBA39\">directors<\/span><\/h4>\t\t\t\t<\/div>\n\t\t\t\t<\/div>\n\t\t\t\t<section class=\"elementor-section elementor-inner-section elementor-element elementor-element-78daa00 elementor-section-boxed elementor-section-height-default elementor-section-height-default\" data-id=\"78daa00\" data-element_type=\"section\">\n\t\t\t\t\t\t<div class=\"elementor-container elementor-column-gap-default\">\n\t\t\t\t\t<div class=\"elementor-column elementor-col-50 elementor-inner-column elementor-element elementor-element-f550ee4 animated-slow elementor-invisible\" data-id=\"f550ee4\" data-element_type=\"column\" data-settings=\"{&quot;animation&quot;:&quot;fadeInUp&quot;}\">\n\t\t\t<div class=\"elementor-widget-wrap elementor-element-populated\">\n\t\t\t\t\t\t<div class=\"elementor-element elementor-element-d2289cb elementor-position-top elementor-widget elementor-widget-image-box\" data-id=\"d2289cb\" data-element_type=\"widget\" data-widget_type=\"image-box.default\">\n\t\t\t\t<div class=\"elementor-widget-container\">\n\t\t\t\t\t<div class=\"elementor-image-box-wrapper\"><figure class=\"elementor-image-box-img\"><img decoding=\"async\" width=\"150\" height=\"150\" src=\"https:\/\/observatoirenature.org\/observatorio\/wp-content\/uploads\/2022\/06\/Captura-de-Pantalla-2022-06-02-a-las-6.16.58-p.-m.-150x150.png\" class=\"attachment-thumbnail size-thumbnail wp-image-100\" alt=\"\" srcset=\"https:\/\/observatoirenature.org\/observatorio\/wp-content\/uploads\/2022\/06\/Captura-de-Pantalla-2022-06-02-a-las-6.16.58-p.-m.-150x150.png 150w, https:\/\/observatoirenature.org\/observatorio\/wp-content\/uploads\/2022\/06\/Captura-de-Pantalla-2022-06-02-a-las-6.16.58-p.-m.-298x300.png 298w, https:\/\/observatoirenature.org\/observatorio\/wp-content\/uploads\/2022\/06\/Captura-de-Pantalla-2022-06-02-a-las-6.16.58-p.-m.-250x250.png 250w, https:\/\/observatoirenature.org\/observatorio\/wp-content\/uploads\/2022\/06\/Captura-de-Pantalla-2022-06-02-a-las-6.16.58-p.-m..png 504w\" sizes=\"(max-width: 150px) 100vw, 150px\" \/><\/figure><div class=\"elementor-image-box-content\"><h3 class=\"elementor-image-box-title\">Daniel Turp<\/h3><p class=\"elementor-image-box-description\"><p>Head of assemblies and B.D.<\/p><\/div><\/div>\t\t\t\t<\/div>\n\t\t\t\t<\/div>\n\t\t\t\t<div class=\"elementor-element elementor-element-7e4fdcb elementor-widget elementor-widget-text-editor\" data-id=\"7e4fdcb\" data-element_type=\"widget\" data-widget_type=\"text-editor.default\">\n\t\t\t\t<div class=\"elementor-widget-container\">\n\t\t\t\t\t\t\t\t\t<p><span style=\"font-weight: 400;\">Daniel Turp (www.danielturp.quebec) is a graduate of the University of Montreal and the University of Cambridge and holds a doctorate (summa cum laude) from the University of Law, Economics and Social Sciences of Paris (Paris II). In 1989, he earned the prestigious Directed Studies diploma from the Academy of International Law in The Hague.<\/span><\/p><p><span style=\"font-weight: 400;\">Mr. Turp is a professor at the Faculty of Law at the University of Montreal. He teaches international public law, international and constitutional human rights law, and advanced constitutional law. He is president of the Association Qu\u00e9b\u00e9coise de Droit Constitutionnel, the board of directors of the Soci\u00e9t\u00e9 Qu\u00e9b\u00e9coise de Droit International, and the Research Institute on Self-Determination of Peoples and National Independence (IRAI).<\/span><\/p><p><span style=\"font-weight: 400;\">Professor Turp was elected member of the House of Commons of Canada where he represented the Bloc Qu\u00e9b\u00e9cois and the riding of Beauharnois-Salaberry between 1997 and 2000. He was also elected member of the National Assembly of Quebec for the Parti Qu\u00e9b\u00e9cois and the riding of Mercier between 2003 and 2008.<\/span><\/p><p><span style=\"font-weight: 400;\">He is the author of several books and articles on constitutional and international law, including<\/span><i><span style=\"font-weight: 400;\"> La Constitution Qu\u00e9b\u00e9coise<\/span><\/i><span style=\"font-weight: 400;\">.<\/span><\/p><p><span style=\"font-weight: 400;\">Professor Turp was elected member of the House of Commons of Canada where he represented the Bloc Qu\u00e9b\u00e9cois and the riding of Beauharnois-Salaberry between 1997 and 2000. He was also elected member of the National Assembly of Quebec for the Parti Qu\u00e9b\u00e9cois and the riding of Mercier between 2003 and 2008.<\/span><\/p><p><span style=\"font-weight: 400;\">He is the author of several books and articles on constitutional and international law, including<i> La Constitution Qu\u00e9b\u00e9coise<\/i>.<\/span><\/p>\t\t\t\t\t\t\t\t<\/div>\n\t\t\t\t<\/div>\n\t\t\t\t\t<\/div>\n\t\t<\/div>\n\t\t\t\t<div class=\"elementor-column elementor-col-50 elementor-inner-column elementor-element elementor-element-b5d64c3 animated-slow elementor-invisible\" data-id=\"b5d64c3\" data-element_type=\"column\" data-settings=\"{&quot;animation&quot;:&quot;fadeInUp&quot;}\">\n\t\t\t<div class=\"elementor-widget-wrap elementor-element-populated\">\n\t\t\t\t\t\t<div class=\"elementor-element elementor-element-4215c31 elementor-position-top elementor-widget elementor-widget-image-box\" data-id=\"4215c31\" data-element_type=\"widget\" data-widget_type=\"image-box.default\">\n\t\t\t\t<div class=\"elementor-widget-container\">\n\t\t\t\t\t<div class=\"elementor-image-box-wrapper\"><figure class=\"elementor-image-box-img\"><img loading=\"lazy\" decoding=\"async\" width=\"150\" height=\"150\" src=\"https:\/\/observatoirenature.org\/observatorio\/wp-content\/uploads\/2022\/06\/Captura-de-Pantalla-2022-06-02-a-las-6.23.46-p.-m.-150x150.png\" class=\"attachment-thumbnail size-thumbnail wp-image-110\" alt=\"\" srcset=\"https:\/\/observatoirenature.org\/observatorio\/wp-content\/uploads\/2022\/06\/Captura-de-Pantalla-2022-06-02-a-las-6.23.46-p.-m.-150x150.png 150w, https:\/\/observatoirenature.org\/observatorio\/wp-content\/uploads\/2022\/06\/Captura-de-Pantalla-2022-06-02-a-las-6.23.46-p.-m.-250x250.png 250w\" sizes=\"(max-width: 150px) 100vw, 150px\" \/><\/figure><div class=\"elementor-image-box-content\"><p class=\"elementor-image-box-title\">Alexandra Baer<\/p><p class=\"elementor-image-box-description\"><p>Co-head of communications \nRelations with First Nations\n<\/p><\/div><\/div>\t\t\t\t<\/div>\n\t\t\t\t<\/div>\n\t\t\t\t<div class=\"elementor-element elementor-element-be2dd49 elementor-widget elementor-widget-text-editor\" data-id=\"be2dd49\" data-element_type=\"widget\" data-widget_type=\"text-editor.default\">\n\t\t\t\t<div class=\"elementor-widget-container\">\n\t\t\t\t\t\t\t\t\t<p><span style=\"font-weight: 400;\">Alexandra Baer has obtained a bachelor degree in Law from the Universit\u00e9 de Montr\u00e9al. She joined the Observatory in 2019.<\/span><\/p><p><span style=\"font-weight: 400;\">In 2019, she completed a summer school in Costa Rica concerning individual and collective human rights, environmental law, and international and comparative law of indigenous peoples. This experience has made her more aware of the relationship between human beings and nature, which is why she is committed to the International Observatory of Nature\u2019s Rights.<\/span><\/p>\t\t\t\t\t\t\t\t<\/div>\n\t\t\t\t<\/div>\n\t\t\t\t\t<\/div>\n\t\t<\/div>\n\t\t\t\t\t<\/div>\n\t\t<\/section>\n\t\t\t\t<section class=\"elementor-section elementor-inner-section elementor-element elementor-element-1b69e9c elementor-section-boxed elementor-section-height-default elementor-section-height-default\" data-id=\"1b69e9c\" data-element_type=\"section\">\n\t\t\t\t\t\t<div class=\"elementor-container elementor-column-gap-default\">\n\t\t\t\t\t<div class=\"elementor-column elementor-col-100 elementor-inner-column elementor-element elementor-element-e8bf4c9\" data-id=\"e8bf4c9\" data-element_type=\"column\">\n\t\t\t<div class=\"elementor-widget-wrap elementor-element-populated\">\n\t\t\t\t\t\t<div class=\"elementor-element elementor-element-7527370 elementor-position-top elementor-widget elementor-widget-image-box\" data-id=\"7527370\" data-element_type=\"widget\" data-widget_type=\"image-box.default\">\n\t\t\t\t<div class=\"elementor-widget-container\">\n\t\t\t\t\t<div class=\"elementor-image-box-wrapper\"><figure class=\"elementor-image-box-img\"><img loading=\"lazy\" decoding=\"async\" width=\"150\" height=\"150\" src=\"https:\/\/observatoirenature.org\/observatorio\/wp-content\/uploads\/2022\/06\/Captura-de-Pantalla-2022-06-02-a-las-6.22.31-p.-m.-150x150.png\" class=\"attachment-thumbnail size-thumbnail wp-image-106\" alt=\"\" srcset=\"https:\/\/observatoirenature.org\/observatorio\/wp-content\/uploads\/2022\/06\/Captura-de-Pantalla-2022-06-02-a-las-6.22.31-p.-m.-150x150.png 150w, https:\/\/observatoirenature.org\/observatorio\/wp-content\/uploads\/2022\/06\/Captura-de-Pantalla-2022-06-02-a-las-6.22.31-p.-m.-250x250.png 250w\" sizes=\"(max-width: 150px) 100vw, 150px\" \/><\/figure><div class=\"elementor-image-box-content\"><h3 class=\"elementor-image-box-title\">Kayley Laura Lata<\/h3><p class=\"elementor-image-box-description\"><p>Co-head of communications \nHead of political affairs<\/p><\/div><\/div>\t\t\t\t<\/div>\n\t\t\t\t<\/div>\n\t\t\t\t<div class=\"elementor-element elementor-element-d3f34a9 elementor-widget elementor-widget-text-editor\" data-id=\"d3f34a9\" data-element_type=\"widget\" data-widget_type=\"text-editor.default\">\n\t\t\t\t<div class=\"elementor-widget-container\">\n\t\t\t\t\t\t\t\t\t<p><span style=\"font-weight: 400;\">Kayley Laura Lata has obtained a bachelor degree in law from the University of Montreal. She joined the Observatory in 2019.<\/span><\/p><p><span style=\"font-weight: 400;\">She believes that law is an instrument of social change and that daring initiatives such as the St. Lawrence River Alliance challenge the status quo for a better protection of the environment.<\/span><\/p>\t\t\t\t\t\t\t\t<\/div>\n\t\t\t\t<\/div>\n\t\t\t\t\t<\/div>\n\t\t<\/div>\n\t\t\t\t\t<\/div>\n\t\t<\/section>\n\t\t\t\t\t<\/div>\n\t\t<\/div>\n\t\t\t\t\t<\/div>\n\t\t<\/section>\n\t\t\t\t<\/div>\n\t\t","protected":false},"excerpt":{"rendered":"<p>Executive team Yenny Vega C\u00e1rdenas Presidente Yenny Vega Cardenas is a lawyer in Quebec and Colombia with a Master&#8217;s degree in Business Law and a PhD in Water Law. She is a member of the ONU expert Network, Harmony with Nature.\u00a0 She teaches public international and comparative law in many canadian universities, Juridical aspects of [&hellip;]<\/p>\n","protected":false},"author":1,"featured_media":0,"parent":0,"menu_order":0,"comment_status":"closed","ping_status":"closed","template":"","meta":{"site-sidebar-layout":"no-sidebar","site-content-layout":"page-builder","ast-site-content-layout":"default","site-content-style":"default","site-sidebar-style":"default","ast-global-header-display":"","ast-banner-title-visibility":"","ast-main-header-display":"","ast-hfb-above-header-display":"","ast-hfb-below-header-display":"","ast-hfb-mobile-header-display":"","site-post-title":"disabled","ast-breadcrumbs-content":"","ast-featured-img":"disabled","footer-sml-layout":"","ast-disable-related-posts":"","theme-transparent-header-meta":"","adv-header-id-meta":"","stick-header-meta":"","header-above-stick-meta":"","header-main-stick-meta":"","header-below-stick-meta":"","astra-migrate-meta-layouts":"default","ast-page-background-enabled":"default","ast-page-background-meta":{"desktop":{"background-color":"var(--ast-global-color-4)","background-image":"","background-repeat":"repeat","background-position":"center center","background-size":"auto","background-attachment":"scroll","background-type":"","background-media":"","overlay-type":"","overlay-color":"","overlay-opacity":"","overlay-gradient":""},"tablet":{"background-color":"","background-image":"","background-repeat":"repeat","background-position":"center center","background-size":"auto","background-attachment":"scroll","background-type":"","background-media":"","overlay-type":"","overlay-color":"","overlay-opacity":"","overlay-gradient":""},"mobile":{"background-color":"","background-image":"","background-repeat":"repeat","background-position":"center center","background-size":"auto","background-attachment":"scroll","background-type":"","background-media":"","overlay-type":"","overlay-color":"","overlay-opacity":"","overlay-gradient":""}},"ast-content-background-meta":{"desktop":{"background-color":"var(--ast-global-color-5)","background-image":"","background-repeat":"repeat","background-position":"center center","background-size":"auto","background-attachment":"scroll","background-type":"","background-media":"","overlay-type":"","overlay-color":"","overlay-opacity":"","overlay-gradient":""},"tablet":{"background-color":"var(--ast-global-color-5)","background-image":"","background-repeat":"repeat","background-position":"center center","background-size":"auto","background-attachment":"scroll","background-type":"","background-media":"","overlay-type":"","overlay-color":"","overlay-opacity":"","overlay-gradient":""},"mobile":{"background-color":"var(--ast-global-color-5)","background-image":"","background-repeat":"repeat","background-position":"center center","background-size":"auto","background-attachment":"scroll","background-type":"","background-media":"","overlay-type":"","overlay-color":"","overlay-opacity":"","overlay-gradient":""}},"footnotes":""},"class_list":["post-114","page","type-page","status-publish","hentry"],"_links":{"self":[{"href":"https:\/\/observatoirenature.org\/observatorio\/wp-json\/wp\/v2\/pages\/114","targetHints":{"allow":["GET"]}}],"collection":[{"href":"https:\/\/observatoirenature.org\/observatorio\/wp-json\/wp\/v2\/pages"}],"about":[{"href":"https:\/\/observatoirenature.org\/observatorio\/wp-json\/wp\/v2\/types\/page"}],"author":[{"embeddable":true,"href":"https:\/\/observatoirenature.org\/observatorio\/wp-json\/wp\/v2\/users\/1"}],"replies":[{"embeddable":true,"href":"https:\/\/observatoirenature.org\/observatorio\/wp-json\/wp\/v2\/comments?post=114"}],"version-history":[{"count":10,"href":"https:\/\/observatoirenature.org\/observatorio\/wp-json\/wp\/v2\/pages\/114\/revisions"}],"predecessor-version":[{"id":133,"href":"https:\/\/observatoirenature.org\/observatorio\/wp-json\/wp\/v2\/pages\/114\/revisions\/133"}],"wp:attachment":[{"href":"https:\/\/observatoirenature.org\/observatorio\/wp-json\/wp\/v2\/media?parent=114"}],"curies":[{"name":"wp","href":"https:\/\/api.w.org\/{rel}","templated":true}]}}